{"id":7487,"date":"2025-07-02T10:07:29","date_gmt":"2025-07-02T08:07:29","guid":{"rendered":"https:\/\/ratpconnect.com\/?page_id=7487"},"modified":"2026-01-08T16:02:32","modified_gmt":"2026-01-08T14:02:32","slug":"nos-clients","status":"publish","type":"page","link":"https:\/\/ratpconnect.com\/fr\/nos-clients\/","title":{"rendered":"Nos clients"},"content":{"rendered":"<div class=\"gb-container gb-container-b524ee38 page-title\">\n\n<h1 class=\"wp-block-heading page-title__heading\">Rendre accessibles nos infrastructures pour optimiser vos r\u00e9seaux&nbsp;et h\u00e9berger vos donn\u00e9es<br><\/h1>\n\n<\/div>\n\n<div class=\"breadcrumbs align  wp-block-bcn-breadcrumb-trail has-text-color has-background\" vocab=\"https:\/\/schema.org\/\" typeof=\"BreadcrumbList\">\n\t<span><\/span>\n\t<span property=\"itemListElement\" typeof=\"ListItem\"><a property=\"item\" typeof=\"WebPage\" href=\"https:\/\/ratpconnect.com\/fr\/\" class=\"home\" aria-current=\"page\"><span property=\"name\">Accueil<\/span><\/a><meta property=\"position\" content=\"1\"><\/span><\/div>\n\n\n<div class=\"gb-container gb-container-3a683f8a bandeau-intro\">\n<div class=\"gb-container gb-container-eb4741e8 bandeau-intro__inside\">\n\n<h2 class=\"wp-block-heading color-base-3\"><strong><strong><strong>Filiale de la RATP et leader fran\u00e7ais de la fibre optique noire, RATP Connect d\u00e9ploie depuis plus de 20 ans le plus important r\u00e9seau optique d\u2019\u00cele-de-France \u00e0 partir des infrastructures du m\u00e9tro et du RER.<\/strong><br><\/strong><\/strong><\/h2>\n\n\n\n<p class=\"color-base-3\">Nous accompagnons les acteurs publics et priv\u00e9s les plus exigeants \u2013 op\u00e9rateurs, entreprises, collectivit\u00e9s, \u00e9tablissements de recherche et institutions culturelles \u2013 avec des solutions de connectivit\u00e9 tr\u00e8s haut d\u00e9bit et de Edge Hosting \u00e0 haute valeur ajout\u00e9e, alliant proximit\u00e9, s\u00e9curit\u00e9 et excellence de service.<\/p>\n\n<\/div>\n<\/div>\n\n<div class=\"gb-container gb-container-8ef73ccb bloc-service\" role=\"list\">\n<div class=\"gb-container gb-container-e1a47746 bloc-service__item box-shadow--rounded--terciary-1\" role=\"listitem\">\n<div class=\"gb-container gb-container-51e26566 bloc-service__content bg-base-3\">\n<div class=\"gb-container gb-container-cfc22f90 bloc-service__text\">\n\n<h3 class=\"wp-block-heading bloc-service__title\"><strong>Op\u00e9rateurs Telecom<\/strong><\/h3>\n\n\n\n<p class=\"bloc-service__description color-bleu-institutionnel\">Des r\u00e9seaux THD et 4G\/5G ouverts, puissants, souverains<\/p>\n\n<\/div>\n\n<div class=\"gb-container gb-container-193c1a69 bloc-service__action\">\n\n<a class=\"gb-button gb-button-a84d6bfc gb-button-text btn-link btn-link--primary bloc-service__link\" href=\"\/fr\/nos-clients\/operateurs-telecom\/\" aria-label=\"Une offre performante et personnalis\u00e9e : d\u00e9couvrir la suite\"><strong>D\u00e9couvrir la suite<\/strong><\/a>\n\n<\/div>\n<\/div>\n<\/div>\n\n<div class=\"gb-container gb-container-79c49139 bloc-service__item box-shadow--rounded--secondary\" role=\"listitem\">\n<div class=\"gb-container gb-container-aa2eae21 bloc-service__content bg-base-3\">\n<div class=\"gb-container gb-container-c56a49d5 bloc-service__text\">\n\n<h3 class=\"wp-block-heading bloc-service__title\"><strong>Entreprises de services du num\u00e9rique<\/strong><\/h3>\n\n\n\n<p class=\"bloc-service__description color-bleu-institutionnel\">L\u2019infrastructure num\u00e9rique optimis\u00e9e<\/p>\n\n<\/div>\n\n<div class=\"gb-container gb-container-e1507f81 bloc-service__action\">\n\n<a class=\"gb-button gb-button-0ea92b35 gb-button-text btn-link btn-link--primary bloc-service__link\" href=\"\/fr\/nos-clients\/entreprises-de-services-du-numerique\/\" aria-label=\"Notre r\u00e9seau de fibre optique et de datacenters : d\u00e9couvrir la suite\"><strong>D\u00e9couvrir la suite<\/strong><\/a>\n\n<\/div>\n<\/div>\n<\/div>\n\n<div class=\"gb-container gb-container-21cc286e bloc-service__item box-shadow--rounded--terciary-1\" role=\"listitem\">\n<div class=\"gb-container gb-container-2a9f6662 bloc-service__content bg-base-3\">\n<div class=\"gb-container gb-container-657cb81f bloc-service__text\">\n\n<h3 class=\"wp-block-heading bloc-service__title\"><strong><strong><strong>Entreprises priv\u00e9es<\/strong><\/strong><\/strong><\/h3>\n\n\n\n<p class=\"bloc-service__description color-bleu-institutionnel\">La fiabilit\u00e9 et la s\u00e9curit\u00e9 de votre connectivit\u00e9 THD<\/p>\n\n<\/div>\n\n<div class=\"gb-container gb-container-a095d137 bloc-service__action\">\n\n<a class=\"gb-button gb-button-4adcf9c8 gb-button-text btn-link btn-link--primary bloc-service__link\" href=\"\/fr\/nos-clients\/entreprises-privees\/\" aria-label=\"La fibre noire, une technologie fiable et \u00e9conomique : d\u00e9couvrir la suite\"><strong>D\u00e9couvrir la suite<\/strong><\/a>\n\n<\/div>\n<\/div>\n<\/div>\n\n<div class=\"gb-container gb-container-50f79238 bloc-service__item box-shadow--rounded--secondary\" role=\"listitem\">\n<div class=\"gb-container gb-container-41fc21d4 bloc-service__content bg-base-3\">\n<div class=\"gb-container gb-container-9da8faa9 bloc-service__text\">\n\n<h3 class=\"wp-block-heading bloc-service__title\"><strong><strong><strong>Collectivit\u00e9s locales<\/strong><\/strong><\/strong><\/h3>\n\n\n\n<p class=\"bloc-service__description color-bleu-institutionnel\">Le socle num\u00e9rique de territoires durables<\/p>\n\n<\/div>\n\n<div class=\"gb-container gb-container-5c63bf46 bloc-service__action\">\n\n<a class=\"gb-button gb-button-eda5d852 gb-button-text btn-link btn-link--primary bloc-service__link\" href=\"\/fr\/nos-clients\/collectivites-locales\/\" aria-label=\"Notre responsabilit\u00e9 sociale et environnementale : d\u00e9couvrir la suite\"><strong>D\u00e9couvrir la suite<\/strong><\/a>\n\n<\/div>\n<\/div>\n<\/div>\n\n<div class=\"gb-container gb-container-bfdd706b bloc-service__item box-shadow--rounded--terciary-1\" role=\"listitem\">\n<div class=\"gb-container gb-container-ffac9f05 bloc-service__content bg-base-3\">\n<div class=\"gb-container gb-container-e165b778 bloc-service__text\">\n\n<h3 class=\"wp-block-heading bloc-service__title\"><strong><strong><strong><strong>\u00c9tablissements d\u2019enseignement sup\u00e9rieur et de recherche<\/strong><\/strong><\/strong><\/strong><\/h3>\n\n\n\n<p class=\"bloc-service__description color-bleu-institutionnel\">La bande passante de l\u2019innovation<\/p>\n\n<\/div>\n\n<div class=\"gb-container gb-container-d3f19c84 bloc-service__action\">\n\n<a class=\"gb-button gb-button-dad7177c gb-button-text btn-link btn-link--primary bloc-service__link\" href=\"\/fr\/nos-clients\/etablissements-denseignement-superieur-et-de-recherche\/\" aria-label=\"Notre responsabilit\u00e9 sociale et environnementale : d\u00e9couvrir la suite\"><strong>D\u00e9couvrir la suite<\/strong><\/a>\n\n<\/div>\n<\/div>\n<\/div>\n\n<div class=\"gb-container gb-container-06d99f13 bloc-service__item box-shadow--rounded--secondary\" role=\"listitem\">\n<div class=\"gb-container gb-container-0c3d977b bloc-service__content bg-base-3\">\n<div class=\"gb-container gb-container-99cecf1e bloc-service__text\">\n\n<h3 class=\"wp-block-heading bloc-service__title\"><strong><strong><strong><strong><strong>Mus\u00e9es et institutions culturelles<\/strong><\/strong><\/strong><\/strong><\/strong><\/h3>\n\n\n\n<p class=\"bloc-service__description color-bleu-institutionnel\">Le digital au service de votre ambition culturelle<\/p>\n\n<\/div>\n\n<div class=\"gb-container gb-container-7d135d8f bloc-service__action\">\n\n<a class=\"gb-button gb-button-86cc1425 gb-button-text btn-link btn-link--primary bloc-service__link\" href=\"\/fr\/nos-clients\/musees-et-institutions-culturelles\/\" aria-label=\"Notre responsabilit\u00e9 sociale et environnementale : d\u00e9couvrir la suite\"><strong>D\u00e9couvrir la suite<\/strong><\/a>\n\n<\/div>\n<\/div>\n<\/div>\n<\/div>\n\n<div class=\"gb-container gb-container-bf6d981e illu-background-container\">\n<div class=\"gb-container gb-container-ff36d9e5 illu-background-topcover\"><\/div>\n\n\n<figure class=\"wp-block-image size-full illustration-background-circle\"><img decoding=\"async\" src=\"https:\/\/ratpconnect.com\/wp-content\/uploads\/2023\/12\/Forme_BG_Cercle_Right.svg\" alt=\"\" class=\"wp-image-3860\" style=\"object-fit:cover\"\/><\/figure>\n\n<\/div>","protected":false},"excerpt":{"rendered":"<p>Rendre accessibles nos infrastructures pour optimiser vos r\u00e9seaux&nbsp;et h\u00e9berger vos donn\u00e9es Filiale de la RATP et leader fran\u00e7ais de la fibre optique noire, RATP Connect d\u00e9ploie depuis plus de 20 ans le plus important r\u00e9seau optique d\u2019\u00cele-de-France \u00e0 partir des infrastructures du m\u00e9tro et du RER. Nous accompagnons les acteurs publics et priv\u00e9s les plus &#8230; <a title=\"Nos clients\" class=\"read-more\" href=\"https:\/\/ratpconnect.com\/fr\/nos-clients\/\" aria-label=\"En savoir plus sur Nos clients\">Lire plus<\/a><\/p>\n","protected":false},"author":4,"featured_media":0,"parent":0,"menu_order":0,"comment_status":"closed","ping_status":"closed","template":"","meta":{"footnotes":""},"class_list":["post-7487","page","type-page","status-publish"],"yoast_head":"<!-- This site is optimized with the Yoast SEO plugin v27.3 - https:\/\/yoast.com\/product\/yoast-seo-wordpress\/ -->\n<title>Op\u00e9rateur d&#039;infrastructure fibre optique : nos clients - RATP Connect<\/title>\n<meta name=\"description\" content=\"Nous accompagnons les acteurs publics et priv\u00e9s les plus exigeants: op\u00e9rateurs, entreprises, collectivit\u00e9s, \u00e9tablissements de recherche et institutions culturelles.\" \/>\n<meta name=\"robots\" content=\"index, follow, max-snippet:-1, max-image-preview:large, max-video-preview:-1\" \/>\n<link rel=\"canonical\" href=\"https:\/\/ratpconnect.com\/fr\/nos-clients\/\" \/>\n<meta property=\"og:locale\" content=\"fr_FR\" \/>\n<meta property=\"og:type\" content=\"article\" \/>\n<meta property=\"og:title\" content=\"Op\u00e9rateur d&#039;infrastructure fibre optique : nos clients - RATP Connect\" \/>\n<meta property=\"og:description\" content=\"Nous accompagnons les acteurs publics et priv\u00e9s les plus exigeants: op\u00e9rateurs, entreprises, collectivit\u00e9s, \u00e9tablissements de recherche et institutions culturelles.\" \/>\n<meta property=\"og:url\" content=\"https:\/\/ratpconnect.com\/fr\/nos-clients\/\" \/>\n<meta property=\"og:site_name\" content=\"RATP Connect\" \/>\n<meta property=\"article:modified_time\" content=\"2026-01-08T14:02:32+00:00\" \/>\n<meta name=\"twitter:card\" content=\"summary_large_image\" \/>\n<meta name=\"twitter:label1\" content=\"Dur\u00e9e de lecture estim\u00e9e\" \/>\n\t<meta name=\"twitter:data1\" content=\"2 minutes\" \/>\n<script type=\"application\/ld+json\" class=\"yoast-schema-graph\">{\"@context\":\"https:\\\/\\\/schema.org\",\"@graph\":[{\"@type\":\"WebPage\",\"@id\":\"https:\\\/\\\/ratpconnect.com\\\/nos-clients\\\/\",\"url\":\"https:\\\/\\\/ratpconnect.com\\\/nos-clients\\\/\",\"name\":\"Op\u00e9rateur d'infrastructure fibre optique : nos clients - RATP Connect\",\"isPartOf\":{\"@id\":\"https:\\\/\\\/ratpconnect.com\\\/#website\"},\"primaryImageOfPage\":{\"@id\":\"https:\\\/\\\/ratpconnect.com\\\/nos-clients\\\/#primaryimage\"},\"image\":{\"@id\":\"https:\\\/\\\/ratpconnect.com\\\/nos-clients\\\/#primaryimage\"},\"thumbnailUrl\":\"https:\\\/\\\/ratpconnect.com\\\/wp-content\\\/uploads\\\/2023\\\/12\\\/Forme_BG_Cercle_Right.svg\",\"datePublished\":\"2025-07-02T08:07:29+00:00\",\"dateModified\":\"2026-01-08T14:02:32+00:00\",\"description\":\"Nous accompagnons les acteurs publics et priv\u00e9s les plus exigeants: op\u00e9rateurs, entreprises, collectivit\u00e9s, \u00e9tablissements de recherche et institutions culturelles.\",\"breadcrumb\":{\"@id\":\"https:\\\/\\\/ratpconnect.com\\\/nos-clients\\\/#breadcrumb\"},\"inLanguage\":\"fr-FR\",\"potentialAction\":[{\"@type\":\"ReadAction\",\"target\":[\"https:\\\/\\\/ratpconnect.com\\\/nos-clients\\\/\"]}]},{\"@type\":\"ImageObject\",\"inLanguage\":\"fr-FR\",\"@id\":\"https:\\\/\\\/ratpconnect.com\\\/nos-clients\\\/#primaryimage\",\"url\":\"https:\\\/\\\/ratpconnect.com\\\/wp-content\\\/uploads\\\/2023\\\/12\\\/Forme_BG_Cercle_Right.svg\",\"contentUrl\":\"https:\\\/\\\/ratpconnect.com\\\/wp-content\\\/uploads\\\/2023\\\/12\\\/Forme_BG_Cercle_Right.svg\"},{\"@type\":\"BreadcrumbList\",\"@id\":\"https:\\\/\\\/ratpconnect.com\\\/nos-clients\\\/#breadcrumb\",\"itemListElement\":[{\"@type\":\"ListItem\",\"position\":1,\"name\":\"Accueil\",\"item\":\"https:\\\/\\\/ratpconnect.com\\\/\"},{\"@type\":\"ListItem\",\"position\":2,\"name\":\"Nos clients\"}]},{\"@type\":\"WebSite\",\"@id\":\"https:\\\/\\\/ratpconnect.com\\\/#website\",\"url\":\"https:\\\/\\\/ratpconnect.com\\\/\",\"name\":\"RATP Connect\",\"description\":\"\",\"publisher\":{\"@id\":\"https:\\\/\\\/ratpconnect.com\\\/#organization\"},\"potentialAction\":[{\"@type\":\"SearchAction\",\"target\":{\"@type\":\"EntryPoint\",\"urlTemplate\":\"https:\\\/\\\/ratpconnect.com\\\/?s={search_term_string}\"},\"query-input\":{\"@type\":\"PropertyValueSpecification\",\"valueRequired\":true,\"valueName\":\"search_term_string\"}}],\"inLanguage\":\"fr-FR\"},{\"@type\":\"Organization\",\"@id\":\"https:\\\/\\\/ratpconnect.com\\\/#organization\",\"name\":\"RATP Cap \u00cele-de-France\",\"url\":\"https:\\\/\\\/ratpconnect.com\\\/\",\"logo\":{\"@type\":\"ImageObject\",\"inLanguage\":\"fr-FR\",\"@id\":\"https:\\\/\\\/ratpconnect.com\\\/#\\\/schema\\\/logo\\\/image\\\/\",\"url\":\"https:\\\/\\\/ratpconnect.com\\\/wp-content\\\/uploads\\\/2024\\\/10\\\/LogosConnect.svg\",\"contentUrl\":\"https:\\\/\\\/ratpconnect.com\\\/wp-content\\\/uploads\\\/2024\\\/10\\\/LogosConnect.svg\",\"caption\":\"RATP Cap \u00cele-de-France\"},\"image\":{\"@id\":\"https:\\\/\\\/ratpconnect.com\\\/#\\\/schema\\\/logo\\\/image\\\/\"}}]}<\/script>\n<!-- \/ Yoast SEO plugin. -->","yoast_head_json":{"title":"Op\u00e9rateur d'infrastructure fibre optique : nos clients - RATP Connect","description":"Nous accompagnons les acteurs publics et priv\u00e9s les plus exigeants: op\u00e9rateurs, entreprises, collectivit\u00e9s, \u00e9tablissements de recherche et institutions culturelles.","robots":{"index":"index","follow":"follow","max-snippet":"max-snippet:-1","max-image-preview":"max-image-preview:large","max-video-preview":"max-video-preview:-1"},"canonical":"https:\/\/ratpconnect.com\/fr\/nos-clients\/","og_locale":"fr_FR","og_type":"article","og_title":"Op\u00e9rateur d'infrastructure fibre optique : nos clients - RATP Connect","og_description":"Nous accompagnons les acteurs publics et priv\u00e9s les plus exigeants: op\u00e9rateurs, entreprises, collectivit\u00e9s, \u00e9tablissements de recherche et institutions culturelles.","og_url":"https:\/\/ratpconnect.com\/fr\/nos-clients\/","og_site_name":"RATP Connect","article_modified_time":"2026-01-08T14:02:32+00:00","twitter_card":"summary_large_image","twitter_misc":{"Dur\u00e9e de lecture estim\u00e9e":"2 minutes"},"schema":{"@context":"https:\/\/schema.org","@graph":[{"@type":"WebPage","@id":"https:\/\/ratpconnect.com\/nos-clients\/","url":"https:\/\/ratpconnect.com\/nos-clients\/","name":"Op\u00e9rateur d'infrastructure fibre optique : nos clients - RATP Connect","isPartOf":{"@id":"https:\/\/ratpconnect.com\/#website"},"primaryImageOfPage":{"@id":"https:\/\/ratpconnect.com\/nos-clients\/#primaryimage"},"image":{"@id":"https:\/\/ratpconnect.com\/nos-clients\/#primaryimage"},"thumbnailUrl":"https:\/\/ratpconnect.com\/wp-content\/uploads\/2023\/12\/Forme_BG_Cercle_Right.svg","datePublished":"2025-07-02T08:07:29+00:00","dateModified":"2026-01-08T14:02:32+00:00","description":"Nous accompagnons les acteurs publics et priv\u00e9s les plus exigeants: op\u00e9rateurs, entreprises, collectivit\u00e9s, \u00e9tablissements de recherche et institutions culturelles.","breadcrumb":{"@id":"https:\/\/ratpconnect.com\/nos-clients\/#breadcrumb"},"inLanguage":"fr-FR","potentialAction":[{"@type":"ReadAction","target":["https:\/\/ratpconnect.com\/nos-clients\/"]}]},{"@type":"ImageObject","inLanguage":"fr-FR","@id":"https:\/\/ratpconnect.com\/nos-clients\/#primaryimage","url":"https:\/\/ratpconnect.com\/wp-content\/uploads\/2023\/12\/Forme_BG_Cercle_Right.svg","contentUrl":"https:\/\/ratpconnect.com\/wp-content\/uploads\/2023\/12\/Forme_BG_Cercle_Right.svg"},{"@type":"BreadcrumbList","@id":"https:\/\/ratpconnect.com\/nos-clients\/#breadcrumb","itemListElement":[{"@type":"ListItem","position":1,"name":"Accueil","item":"https:\/\/ratpconnect.com\/"},{"@type":"ListItem","position":2,"name":"Nos clients"}]},{"@type":"WebSite","@id":"https:\/\/ratpconnect.com\/#website","url":"https:\/\/ratpconnect.com\/","name":"RATP Connect","description":"","publisher":{"@id":"https:\/\/ratpconnect.com\/#organization"},"potentialAction":[{"@type":"SearchAction","target":{"@type":"EntryPoint","urlTemplate":"https:\/\/ratpconnect.com\/?s={search_term_string}"},"query-input":{"@type":"PropertyValueSpecification","valueRequired":true,"valueName":"search_term_string"}}],"inLanguage":"fr-FR"},{"@type":"Organization","@id":"https:\/\/ratpconnect.com\/#organization","name":"RATP Cap \u00cele-de-France","url":"https:\/\/ratpconnect.com\/","logo":{"@type":"ImageObject","inLanguage":"fr-FR","@id":"https:\/\/ratpconnect.com\/#\/schema\/logo\/image\/","url":"https:\/\/ratpconnect.com\/wp-content\/uploads\/2024\/10\/LogosConnect.svg","contentUrl":"https:\/\/ratpconnect.com\/wp-content\/uploads\/2024\/10\/LogosConnect.svg","caption":"RATP Cap \u00cele-de-France"},"image":{"@id":"https:\/\/ratpconnect.com\/#\/schema\/logo\/image\/"}}]}},"_links":{"self":[{"href":"https:\/\/ratpconnect.com\/fr\/wp-json\/wp\/v2\/pages\/7487","targetHints":{"allow":["GET"]}}],"collection":[{"href":"https:\/\/ratpconnect.com\/fr\/wp-json\/wp\/v2\/pages"}],"about":[{"href":"https:\/\/ratpconnect.com\/fr\/wp-json\/wp\/v2\/types\/page"}],"author":[{"embeddable":true,"href":"https:\/\/ratpconnect.com\/fr\/wp-json\/wp\/v2\/users\/4"}],"replies":[{"embeddable":true,"href":"https:\/\/ratpconnect.com\/fr\/wp-json\/wp\/v2\/comments?post=7487"}],"version-history":[{"count":7,"href":"https:\/\/ratpconnect.com\/fr\/wp-json\/wp\/v2\/pages\/7487\/revisions"}],"predecessor-version":[{"id":7730,"href":"https:\/\/ratpconnect.com\/fr\/wp-json\/wp\/v2\/pages\/7487\/revisions\/7730"}],"wp:attachment":[{"href":"https:\/\/ratpconnect.com\/fr\/wp-json\/wp\/v2\/media?parent=7487"}],"curies":[{"name":"wp","href":"https:\/\/api.w.org\/{rel}","templated":true}]}}