{"id":7483,"date":"2025-07-02T09:56:50","date_gmt":"2025-07-02T07:56:50","guid":{"rendered":"https:\/\/ratpconnect.com\/?page_id=7483"},"modified":"2025-07-02T09:59:42","modified_gmt":"2025-07-02T07:59:42","slug":"edge-hosting-un-hebergement-souverain-securise-et-local","status":"publish","type":"page","link":"https:\/\/ratpconnect.com\/fr\/nos-solutions\/edge-hosting-un-hebergement-souverain-securise-et-local\/","title":{"rendered":"Edge Hosting, un h\u00e9bergement souverain, s\u00e9curis\u00e9 et local"},"content":{"rendered":"<div class=\"gb-container gb-container-ec254eff page-title\">\n\n<h1 class=\"wp-block-heading page-title__heading\">Edge Hosting, un h\u00e9bergement souverain, s\u00e9curis\u00e9 et local<\/h1>\n\n<\/div>\n\n<div class=\"breadcrumbs align  wp-block-bcn-breadcrumb-trail has-text-color has-background\" vocab=\"https:\/\/schema.org\/\" typeof=\"BreadcrumbList\">\n\t<span><\/span>\n\t<span property=\"itemListElement\" typeof=\"ListItem\"><a property=\"item\" typeof=\"WebPage\" href=\"https:\/\/ratpconnect.com\/fr\/\" class=\"home\" aria-current=\"page\"><span property=\"name\">Accueil<\/span><\/a><meta property=\"position\" content=\"1\"><\/span><\/div>\n\n\n<div class=\"gb-container gb-container-bbacd815 bandeau-intro\">\n<div class=\"gb-container gb-container-7387bdc5 bandeau-intro__inside\">\n\n<h2 class=\"wp-block-heading mb-0 color-base-3\"><strong><strong><strong>Acc\u00e9l\u00e9rer la transformation digitale des entreprises et collectivit\u00e9s gr\u00e2ce \u00e0 un h\u00e9bergement de proximit\u00e9<\/strong><\/strong><\/strong><\/h2>\n\n\n\n<p class=\"mb-0 color-base-3\">Pour r\u00e9pondre aux enjeux croissants de souverainet\u00e9, de s\u00e9curit\u00e9 et de performance des donn\u00e9es, RATP Connect et Connect Grand Paris proposent une solution d\u2019Edge Hosting robuste, \u00e9volutive et 100 % fran\u00e7aise. Adoss\u00e9e au plus vaste r\u00e9seau fibre optique souterrain d\u2019\u00cele-de-France et aux infrastructures strat\u00e9giques du Grand Paris Express, notre offre permet aux entreprises, op\u00e9rateurs, collectivit\u00e9s et institutions de b\u00e9n\u00e9ficier d\u2019un h\u00e9bergement localis\u00e9, s\u00e9curis\u00e9 et conforme aux exigences r\u00e9glementaires europ\u00e9ennes.<br>Une r\u00e9ponse concr\u00e8te \u00e0 la croissance des volumes de donn\u00e9es, aux imp\u00e9ratifs de proximit\u00e9 et aux besoins de r\u00e9silience num\u00e9rique.<\/p>\n\n<\/div>\n<\/div>\n\n<div class=\"gb-container gb-container-d07c0060 img-block-right__container\">\n<div class=\"gb-container gb-container-a5a13a21 img-block-right__sub-container\">\n<div class=\"gb-container gb-container-4ccd2a2c img-block-right__image-wrapper\">\n<div class=\"gb-container gb-container-b4ae217c img-block-right__image-container\">\n<div class=\"gb-container gb-container-23882782 img-block-right__image-content box-shadowu002du002droundedu002du002dsecondary\">\n<div class=\"wp-block-image img-block-right__image\">\n<figure class=\"aligncenter size-full\"><img loading=\"lazy\" decoding=\"async\" width=\"476\" height=\"510\" src=\"https:\/\/ratpconnect.com\/wp-content\/uploads\/2023\/11\/fibrenoire-ratp.webp\" alt=\"\" class=\"wp-image-2105\" style=\"object-fit:cover\" srcset=\"https:\/\/ratpconnect.com\/wp-content\/uploads\/2023\/11\/fibrenoire-ratp.webp 476w, https:\/\/ratpconnect.com\/wp-content\/uploads\/2023\/11\/fibrenoire-ratp-280x300.webp 280w\" sizes=\"auto, (max-width: 476px) 100vw, 476px\" \/><\/figure>\n<\/div>\n<\/div>\n<\/div>\n<\/div>\n\n<div class=\"gb-container gb-container-13011404 img-block-right__content border-line-full-pageu002du002drightu002du002dprimary\">\n<div class=\"gb-container gb-container-4cedf3e1 img-block-right__header\">\n<div class=\"gb-container gb-container-37f9fe6d img-block-right__header-content\">\n<div class=\"gb-container gb-container-68232e4d img-block-right__text-container\">\n\n<h3 class=\"wp-block-heading block-text-right__subtitle mb-0\"><strong>H\u00e9bergement de proximit\u00e9<\/strong><\/h3>\n\n\n\n<p>Avec plus de 150 salles d\u2019h\u00e9bergement r\u00e9parties dans les gares du Grand Paris Express, nos solutions offrent une latence r\u00e9duite et une connectivit\u00e9 directe \u00e0 vos syst\u00e8mes, pour des services au plus pr\u00e8s de vos utilisateurs et de vos applications critiques.<\/p>\n\n\n\n<h3 class=\"wp-block-heading block-text-right__subtitle mb-0\"><strong>Souverainet\u00e9 et conformit\u00e9<\/strong><\/h3>\n\n\n\n<p>Une offre 100 % fran\u00e7aise, conforme aux r\u00e9glementations europ\u00e9ennes, con\u00e7ue pour garantir la ma\u00eetrise et la s\u00e9curit\u00e9 de vos donn\u00e9es strat\u00e9giques. L\u2019expertise de la RATP et la solidit\u00e9 de ses partenaires assurent la p\u00e9rennit\u00e9 de votre infrastructure.<\/p>\n\n\n\n<h3 class=\"wp-block-heading block-text-right__subtitle mb-0\"><strong>S\u00e9curit\u00e9 maximale<\/strong><\/h3>\n\n\n\n<p>Nos infrastructures souterraines b\u00e9n\u00e9ficient d\u2019une redondance g\u00e9ographique et d\u2019un haut niveau de protection (acc\u00e8s 24\/7, GTR 4h), afin de garantir la r\u00e9silience de vos environnements num\u00e9riques.<\/p>\n\n\n\n<h3 class=\"wp-block-heading block-text-right__subtitle mb-0\"><strong>Infrastructure \u00e9volutive et adaptable<\/strong><\/h3>\n\n\n\n<p>Des solutions pens\u00e9es pour \u00e9voluer avec vos usages : crossconnects inter-sites, baies adapt\u00e9es aux besoins sp\u00e9cifiques.\u00a0<\/p>\n\n<\/div>\n<\/div>\n<\/div>\n<\/div>\n<\/div>\n<\/div>\n\n<div class=\"gb-container gb-container-c5ca65df illu-background-container\">\n<div class=\"gb-container gb-container-df820017 illu-background-topcover\"><\/div>\n\n\n<figure class=\"wp-block-image size-full illustration-background-circle-left\"><img decoding=\"async\" src=\"https:\/\/ratpconnect.com\/wp-content\/uploads\/2023\/12\/Forme_BG_Cercle_Left.svg\" alt=\"\" class=\"wp-image-4056\"\/><\/figure>\n\n\n\n<figure class=\"wp-block-image size-full illustration-background-circle-left--opposite\"><img decoding=\"async\" src=\"https:\/\/ratpconnect.com\/wp-content\/uploads\/2024\/03\/Forme_BG_Cercle_Right.svg\" alt=\"\" class=\"wp-image-5461\"\/><\/figure>\n\n<\/div>","protected":false},"excerpt":{"rendered":"<p>Edge Hosting, un h\u00e9bergement souverain, s\u00e9curis\u00e9 et local Acc\u00e9l\u00e9rer la transformation digitale des entreprises et collectivit\u00e9s gr\u00e2ce \u00e0 un h\u00e9bergement de proximit\u00e9 Pour r\u00e9pondre aux enjeux croissants de souverainet\u00e9, de s\u00e9curit\u00e9 et de performance des donn\u00e9es, RATP Connect et Connect Grand Paris proposent une solution d\u2019Edge Hosting robuste, \u00e9volutive et 100 % fran\u00e7aise. Adoss\u00e9e au &#8230; <a title=\"Edge Hosting, un h\u00e9bergement souverain, s\u00e9curis\u00e9 et local\" class=\"read-more\" href=\"https:\/\/ratpconnect.com\/fr\/nos-solutions\/edge-hosting-un-hebergement-souverain-securise-et-local\/\" aria-label=\"En savoir plus sur Edge Hosting, un h\u00e9bergement souverain, s\u00e9curis\u00e9 et local\">Lire plus<\/a><\/p>\n","protected":false},"author":4,"featured_media":2105,"parent":2,"menu_order":0,"comment_status":"closed","ping_status":"closed","template":"","meta":{"footnotes":""},"class_list":["post-7483","page","type-page","status-publish","has-post-thumbnail"],"yoast_head":"<!-- This site is optimized with the Yoast SEO plugin v27.3 - https:\/\/yoast.com\/product\/yoast-seo-wordpress\/ -->\n<title>Edge Hosting, un h\u00e9bergement souverain, s\u00e9curis\u00e9 et local - RATP Connect<\/title>\n<meta name=\"description\" content=\"Acc\u00e9l\u00e9rer la transformation digitale des entreprises et collectivit\u00e9s gr\u00e2ce \u00e0 un h\u00e9bergement de proximit\u00e9.\" \/>\n<meta name=\"robots\" content=\"index, follow, max-snippet:-1, max-image-preview:large, max-video-preview:-1\" \/>\n<link rel=\"canonical\" href=\"https:\/\/ratpconnect.com\/fr\/nos-solutions\/edge-hosting-un-hebergement-souverain-securise-et-local\/\" \/>\n<meta property=\"og:locale\" content=\"fr_FR\" \/>\n<meta property=\"og:type\" content=\"article\" \/>\n<meta property=\"og:title\" content=\"Edge Hosting, un h\u00e9bergement souverain, s\u00e9curis\u00e9 et local - RATP Connect\" \/>\n<meta property=\"og:description\" content=\"Acc\u00e9l\u00e9rer la transformation digitale des entreprises et collectivit\u00e9s gr\u00e2ce \u00e0 un h\u00e9bergement de proximit\u00e9.\" \/>\n<meta property=\"og:url\" content=\"https:\/\/ratpconnect.com\/fr\/nos-solutions\/edge-hosting-un-hebergement-souverain-securise-et-local\/\" \/>\n<meta property=\"og:site_name\" content=\"RATP Connect\" \/>\n<meta property=\"article:modified_time\" content=\"2025-07-02T07:59:42+00:00\" \/>\n<meta property=\"og:image\" content=\"https:\/\/ratpconnect.com\/wp-content\/uploads\/2023\/11\/fibrenoire-ratp.webp\" \/>\n\t<meta property=\"og:image:width\" content=\"476\" \/>\n\t<meta property=\"og:image:height\" content=\"510\" \/>\n\t<meta property=\"og:image:type\" content=\"image\/webp\" \/>\n<meta name=\"twitter:card\" content=\"summary_large_image\" \/>\n<meta name=\"twitter:label1\" content=\"Dur\u00e9e de lecture estim\u00e9e\" \/>\n\t<meta name=\"twitter:data1\" content=\"3 minutes\" \/>\n<script type=\"application\/ld+json\" class=\"yoast-schema-graph\">{\"@context\":\"https:\\\/\\\/schema.org\",\"@graph\":[{\"@type\":\"WebPage\",\"@id\":\"https:\\\/\\\/ratpconnect.com\\\/nos-solutions\\\/edge-hosting-un-hebergement-souverain-securise-et-local\\\/\",\"url\":\"https:\\\/\\\/ratpconnect.com\\\/nos-solutions\\\/edge-hosting-un-hebergement-souverain-securise-et-local\\\/\",\"name\":\"Edge Hosting, un h\u00e9bergement souverain, s\u00e9curis\u00e9 et local - RATP Connect\",\"isPartOf\":{\"@id\":\"https:\\\/\\\/ratpconnect.com\\\/#website\"},\"primaryImageOfPage\":{\"@id\":\"https:\\\/\\\/ratpconnect.com\\\/nos-solutions\\\/edge-hosting-un-hebergement-souverain-securise-et-local\\\/#primaryimage\"},\"image\":{\"@id\":\"https:\\\/\\\/ratpconnect.com\\\/nos-solutions\\\/edge-hosting-un-hebergement-souverain-securise-et-local\\\/#primaryimage\"},\"thumbnailUrl\":\"https:\\\/\\\/ratpconnect.com\\\/wp-content\\\/uploads\\\/2023\\\/11\\\/fibrenoire-ratp.webp\",\"datePublished\":\"2025-07-02T07:56:50+00:00\",\"dateModified\":\"2025-07-02T07:59:42+00:00\",\"description\":\"Acc\u00e9l\u00e9rer la transformation digitale des entreprises et collectivit\u00e9s gr\u00e2ce \u00e0 un h\u00e9bergement de proximit\u00e9.\",\"breadcrumb\":{\"@id\":\"https:\\\/\\\/ratpconnect.com\\\/nos-solutions\\\/edge-hosting-un-hebergement-souverain-securise-et-local\\\/#breadcrumb\"},\"inLanguage\":\"fr-FR\",\"potentialAction\":[{\"@type\":\"ReadAction\",\"target\":[\"https:\\\/\\\/ratpconnect.com\\\/nos-solutions\\\/edge-hosting-un-hebergement-souverain-securise-et-local\\\/\"]}]},{\"@type\":\"ImageObject\",\"inLanguage\":\"fr-FR\",\"@id\":\"https:\\\/\\\/ratpconnect.com\\\/nos-solutions\\\/edge-hosting-un-hebergement-souverain-securise-et-local\\\/#primaryimage\",\"url\":\"https:\\\/\\\/ratpconnect.com\\\/wp-content\\\/uploads\\\/2023\\\/11\\\/fibrenoire-ratp.webp\",\"contentUrl\":\"https:\\\/\\\/ratpconnect.com\\\/wp-content\\\/uploads\\\/2023\\\/11\\\/fibrenoire-ratp.webp\",\"width\":476,\"height\":510},{\"@type\":\"BreadcrumbList\",\"@id\":\"https:\\\/\\\/ratpconnect.com\\\/nos-solutions\\\/edge-hosting-un-hebergement-souverain-securise-et-local\\\/#breadcrumb\",\"itemListElement\":[{\"@type\":\"ListItem\",\"position\":1,\"name\":\"Accueil\",\"item\":\"https:\\\/\\\/ratpconnect.com\\\/\"},{\"@type\":\"ListItem\",\"position\":2,\"name\":\"Nos solutions\",\"item\":\"https:\\\/\\\/ratpconnect.com\\\/nos-solutions\\\/\"},{\"@type\":\"ListItem\",\"position\":3,\"name\":\"Edge Hosting, un h\u00e9bergement souverain, s\u00e9curis\u00e9 et local\"}]},{\"@type\":\"WebSite\",\"@id\":\"https:\\\/\\\/ratpconnect.com\\\/#website\",\"url\":\"https:\\\/\\\/ratpconnect.com\\\/\",\"name\":\"RATP Connect\",\"description\":\"\",\"publisher\":{\"@id\":\"https:\\\/\\\/ratpconnect.com\\\/#organization\"},\"potentialAction\":[{\"@type\":\"SearchAction\",\"target\":{\"@type\":\"EntryPoint\",\"urlTemplate\":\"https:\\\/\\\/ratpconnect.com\\\/?s={search_term_string}\"},\"query-input\":{\"@type\":\"PropertyValueSpecification\",\"valueRequired\":true,\"valueName\":\"search_term_string\"}}],\"inLanguage\":\"fr-FR\"},{\"@type\":\"Organization\",\"@id\":\"https:\\\/\\\/ratpconnect.com\\\/#organization\",\"name\":\"RATP Cap \u00cele-de-France\",\"url\":\"https:\\\/\\\/ratpconnect.com\\\/\",\"logo\":{\"@type\":\"ImageObject\",\"inLanguage\":\"fr-FR\",\"@id\":\"https:\\\/\\\/ratpconnect.com\\\/#\\\/schema\\\/logo\\\/image\\\/\",\"url\":\"https:\\\/\\\/ratpconnect.com\\\/wp-content\\\/uploads\\\/2024\\\/10\\\/LogosConnect.svg\",\"contentUrl\":\"https:\\\/\\\/ratpconnect.com\\\/wp-content\\\/uploads\\\/2024\\\/10\\\/LogosConnect.svg\",\"caption\":\"RATP Cap \u00cele-de-France\"},\"image\":{\"@id\":\"https:\\\/\\\/ratpconnect.com\\\/#\\\/schema\\\/logo\\\/image\\\/\"}}]}<\/script>\n<!-- \/ Yoast SEO plugin. -->","yoast_head_json":{"title":"Edge Hosting, un h\u00e9bergement souverain, s\u00e9curis\u00e9 et local - RATP Connect","description":"Acc\u00e9l\u00e9rer la transformation digitale des entreprises et collectivit\u00e9s gr\u00e2ce \u00e0 un h\u00e9bergement de proximit\u00e9.","robots":{"index":"index","follow":"follow","max-snippet":"max-snippet:-1","max-image-preview":"max-image-preview:large","max-video-preview":"max-video-preview:-1"},"canonical":"https:\/\/ratpconnect.com\/fr\/nos-solutions\/edge-hosting-un-hebergement-souverain-securise-et-local\/","og_locale":"fr_FR","og_type":"article","og_title":"Edge Hosting, un h\u00e9bergement souverain, s\u00e9curis\u00e9 et local - RATP Connect","og_description":"Acc\u00e9l\u00e9rer la transformation digitale des entreprises et collectivit\u00e9s gr\u00e2ce \u00e0 un h\u00e9bergement de proximit\u00e9.","og_url":"https:\/\/ratpconnect.com\/fr\/nos-solutions\/edge-hosting-un-hebergement-souverain-securise-et-local\/","og_site_name":"RATP Connect","article_modified_time":"2025-07-02T07:59:42+00:00","og_image":[{"width":476,"height":510,"url":"https:\/\/ratpconnect.com\/wp-content\/uploads\/2023\/11\/fibrenoire-ratp.webp","type":"image\/webp"}],"twitter_card":"summary_large_image","twitter_misc":{"Dur\u00e9e de lecture estim\u00e9e":"3 minutes"},"schema":{"@context":"https:\/\/schema.org","@graph":[{"@type":"WebPage","@id":"https:\/\/ratpconnect.com\/nos-solutions\/edge-hosting-un-hebergement-souverain-securise-et-local\/","url":"https:\/\/ratpconnect.com\/nos-solutions\/edge-hosting-un-hebergement-souverain-securise-et-local\/","name":"Edge Hosting, un h\u00e9bergement souverain, s\u00e9curis\u00e9 et local - RATP Connect","isPartOf":{"@id":"https:\/\/ratpconnect.com\/#website"},"primaryImageOfPage":{"@id":"https:\/\/ratpconnect.com\/nos-solutions\/edge-hosting-un-hebergement-souverain-securise-et-local\/#primaryimage"},"image":{"@id":"https:\/\/ratpconnect.com\/nos-solutions\/edge-hosting-un-hebergement-souverain-securise-et-local\/#primaryimage"},"thumbnailUrl":"https:\/\/ratpconnect.com\/wp-content\/uploads\/2023\/11\/fibrenoire-ratp.webp","datePublished":"2025-07-02T07:56:50+00:00","dateModified":"2025-07-02T07:59:42+00:00","description":"Acc\u00e9l\u00e9rer la transformation digitale des entreprises et collectivit\u00e9s gr\u00e2ce \u00e0 un h\u00e9bergement de proximit\u00e9.","breadcrumb":{"@id":"https:\/\/ratpconnect.com\/nos-solutions\/edge-hosting-un-hebergement-souverain-securise-et-local\/#breadcrumb"},"inLanguage":"fr-FR","potentialAction":[{"@type":"ReadAction","target":["https:\/\/ratpconnect.com\/nos-solutions\/edge-hosting-un-hebergement-souverain-securise-et-local\/"]}]},{"@type":"ImageObject","inLanguage":"fr-FR","@id":"https:\/\/ratpconnect.com\/nos-solutions\/edge-hosting-un-hebergement-souverain-securise-et-local\/#primaryimage","url":"https:\/\/ratpconnect.com\/wp-content\/uploads\/2023\/11\/fibrenoire-ratp.webp","contentUrl":"https:\/\/ratpconnect.com\/wp-content\/uploads\/2023\/11\/fibrenoire-ratp.webp","width":476,"height":510},{"@type":"BreadcrumbList","@id":"https:\/\/ratpconnect.com\/nos-solutions\/edge-hosting-un-hebergement-souverain-securise-et-local\/#breadcrumb","itemListElement":[{"@type":"ListItem","position":1,"name":"Accueil","item":"https:\/\/ratpconnect.com\/"},{"@type":"ListItem","position":2,"name":"Nos solutions","item":"https:\/\/ratpconnect.com\/nos-solutions\/"},{"@type":"ListItem","position":3,"name":"Edge Hosting, un h\u00e9bergement souverain, s\u00e9curis\u00e9 et local"}]},{"@type":"WebSite","@id":"https:\/\/ratpconnect.com\/#website","url":"https:\/\/ratpconnect.com\/","name":"RATP Connect","description":"","publisher":{"@id":"https:\/\/ratpconnect.com\/#organization"},"potentialAction":[{"@type":"SearchAction","target":{"@type":"EntryPoint","urlTemplate":"https:\/\/ratpconnect.com\/?s={search_term_string}"},"query-input":{"@type":"PropertyValueSpecification","valueRequired":true,"valueName":"search_term_string"}}],"inLanguage":"fr-FR"},{"@type":"Organization","@id":"https:\/\/ratpconnect.com\/#organization","name":"RATP Cap \u00cele-de-France","url":"https:\/\/ratpconnect.com\/","logo":{"@type":"ImageObject","inLanguage":"fr-FR","@id":"https:\/\/ratpconnect.com\/#\/schema\/logo\/image\/","url":"https:\/\/ratpconnect.com\/wp-content\/uploads\/2024\/10\/LogosConnect.svg","contentUrl":"https:\/\/ratpconnect.com\/wp-content\/uploads\/2024\/10\/LogosConnect.svg","caption":"RATP Cap \u00cele-de-France"},"image":{"@id":"https:\/\/ratpconnect.com\/#\/schema\/logo\/image\/"}}]}},"_links":{"self":[{"href":"https:\/\/ratpconnect.com\/fr\/wp-json\/wp\/v2\/pages\/7483","targetHints":{"allow":["GET"]}}],"collection":[{"href":"https:\/\/ratpconnect.com\/fr\/wp-json\/wp\/v2\/pages"}],"about":[{"href":"https:\/\/ratpconnect.com\/fr\/wp-json\/wp\/v2\/types\/page"}],"author":[{"embeddable":true,"href":"https:\/\/ratpconnect.com\/fr\/wp-json\/wp\/v2\/users\/4"}],"replies":[{"embeddable":true,"href":"https:\/\/ratpconnect.com\/fr\/wp-json\/wp\/v2\/comments?post=7483"}],"version-history":[{"count":1,"href":"https:\/\/ratpconnect.com\/fr\/wp-json\/wp\/v2\/pages\/7483\/revisions"}],"predecessor-version":[{"id":7484,"href":"https:\/\/ratpconnect.com\/fr\/wp-json\/wp\/v2\/pages\/7483\/revisions\/7484"}],"up":[{"embeddable":true,"href":"https:\/\/ratpconnect.com\/fr\/wp-json\/wp\/v2\/pages\/2"}],"wp:featuredmedia":[{"embeddable":true,"href":"https:\/\/ratpconnect.com\/fr\/wp-json\/wp\/v2\/media\/2105"}],"wp:attachment":[{"href":"https:\/\/ratpconnect.com\/fr\/wp-json\/wp\/v2\/media?parent=7483"}],"curies":[{"name":"wp","href":"https:\/\/api.w.org\/{rel}","templated":true}]}}