{"id":6489,"date":"2024-05-31T18:12:46","date_gmt":"2024-05-31T16:12:46","guid":{"rendered":"https:\/\/ratpconnect.com\/?page_id=6489"},"modified":"2025-08-04T11:17:10","modified_gmt":"2025-08-04T09:17:10","slug":"etablissements-denseignement-superieur-et-de-recherche","status":"publish","type":"page","link":"https:\/\/ratpconnect.com\/fr\/nos-clients\/etablissements-denseignement-superieur-et-de-recherche\/","title":{"rendered":"Fibre optique noire pour les \u00e9tablissements d\u2019enseignement et de recherche"},"content":{"rendered":"<div class=\"gb-container gb-container-ec254eff page-title\">\n\n<h1 class=\"wp-block-heading page-title__heading\"><strong><strong><strong>Fibre optique noire pour les \u00e9tablissements d\u2019enseignement et de recherche<\/strong><\/strong><\/strong><\/h1>\n\n<\/div>\n\n<div class=\"breadcrumbs align  wp-block-bcn-breadcrumb-trail has-text-color has-background\" vocab=\"https:\/\/schema.org\/\" typeof=\"BreadcrumbList\">\n\t<span><\/span>\n\t<span property=\"itemListElement\" typeof=\"ListItem\"><a property=\"item\" typeof=\"WebPage\" href=\"https:\/\/ratpconnect.com\/fr\/\" class=\"home\" aria-current=\"page\"><span property=\"name\">Accueil<\/span><\/a><meta property=\"position\" content=\"1\"><\/span><\/div>\n\n\n<div class=\"gb-container gb-container-bbacd815 bandeau-intro\">\n<div class=\"gb-container gb-container-7387bdc5 bandeau-intro__inside\">\n\n<h2 class=\"wp-block-heading mb-0 color-base-3\"><strong><strong><strong><strong>Une connectivit\u00e9 de niveau sup\u00e9rieur<\/strong><\/strong><\/strong><\/strong><\/h2>\n\n\n\n<p class=\"mb-0 color-base-3\">D\u00e9couvrez comment RATP Connect r\u00e9volutionne l&rsquo;acc\u00e8s \u00e0 l&rsquo;\u00e9ducation et \u00e0 la recherche avec sa solution de fibre optique, offrant une performance in\u00e9gal\u00e9e pour soutenir l&rsquo;enseignement sup\u00e9rieur et les initiatives de recherche en \u00cele-de-France.<\/p>\n\n<\/div>\n<\/div>\n\n<div class=\"gb-container gb-container-9d52252c img-block-right__container\">\n<div class=\"gb-container gb-container-836548f9 img-block-right__sub-container\">\n<div class=\"gb-container gb-container-4ccd2a2c img-block-right__image-wrapper\">\n<div class=\"gb-container gb-container-b4ae217c img-block-right__image-container\">\n<div class=\"gb-container gb-container-d7b18950 img-block-right__image-content box-shadow--rounded--secondary\">\n\n<figure class=\"gb-block-image gb-block-image-fee2cc94\"><img loading=\"lazy\" decoding=\"async\" width=\"2560\" height=\"1744\" class=\"gb-image gb-image-fee2cc94 img-block-right__image\" src=\"https:\/\/ratpconnect.com\/wp-content\/uploads\/2024\/06\/Etablissements_Enseignement_Superieur_Recherche-scaled.jpg\" alt=\"\" title=\"E\u0301tablissements_Enseignement_Superieur_Recherche\" srcset=\"https:\/\/ratpconnect.com\/wp-content\/uploads\/2024\/06\/Etablissements_Enseignement_Superieur_Recherche-scaled.jpg 2560w, https:\/\/ratpconnect.com\/wp-content\/uploads\/2024\/06\/Etablissements_Enseignement_Superieur_Recherche-300x204.jpg 300w, https:\/\/ratpconnect.com\/wp-content\/uploads\/2024\/06\/Etablissements_Enseignement_Superieur_Recherche-1024x698.jpg 1024w, https:\/\/ratpconnect.com\/wp-content\/uploads\/2024\/06\/Etablissements_Enseignement_Superieur_Recherche-768x523.jpg 768w, https:\/\/ratpconnect.com\/wp-content\/uploads\/2024\/06\/Etablissements_Enseignement_Superieur_Recherche-1536x1046.jpg 1536w, https:\/\/ratpconnect.com\/wp-content\/uploads\/2024\/06\/Etablissements_Enseignement_Superieur_Recherche-2048x1395.jpg 2048w\" sizes=\"auto, (max-width: 2560px) 100vw, 2560px\" \/><\/figure>\n\n<\/div>\n<\/div>\n<\/div>\n\n<div class=\"gb-container gb-container-13011404 img-block-right__content border-line-full-page--right--primary\">\n<div class=\"gb-container gb-container-6513a29d img-block-right__header\">\n<div class=\"gb-container gb-container-4cedf3e1 img-block-right__header-content\">\n\n<h2 class=\"wp-block-heading img-block-right__title mb-0\"><strong><strong><strong>L&rsquo;excellence Tr\u00e8s Haut D\u00e9bit<\/strong><\/strong><\/strong><\/h2>\n\n\n<div class=\"gb-container gb-container-a4a45e5c img-block-right__text-container\">\n\n<h3 class=\"wp-block-heading block-text-right__subtitle mb-0\"><strong>Le Tr\u00e8s Haut D\u00e9bit qui transforme les apprentissages<\/strong><\/h3>\n\n\n\n<p class=\"mb-0 img-block-right__text\"><a href=\"https:\/\/ratpconnect.com\/nos-solutions\/fibre-noire\/\">La fibre optique de RATP Connect<\/a> offre une performance exceptionnelle, essentielle pour les \u00e9tablissements d\u2019enseignement sup\u00e9rieur et de recherche. Gr\u00e2ce au THD et \u00e0 une capacit\u00e9 \u00e9lev\u00e9e en bande passante, nous facilitons le d\u00e9veloppement la recherche de pointe et la collaboration acad\u00e9mique multisites et sans fronti\u00e8res.<\/p>\n\n<\/div>\n\n<div class=\"gb-container gb-container-6cd0bd1e img-block-right__text-container\">\n\n<h3 class=\"wp-block-heading block-text-right__subtitle mb-0\"><strong>Prot\u00e9gez vos donn\u00e9es, pr\u00e9servez la plan\u00e8te<\/strong><\/h3>\n\n\n\n<p class=\"img-block-right__text mb-0\">La s\u00e9curit\u00e9 des donn\u00e9es acad\u00e9miques et de recherche est une priorit\u00e9 absolue. Nos infrastructures et nos protocoles de s\u00e9curit\u00e9 de pointe assurent la protection de vos informations sensibles. De m\u00eame que notre engagement environnemental exprime notre engagement \u00e0 minimiser l&rsquo;impact \u00e9cologique de notre activit\u00e9.<\/p>\n\n<\/div>\n\n<div class=\"gb-container gb-container-fc8aa65d img-block-right__text-container\">\n\n<h3 class=\"wp-block-heading block-text-right__subtitle mb-0\">Une connectivit\u00e9 fiable et accessible<\/h3>\n\n\n\n<p class=\"mb-0 img-block-right__text\">RATP Connect garantit une fiabilit\u00e9 exceptionnelle avec un service continu, ce qui est tr\u00e8s important pour les besoins toujours croissants des universit\u00e9s et centres de recherche. Notre offre \u00e9conomique, coupl\u00e9e \u00e0 une accessibilit\u00e9 et une proximit\u00e9 \u00e9tendues, assure que chaque \u00e9tudiant, chaque collaborateur et chaque chercheur b\u00e9n\u00e9ficient d&rsquo;une connectivit\u00e9 sans interruption, avec une disponibilit\u00e9 24\/7 de notre service clients.<\/p>\n\n<\/div>\n<\/div>\n<\/div>\n<\/div>\n<\/div>\n<\/div>\n\n<div class=\"gb-container gb-container-b6e14c16 illu-background-container\">\n<div class=\"gb-container gb-container-c4218dca illu-background-topcover\"><\/div>\n\n\n<figure class=\"wp-block-image size-full illustration-background-circle\"><img decoding=\"async\" src=\"https:\/\/ratpconnect.com\/wp-content\/uploads\/2023\/12\/Forme_BG_Cercle_Right.svg\" alt=\"\" class=\"wp-image-3860\"\/><\/figure>\n\n\n\n<figure class=\"wp-block-image size-full illustration-background-circle--opposite\"><img decoding=\"async\" src=\"https:\/\/ratpconnect.com\/wp-content\/uploads\/2024\/03\/Forme_BG_Cercle_Left.svg\" alt=\"\" class=\"wp-image-5460\"\/><\/figure>\n\n<\/div>","protected":false},"excerpt":{"rendered":"<p>Fibre optique noire pour les \u00e9tablissements d\u2019enseignement et de recherche Une connectivit\u00e9 de niveau sup\u00e9rieur D\u00e9couvrez comment RATP Connect r\u00e9volutionne l&rsquo;acc\u00e8s \u00e0 l&rsquo;\u00e9ducation et \u00e0 la recherche avec sa solution de fibre optique, offrant une performance in\u00e9gal\u00e9e pour soutenir l&rsquo;enseignement sup\u00e9rieur et les initiatives de recherche en \u00cele-de-France. L&rsquo;excellence Tr\u00e8s Haut D\u00e9bit Le Tr\u00e8s Haut &#8230; <a title=\"Fibre optique noire pour les \u00e9tablissements d\u2019enseignement et de recherche\" class=\"read-more\" href=\"https:\/\/ratpconnect.com\/fr\/nos-clients\/etablissements-denseignement-superieur-et-de-recherche\/\" aria-label=\"En savoir plus sur Fibre optique noire pour les \u00e9tablissements d\u2019enseignement et de recherche\">Lire plus<\/a><\/p>\n","protected":false},"author":7,"featured_media":0,"parent":7487,"menu_order":0,"comment_status":"closed","ping_status":"closed","template":"","meta":{"footnotes":""},"class_list":["post-6489","page","type-page","status-publish"],"yoast_head":"<!-- This site is optimized with the Yoast SEO plugin v27.5 - https:\/\/yoast.com\/product\/yoast-seo-wordpress\/ -->\n<title>Fibre optique noire \u00e9tablissements d\u2019enseignement et de recherche | RATP Connect<\/title>\n<meta name=\"description\" content=\"D\u00e9couvrez l&#039;offre RATP Connect adapt\u00e9e aux \u00e9tablissements d&#039;enseignement sup\u00e9rieur et de recherche, pour une connectivit\u00e9 THD s\u00e9curis\u00e9e et adapt\u00e9e \u00e0 vos besoins.\" \/>\n<meta name=\"robots\" content=\"index, follow, max-snippet:-1, max-image-preview:large, max-video-preview:-1\" \/>\n<link rel=\"canonical\" href=\"https:\/\/ratpconnect.com\/fr\/nos-clients\/etablissements-denseignement-superieur-et-de-recherche\/\" \/>\n<meta property=\"og:locale\" content=\"fr_FR\" \/>\n<meta property=\"og:type\" content=\"article\" \/>\n<meta property=\"og:title\" content=\"Fibre optique noire \u00e9tablissements d\u2019enseignement et de recherche | RATP Connect\" \/>\n<meta property=\"og:description\" content=\"D\u00e9couvrez l&#039;offre RATP Connect adapt\u00e9e aux \u00e9tablissements d&#039;enseignement sup\u00e9rieur et de recherche, pour une connectivit\u00e9 THD s\u00e9curis\u00e9e et adapt\u00e9e \u00e0 vos besoins.\" \/>\n<meta property=\"og:url\" content=\"https:\/\/ratpconnect.com\/fr\/nos-clients\/etablissements-denseignement-superieur-et-de-recherche\/\" \/>\n<meta property=\"og:site_name\" content=\"RATP Connect\" \/>\n<meta property=\"article:modified_time\" content=\"2025-08-04T09:17:10+00:00\" \/>\n<meta property=\"og:image\" content=\"https:\/\/ratpconnect.com\/wp-content\/uploads\/2024\/06\/Etablissements_Enseignement_Superieur_Recherche-scaled.jpg\" \/>\n<meta name=\"twitter:card\" content=\"summary_large_image\" \/>\n<meta name=\"twitter:label1\" content=\"Dur\u00e9e de lecture estim\u00e9e\" \/>\n\t<meta name=\"twitter:data1\" content=\"2 minutes\" \/>\n<script type=\"application\/ld+json\" class=\"yoast-schema-graph\">{\"@context\":\"https:\\\/\\\/schema.org\",\"@graph\":[{\"@type\":\"WebPage\",\"@id\":\"https:\\\/\\\/ratpconnect.com\\\/nos-clients\\\/etablissements-denseignement-superieur-et-de-recherche\\\/\",\"url\":\"https:\\\/\\\/ratpconnect.com\\\/nos-clients\\\/etablissements-denseignement-superieur-et-de-recherche\\\/\",\"name\":\"Fibre optique noire \u00e9tablissements d\u2019enseignement et de recherche | RATP Connect\",\"isPartOf\":{\"@id\":\"https:\\\/\\\/ratpconnect.com\\\/#website\"},\"primaryImageOfPage\":{\"@id\":\"https:\\\/\\\/ratpconnect.com\\\/nos-clients\\\/etablissements-denseignement-superieur-et-de-recherche\\\/#primaryimage\"},\"image\":{\"@id\":\"https:\\\/\\\/ratpconnect.com\\\/nos-clients\\\/etablissements-denseignement-superieur-et-de-recherche\\\/#primaryimage\"},\"thumbnailUrl\":\"https:\\\/\\\/ratpconnect.com\\\/wp-content\\\/uploads\\\/2024\\\/06\\\/Etablissements_Enseignement_Superieur_Recherche-scaled.jpg\",\"datePublished\":\"2024-05-31T16:12:46+00:00\",\"dateModified\":\"2025-08-04T09:17:10+00:00\",\"description\":\"D\u00e9couvrez l'offre RATP Connect adapt\u00e9e aux \u00e9tablissements d'enseignement sup\u00e9rieur et de recherche, pour une connectivit\u00e9 THD s\u00e9curis\u00e9e et adapt\u00e9e \u00e0 vos besoins.\",\"breadcrumb\":{\"@id\":\"https:\\\/\\\/ratpconnect.com\\\/nos-clients\\\/etablissements-denseignement-superieur-et-de-recherche\\\/#breadcrumb\"},\"inLanguage\":\"fr-FR\",\"potentialAction\":[{\"@type\":\"ReadAction\",\"target\":[\"https:\\\/\\\/ratpconnect.com\\\/nos-clients\\\/etablissements-denseignement-superieur-et-de-recherche\\\/\"]}]},{\"@type\":\"ImageObject\",\"inLanguage\":\"fr-FR\",\"@id\":\"https:\\\/\\\/ratpconnect.com\\\/nos-clients\\\/etablissements-denseignement-superieur-et-de-recherche\\\/#primaryimage\",\"url\":\"https:\\\/\\\/ratpconnect.com\\\/wp-content\\\/uploads\\\/2024\\\/06\\\/Etablissements_Enseignement_Superieur_Recherche-scaled.jpg\",\"contentUrl\":\"https:\\\/\\\/ratpconnect.com\\\/wp-content\\\/uploads\\\/2024\\\/06\\\/Etablissements_Enseignement_Superieur_Recherche-scaled.jpg\"},{\"@type\":\"BreadcrumbList\",\"@id\":\"https:\\\/\\\/ratpconnect.com\\\/nos-clients\\\/etablissements-denseignement-superieur-et-de-recherche\\\/#breadcrumb\",\"itemListElement\":[{\"@type\":\"ListItem\",\"position\":1,\"name\":\"Accueil\",\"item\":\"https:\\\/\\\/ratpconnect.com\\\/\"},{\"@type\":\"ListItem\",\"position\":2,\"name\":\"Nos clients\",\"item\":\"https:\\\/\\\/ratpconnect.com\\\/nos-clients\\\/\"},{\"@type\":\"ListItem\",\"position\":3,\"name\":\"Fibre optique noire pour les \u00e9tablissements d\u2019enseignement et de recherche\"}]},{\"@type\":\"WebSite\",\"@id\":\"https:\\\/\\\/ratpconnect.com\\\/#website\",\"url\":\"https:\\\/\\\/ratpconnect.com\\\/\",\"name\":\"RATP Connect\",\"description\":\"\",\"publisher\":{\"@id\":\"https:\\\/\\\/ratpconnect.com\\\/#organization\"},\"potentialAction\":[{\"@type\":\"SearchAction\",\"target\":{\"@type\":\"EntryPoint\",\"urlTemplate\":\"https:\\\/\\\/ratpconnect.com\\\/?s={search_term_string}\"},\"query-input\":{\"@type\":\"PropertyValueSpecification\",\"valueRequired\":true,\"valueName\":\"search_term_string\"}}],\"inLanguage\":\"fr-FR\"},{\"@type\":\"Organization\",\"@id\":\"https:\\\/\\\/ratpconnect.com\\\/#organization\",\"name\":\"RATP Cap \u00cele-de-France\",\"url\":\"https:\\\/\\\/ratpconnect.com\\\/\",\"logo\":{\"@type\":\"ImageObject\",\"inLanguage\":\"fr-FR\",\"@id\":\"https:\\\/\\\/ratpconnect.com\\\/#\\\/schema\\\/logo\\\/image\\\/\",\"url\":\"https:\\\/\\\/ratpconnect.com\\\/wp-content\\\/uploads\\\/2024\\\/10\\\/LogosConnect.svg\",\"contentUrl\":\"https:\\\/\\\/ratpconnect.com\\\/wp-content\\\/uploads\\\/2024\\\/10\\\/LogosConnect.svg\",\"caption\":\"RATP Cap \u00cele-de-France\"},\"image\":{\"@id\":\"https:\\\/\\\/ratpconnect.com\\\/#\\\/schema\\\/logo\\\/image\\\/\"}}]}<\/script>\n<!-- \/ Yoast SEO plugin. -->","yoast_head_json":{"title":"Fibre optique noire \u00e9tablissements d\u2019enseignement et de recherche | RATP Connect","description":"D\u00e9couvrez l'offre RATP Connect adapt\u00e9e aux \u00e9tablissements d'enseignement sup\u00e9rieur et de recherche, pour une connectivit\u00e9 THD s\u00e9curis\u00e9e et adapt\u00e9e \u00e0 vos besoins.","robots":{"index":"index","follow":"follow","max-snippet":"max-snippet:-1","max-image-preview":"max-image-preview:large","max-video-preview":"max-video-preview:-1"},"canonical":"https:\/\/ratpconnect.com\/fr\/nos-clients\/etablissements-denseignement-superieur-et-de-recherche\/","og_locale":"fr_FR","og_type":"article","og_title":"Fibre optique noire \u00e9tablissements d\u2019enseignement et de recherche | RATP Connect","og_description":"D\u00e9couvrez l'offre RATP Connect adapt\u00e9e aux \u00e9tablissements d'enseignement sup\u00e9rieur et de recherche, pour une connectivit\u00e9 THD s\u00e9curis\u00e9e et adapt\u00e9e \u00e0 vos besoins.","og_url":"https:\/\/ratpconnect.com\/fr\/nos-clients\/etablissements-denseignement-superieur-et-de-recherche\/","og_site_name":"RATP Connect","article_modified_time":"2025-08-04T09:17:10+00:00","og_image":[{"url":"https:\/\/ratpconnect.com\/wp-content\/uploads\/2024\/06\/Etablissements_Enseignement_Superieur_Recherche-scaled.jpg","type":"","width":"","height":""}],"twitter_card":"summary_large_image","twitter_misc":{"Dur\u00e9e de lecture estim\u00e9e":"2 minutes"},"schema":{"@context":"https:\/\/schema.org","@graph":[{"@type":"WebPage","@id":"https:\/\/ratpconnect.com\/nos-clients\/etablissements-denseignement-superieur-et-de-recherche\/","url":"https:\/\/ratpconnect.com\/nos-clients\/etablissements-denseignement-superieur-et-de-recherche\/","name":"Fibre optique noire \u00e9tablissements d\u2019enseignement et de recherche | RATP Connect","isPartOf":{"@id":"https:\/\/ratpconnect.com\/#website"},"primaryImageOfPage":{"@id":"https:\/\/ratpconnect.com\/nos-clients\/etablissements-denseignement-superieur-et-de-recherche\/#primaryimage"},"image":{"@id":"https:\/\/ratpconnect.com\/nos-clients\/etablissements-denseignement-superieur-et-de-recherche\/#primaryimage"},"thumbnailUrl":"https:\/\/ratpconnect.com\/wp-content\/uploads\/2024\/06\/Etablissements_Enseignement_Superieur_Recherche-scaled.jpg","datePublished":"2024-05-31T16:12:46+00:00","dateModified":"2025-08-04T09:17:10+00:00","description":"D\u00e9couvrez l'offre RATP Connect adapt\u00e9e aux \u00e9tablissements d'enseignement sup\u00e9rieur et de recherche, pour une connectivit\u00e9 THD s\u00e9curis\u00e9e et adapt\u00e9e \u00e0 vos besoins.","breadcrumb":{"@id":"https:\/\/ratpconnect.com\/nos-clients\/etablissements-denseignement-superieur-et-de-recherche\/#breadcrumb"},"inLanguage":"fr-FR","potentialAction":[{"@type":"ReadAction","target":["https:\/\/ratpconnect.com\/nos-clients\/etablissements-denseignement-superieur-et-de-recherche\/"]}]},{"@type":"ImageObject","inLanguage":"fr-FR","@id":"https:\/\/ratpconnect.com\/nos-clients\/etablissements-denseignement-superieur-et-de-recherche\/#primaryimage","url":"https:\/\/ratpconnect.com\/wp-content\/uploads\/2024\/06\/Etablissements_Enseignement_Superieur_Recherche-scaled.jpg","contentUrl":"https:\/\/ratpconnect.com\/wp-content\/uploads\/2024\/06\/Etablissements_Enseignement_Superieur_Recherche-scaled.jpg"},{"@type":"BreadcrumbList","@id":"https:\/\/ratpconnect.com\/nos-clients\/etablissements-denseignement-superieur-et-de-recherche\/#breadcrumb","itemListElement":[{"@type":"ListItem","position":1,"name":"Accueil","item":"https:\/\/ratpconnect.com\/"},{"@type":"ListItem","position":2,"name":"Nos clients","item":"https:\/\/ratpconnect.com\/nos-clients\/"},{"@type":"ListItem","position":3,"name":"Fibre optique noire pour les \u00e9tablissements d\u2019enseignement et de recherche"}]},{"@type":"WebSite","@id":"https:\/\/ratpconnect.com\/#website","url":"https:\/\/ratpconnect.com\/","name":"RATP Connect","description":"","publisher":{"@id":"https:\/\/ratpconnect.com\/#organization"},"potentialAction":[{"@type":"SearchAction","target":{"@type":"EntryPoint","urlTemplate":"https:\/\/ratpconnect.com\/?s={search_term_string}"},"query-input":{"@type":"PropertyValueSpecification","valueRequired":true,"valueName":"search_term_string"}}],"inLanguage":"fr-FR"},{"@type":"Organization","@id":"https:\/\/ratpconnect.com\/#organization","name":"RATP Cap \u00cele-de-France","url":"https:\/\/ratpconnect.com\/","logo":{"@type":"ImageObject","inLanguage":"fr-FR","@id":"https:\/\/ratpconnect.com\/#\/schema\/logo\/image\/","url":"https:\/\/ratpconnect.com\/wp-content\/uploads\/2024\/10\/LogosConnect.svg","contentUrl":"https:\/\/ratpconnect.com\/wp-content\/uploads\/2024\/10\/LogosConnect.svg","caption":"RATP Cap \u00cele-de-France"},"image":{"@id":"https:\/\/ratpconnect.com\/#\/schema\/logo\/image\/"}}]}},"_links":{"self":[{"href":"https:\/\/ratpconnect.com\/fr\/wp-json\/wp\/v2\/pages\/6489","targetHints":{"allow":["GET"]}}],"collection":[{"href":"https:\/\/ratpconnect.com\/fr\/wp-json\/wp\/v2\/pages"}],"about":[{"href":"https:\/\/ratpconnect.com\/fr\/wp-json\/wp\/v2\/types\/page"}],"author":[{"embeddable":true,"href":"https:\/\/ratpconnect.com\/fr\/wp-json\/wp\/v2\/users\/7"}],"replies":[{"embeddable":true,"href":"https:\/\/ratpconnect.com\/fr\/wp-json\/wp\/v2\/comments?post=6489"}],"version-history":[{"count":28,"href":"https:\/\/ratpconnect.com\/fr\/wp-json\/wp\/v2\/pages\/6489\/revisions"}],"predecessor-version":[{"id":7554,"href":"https:\/\/ratpconnect.com\/fr\/wp-json\/wp\/v2\/pages\/6489\/revisions\/7554"}],"up":[{"embeddable":true,"href":"https:\/\/ratpconnect.com\/fr\/wp-json\/wp\/v2\/pages\/7487"}],"wp:attachment":[{"href":"https:\/\/ratpconnect.com\/fr\/wp-json\/wp\/v2\/media?parent=6489"}],"curies":[{"name":"wp","href":"https:\/\/api.w.org\/{rel}","templated":true}]}}