{"id":6462,"date":"2024-05-31T11:11:30","date_gmt":"2024-05-31T09:11:30","guid":{"rendered":"https:\/\/ratpconnect.com\/?page_id=6462"},"modified":"2025-08-04T11:16:28","modified_gmt":"2025-08-04T09:16:28","slug":"operateurs-telecom","status":"publish","type":"page","link":"https:\/\/ratpconnect.com\/fr\/nos-clients\/operateurs-telecom\/","title":{"rendered":"Fibre optique noire d\u00e9di\u00e9e aux op\u00e9rateurs t\u00e9l\u00e9com"},"content":{"rendered":"<div class=\"gb-container gb-container-ec254eff page-title\">\n\n<h1 class=\"wp-block-heading page-title__heading\"><strong><strong>Fibre optique noire d\u00e9di\u00e9e aux op\u00e9rateurs t\u00e9l\u00e9com<\/strong><\/strong><\/h1>\n\n<\/div>\n\n<div class=\"breadcrumbs align  wp-block-bcn-breadcrumb-trail has-text-color has-background\" vocab=\"https:\/\/schema.org\/\" typeof=\"BreadcrumbList\">\n\t<span><\/span>\n\t<span property=\"itemListElement\" typeof=\"ListItem\"><a property=\"item\" typeof=\"WebPage\" href=\"https:\/\/ratpconnect.com\/fr\/\" class=\"home\" aria-current=\"page\"><span property=\"name\">Accueil<\/span><\/a><meta property=\"position\" content=\"1\"><\/span><\/div>\n\n\n<div class=\"gb-container gb-container-bbacd815 bandeau-intro\">\n<div class=\"gb-container gb-container-7387bdc5 bandeau-intro__inside\">\n\n<h2 class=\"wp-block-heading mb-0 color-base-3\"><strong><strong><strong>La connectivit\u00e9 sans limite<\/strong><\/strong><\/strong><\/h2>\n\n\n\n<p class=\"mb-0 color-base-3\">RATP Connect transforme le paysage THD des t\u00e9l\u00e9communications en \u00cele-de-France avec une offre de fibre optique noire, offrant fiabilit\u00e9, performance et s\u00e9curit\u00e9. Adapt\u00e9e aux besoins modernes des op\u00e9rateurs t\u00e9l\u00e9com, notre solution est con\u00e7ue pour propulser votre entreprise vers l&rsquo;avenir.<\/p>\n\n<\/div>\n<\/div>\n\n<div class=\"gb-container gb-container-9d52252c img-block-right__container\">\n<div class=\"gb-container gb-container-836548f9 img-block-right__sub-container\">\n<div class=\"gb-container gb-container-4ccd2a2c img-block-right__image-wrapper\">\n<div class=\"gb-container gb-container-b4ae217c img-block-right__image-container\">\n<div class=\"gb-container gb-container-759a7115 img-block-right__image-content box-shadow--rounded--secondary\">\n\n<figure class=\"gb-block-image gb-block-image-fbd0f799\"><img loading=\"lazy\" decoding=\"async\" width=\"2560\" height=\"1744\" class=\"gb-image gb-image-fbd0f799 img-block-right__image\" src=\"https:\/\/ratpconnect.com\/wp-content\/uploads\/2024\/06\/operateur-telecom-scaled.jpg\" alt=\"\" title=\"operateur telecom\" srcset=\"https:\/\/ratpconnect.com\/wp-content\/uploads\/2024\/06\/operateur-telecom-scaled.jpg 2560w, https:\/\/ratpconnect.com\/wp-content\/uploads\/2024\/06\/operateur-telecom-300x204.jpg 300w, https:\/\/ratpconnect.com\/wp-content\/uploads\/2024\/06\/operateur-telecom-1024x698.jpg 1024w, https:\/\/ratpconnect.com\/wp-content\/uploads\/2024\/06\/operateur-telecom-768x523.jpg 768w, https:\/\/ratpconnect.com\/wp-content\/uploads\/2024\/06\/operateur-telecom-1536x1046.jpg 1536w, https:\/\/ratpconnect.com\/wp-content\/uploads\/2024\/06\/operateur-telecom-2048x1395.jpg 2048w\" sizes=\"auto, (max-width: 2560px) 100vw, 2560px\" \/><\/figure>\n\n<\/div>\n<\/div>\n<\/div>\n\n<div class=\"gb-container gb-container-13011404 img-block-right__content border-line-full-page--right--primary\">\n<div class=\"gb-container gb-container-6513a29d img-block-right__header\">\n<div class=\"gb-container gb-container-4cedf3e1 img-block-right__header-content\">\n\n<h2 class=\"wp-block-heading img-block-right__title mb-0\"><strong><strong><strong>D\u00e9couvrez l&rsquo;offre de fibre optique de RATP Connect<\/strong><\/strong><\/strong><\/h2>\n\n\n<div class=\"gb-container gb-container-a4a45e5c img-block-right__text-container\">\n\n<h3 class=\"wp-block-heading block-text-right__subtitle\"><strong>Un r\u00e9seau sur lequel vous pouvez compter<\/strong><\/h3>\n\n\n\n<p class=\"img-block-right__text\">La fiabilit\u00e9 est la priorit\u00e9 de notre service. Avec une infrastructure robuste et une disponibilit\u00e9 de notre service clients 24\/7, nous assurons une continuit\u00e9 de service sans faille. Notre r\u00e9seau de fibre optique souterrain, sp\u00e9cialement con\u00e7u pour les configurations urbaines les plus complexes, garantit une connectivit\u00e9 constante, vous permettant de maintenir vos op\u00e9rations sans interruption.<\/p>\n\n<\/div>\n\n<div class=\"gb-container gb-container-fc8aa65d img-block-right__text-container\">\n\n<h3 class=\"wp-block-heading block-text-right__subtitle\"><strong>Rapidit\u00e9, s\u00e9curit\u00e9 et adaptabilit\u00e9<\/strong><\/h3>\n\n\n\n<p class=\"img-block-right__text\">La <a href=\"https:\/\/ratpconnect.com\/nos-solutions\/fibre-noire\/\">fibre optique noire<\/a> de RATP Connect n&rsquo;est pas seulement performante ; elle est \u00e9galement s\u00e9curis\u00e9e et \u00e9volutive. Offrant du Tr\u00e8s Haut D\u00e9bit et d&rsquo;importantes capacit\u00e9s de bande passante, notre technologie est parfaitement adapt\u00e9e \u00e0 la 5G et aux besoins croissants des services cloud. La s\u00e9curit\u00e9 avanc\u00e9e et la capacit\u00e9 d&rsquo;adaptation aux nouvelles technologies vous assurent une totale tranquillit\u00e9 d&rsquo;esprit.<\/p>\n\n<\/div>\n\n<div class=\"gb-container gb-container-6cd0bd1e img-block-right__text-container\">\n\n<h3 class=\"wp-block-heading block-text-right__subtitle\"><strong><strong>Une connectivit\u00e9 \u00e9conomique et responsable<\/strong><\/strong><\/h3>\n\n\n\n<p class=\"img-block-right__text\">RATP Connect ne se contente pas de fournir un service de qualit\u00e9 ; nous le faisons de mani\u00e8re \u00e9conomique et accessible. Notre r\u00e9seau leader en \u00cele-de-France vous garantit une proximit\u00e9 et une r\u00e9activit\u00e9 exceptionnelles. Notre engagement envers l&rsquo;environnement se combine \u00e0 notre responsabilit\u00e9 sociale, minimisant l&rsquo;impact \u00e9cologique de nos interventions sur le terrain et maximisant notre pr\u00e9occupation pour nos \u00e9quipes.<\/p>\n\n<\/div>\n<\/div>\n<\/div>\n<\/div>\n<\/div>\n<\/div>\n\n<div class=\"gb-container gb-container-b6e14c16 illu-background-container\">\n<div class=\"gb-container gb-container-c4218dca illu-background-topcover\"><\/div>\n\n\n<figure class=\"wp-block-image size-full illustration-background-circle\"><img decoding=\"async\" src=\"https:\/\/ratpconnect.com\/wp-content\/uploads\/2023\/12\/Forme_BG_Cercle_Right.svg\" alt=\"\" class=\"wp-image-3860\"\/><\/figure>\n\n\n\n<figure class=\"wp-block-image size-full illustration-background-circle--opposite\"><img decoding=\"async\" src=\"https:\/\/ratpconnect.com\/wp-content\/uploads\/2024\/03\/Forme_BG_Cercle_Left.svg\" alt=\"\" class=\"wp-image-5460\"\/><\/figure>\n\n<\/div>","protected":false},"excerpt":{"rendered":"<p>Fibre optique noire d\u00e9di\u00e9e aux op\u00e9rateurs t\u00e9l\u00e9com La connectivit\u00e9 sans limite RATP Connect transforme le paysage THD des t\u00e9l\u00e9communications en \u00cele-de-France avec une offre de fibre optique noire, offrant fiabilit\u00e9, performance et s\u00e9curit\u00e9. Adapt\u00e9e aux besoins modernes des op\u00e9rateurs t\u00e9l\u00e9com, notre solution est con\u00e7ue pour propulser votre entreprise vers l&rsquo;avenir. D\u00e9couvrez l&rsquo;offre de fibre optique &#8230; <a title=\"Fibre optique noire d\u00e9di\u00e9e aux op\u00e9rateurs t\u00e9l\u00e9com\" class=\"read-more\" href=\"https:\/\/ratpconnect.com\/fr\/nos-clients\/operateurs-telecom\/\" aria-label=\"En savoir plus sur Fibre optique noire d\u00e9di\u00e9e aux op\u00e9rateurs t\u00e9l\u00e9com\">Lire plus<\/a><\/p>\n","protected":false},"author":7,"featured_media":0,"parent":7487,"menu_order":0,"comment_status":"closed","ping_status":"closed","template":"","meta":{"footnotes":""},"class_list":["post-6462","page","type-page","status-publish"],"yoast_head":"<!-- This site is optimized with the Yoast SEO plugin v27.3 - https:\/\/yoast.com\/product\/yoast-seo-wordpress\/ -->\n<title>Fibre optique noire op\u00e9rateur t\u00e9l\u00e9com | RATP Connect<\/title>\n<meta name=\"description\" content=\"Offrez \u00e0 vos clients une connectivit\u00e9 fiable et s\u00e9curis\u00e9e gr\u00e2ce \u00e0 notre fibre optique noire d\u00e9di\u00e9e aux op\u00e9rateurs t\u00e9l\u00e9com en \u00cele-de-France.\" \/>\n<meta name=\"robots\" content=\"index, follow, max-snippet:-1, max-image-preview:large, max-video-preview:-1\" \/>\n<link rel=\"canonical\" href=\"https:\/\/ratpconnect.com\/fr\/nos-clients\/operateurs-telecom\/\" \/>\n<meta property=\"og:locale\" content=\"fr_FR\" \/>\n<meta property=\"og:type\" content=\"article\" \/>\n<meta property=\"og:title\" content=\"Fibre optique noire op\u00e9rateur t\u00e9l\u00e9com | RATP Connect\" \/>\n<meta property=\"og:description\" content=\"Offrez \u00e0 vos clients une connectivit\u00e9 fiable et s\u00e9curis\u00e9e gr\u00e2ce \u00e0 notre fibre optique noire d\u00e9di\u00e9e aux op\u00e9rateurs t\u00e9l\u00e9com en \u00cele-de-France.\" \/>\n<meta property=\"og:url\" content=\"https:\/\/ratpconnect.com\/fr\/nos-clients\/operateurs-telecom\/\" \/>\n<meta property=\"og:site_name\" content=\"RATP Connect\" \/>\n<meta property=\"article:modified_time\" content=\"2025-08-04T09:16:28+00:00\" \/>\n<meta property=\"og:image\" content=\"https:\/\/ratpconnect.com\/wp-content\/uploads\/2024\/06\/operateur-telecom-scaled.jpg\" \/>\n<meta name=\"twitter:card\" content=\"summary_large_image\" \/>\n<meta name=\"twitter:label1\" content=\"Dur\u00e9e de lecture estim\u00e9e\" \/>\n\t<meta name=\"twitter:data1\" content=\"2 minutes\" \/>\n<script type=\"application\/ld+json\" class=\"yoast-schema-graph\">{\"@context\":\"https:\\\/\\\/schema.org\",\"@graph\":[{\"@type\":\"WebPage\",\"@id\":\"https:\\\/\\\/ratpconnect.com\\\/nos-clients\\\/operateurs-telecom\\\/\",\"url\":\"https:\\\/\\\/ratpconnect.com\\\/nos-clients\\\/operateurs-telecom\\\/\",\"name\":\"Fibre optique noire op\u00e9rateur t\u00e9l\u00e9com | RATP Connect\",\"isPartOf\":{\"@id\":\"https:\\\/\\\/ratpconnect.com\\\/#website\"},\"primaryImageOfPage\":{\"@id\":\"https:\\\/\\\/ratpconnect.com\\\/nos-clients\\\/operateurs-telecom\\\/#primaryimage\"},\"image\":{\"@id\":\"https:\\\/\\\/ratpconnect.com\\\/nos-clients\\\/operateurs-telecom\\\/#primaryimage\"},\"thumbnailUrl\":\"https:\\\/\\\/ratpconnect.com\\\/wp-content\\\/uploads\\\/2024\\\/06\\\/operateur-telecom-scaled.jpg\",\"datePublished\":\"2024-05-31T09:11:30+00:00\",\"dateModified\":\"2025-08-04T09:16:28+00:00\",\"description\":\"Offrez \u00e0 vos clients une connectivit\u00e9 fiable et s\u00e9curis\u00e9e gr\u00e2ce \u00e0 notre fibre optique noire d\u00e9di\u00e9e aux op\u00e9rateurs t\u00e9l\u00e9com en \u00cele-de-France.\",\"breadcrumb\":{\"@id\":\"https:\\\/\\\/ratpconnect.com\\\/nos-clients\\\/operateurs-telecom\\\/#breadcrumb\"},\"inLanguage\":\"fr-FR\",\"potentialAction\":[{\"@type\":\"ReadAction\",\"target\":[\"https:\\\/\\\/ratpconnect.com\\\/nos-clients\\\/operateurs-telecom\\\/\"]}]},{\"@type\":\"ImageObject\",\"inLanguage\":\"fr-FR\",\"@id\":\"https:\\\/\\\/ratpconnect.com\\\/nos-clients\\\/operateurs-telecom\\\/#primaryimage\",\"url\":\"https:\\\/\\\/ratpconnect.com\\\/wp-content\\\/uploads\\\/2024\\\/06\\\/operateur-telecom-scaled.jpg\",\"contentUrl\":\"https:\\\/\\\/ratpconnect.com\\\/wp-content\\\/uploads\\\/2024\\\/06\\\/operateur-telecom-scaled.jpg\"},{\"@type\":\"BreadcrumbList\",\"@id\":\"https:\\\/\\\/ratpconnect.com\\\/nos-clients\\\/operateurs-telecom\\\/#breadcrumb\",\"itemListElement\":[{\"@type\":\"ListItem\",\"position\":1,\"name\":\"Accueil\",\"item\":\"https:\\\/\\\/ratpconnect.com\\\/\"},{\"@type\":\"ListItem\",\"position\":2,\"name\":\"Nos clients\",\"item\":\"https:\\\/\\\/ratpconnect.com\\\/nos-clients\\\/\"},{\"@type\":\"ListItem\",\"position\":3,\"name\":\"Fibre optique noire d\u00e9di\u00e9e aux op\u00e9rateurs t\u00e9l\u00e9com\"}]},{\"@type\":\"WebSite\",\"@id\":\"https:\\\/\\\/ratpconnect.com\\\/#website\",\"url\":\"https:\\\/\\\/ratpconnect.com\\\/\",\"name\":\"RATP Connect\",\"description\":\"\",\"publisher\":{\"@id\":\"https:\\\/\\\/ratpconnect.com\\\/#organization\"},\"potentialAction\":[{\"@type\":\"SearchAction\",\"target\":{\"@type\":\"EntryPoint\",\"urlTemplate\":\"https:\\\/\\\/ratpconnect.com\\\/?s={search_term_string}\"},\"query-input\":{\"@type\":\"PropertyValueSpecification\",\"valueRequired\":true,\"valueName\":\"search_term_string\"}}],\"inLanguage\":\"fr-FR\"},{\"@type\":\"Organization\",\"@id\":\"https:\\\/\\\/ratpconnect.com\\\/#organization\",\"name\":\"RATP Cap \u00cele-de-France\",\"url\":\"https:\\\/\\\/ratpconnect.com\\\/\",\"logo\":{\"@type\":\"ImageObject\",\"inLanguage\":\"fr-FR\",\"@id\":\"https:\\\/\\\/ratpconnect.com\\\/#\\\/schema\\\/logo\\\/image\\\/\",\"url\":\"https:\\\/\\\/ratpconnect.com\\\/wp-content\\\/uploads\\\/2024\\\/10\\\/LogosConnect.svg\",\"contentUrl\":\"https:\\\/\\\/ratpconnect.com\\\/wp-content\\\/uploads\\\/2024\\\/10\\\/LogosConnect.svg\",\"caption\":\"RATP Cap \u00cele-de-France\"},\"image\":{\"@id\":\"https:\\\/\\\/ratpconnect.com\\\/#\\\/schema\\\/logo\\\/image\\\/\"}}]}<\/script>\n<!-- \/ Yoast SEO plugin. -->","yoast_head_json":{"title":"Fibre optique noire op\u00e9rateur t\u00e9l\u00e9com | RATP Connect","description":"Offrez \u00e0 vos clients une connectivit\u00e9 fiable et s\u00e9curis\u00e9e gr\u00e2ce \u00e0 notre fibre optique noire d\u00e9di\u00e9e aux op\u00e9rateurs t\u00e9l\u00e9com en \u00cele-de-France.","robots":{"index":"index","follow":"follow","max-snippet":"max-snippet:-1","max-image-preview":"max-image-preview:large","max-video-preview":"max-video-preview:-1"},"canonical":"https:\/\/ratpconnect.com\/fr\/nos-clients\/operateurs-telecom\/","og_locale":"fr_FR","og_type":"article","og_title":"Fibre optique noire op\u00e9rateur t\u00e9l\u00e9com | RATP Connect","og_description":"Offrez \u00e0 vos clients une connectivit\u00e9 fiable et s\u00e9curis\u00e9e gr\u00e2ce \u00e0 notre fibre optique noire d\u00e9di\u00e9e aux op\u00e9rateurs t\u00e9l\u00e9com en \u00cele-de-France.","og_url":"https:\/\/ratpconnect.com\/fr\/nos-clients\/operateurs-telecom\/","og_site_name":"RATP Connect","article_modified_time":"2025-08-04T09:16:28+00:00","og_image":[{"url":"https:\/\/ratpconnect.com\/wp-content\/uploads\/2024\/06\/operateur-telecom-scaled.jpg","type":"","width":"","height":""}],"twitter_card":"summary_large_image","twitter_misc":{"Dur\u00e9e de lecture estim\u00e9e":"2 minutes"},"schema":{"@context":"https:\/\/schema.org","@graph":[{"@type":"WebPage","@id":"https:\/\/ratpconnect.com\/nos-clients\/operateurs-telecom\/","url":"https:\/\/ratpconnect.com\/nos-clients\/operateurs-telecom\/","name":"Fibre optique noire op\u00e9rateur t\u00e9l\u00e9com | RATP Connect","isPartOf":{"@id":"https:\/\/ratpconnect.com\/#website"},"primaryImageOfPage":{"@id":"https:\/\/ratpconnect.com\/nos-clients\/operateurs-telecom\/#primaryimage"},"image":{"@id":"https:\/\/ratpconnect.com\/nos-clients\/operateurs-telecom\/#primaryimage"},"thumbnailUrl":"https:\/\/ratpconnect.com\/wp-content\/uploads\/2024\/06\/operateur-telecom-scaled.jpg","datePublished":"2024-05-31T09:11:30+00:00","dateModified":"2025-08-04T09:16:28+00:00","description":"Offrez \u00e0 vos clients une connectivit\u00e9 fiable et s\u00e9curis\u00e9e gr\u00e2ce \u00e0 notre fibre optique noire d\u00e9di\u00e9e aux op\u00e9rateurs t\u00e9l\u00e9com en \u00cele-de-France.","breadcrumb":{"@id":"https:\/\/ratpconnect.com\/nos-clients\/operateurs-telecom\/#breadcrumb"},"inLanguage":"fr-FR","potentialAction":[{"@type":"ReadAction","target":["https:\/\/ratpconnect.com\/nos-clients\/operateurs-telecom\/"]}]},{"@type":"ImageObject","inLanguage":"fr-FR","@id":"https:\/\/ratpconnect.com\/nos-clients\/operateurs-telecom\/#primaryimage","url":"https:\/\/ratpconnect.com\/wp-content\/uploads\/2024\/06\/operateur-telecom-scaled.jpg","contentUrl":"https:\/\/ratpconnect.com\/wp-content\/uploads\/2024\/06\/operateur-telecom-scaled.jpg"},{"@type":"BreadcrumbList","@id":"https:\/\/ratpconnect.com\/nos-clients\/operateurs-telecom\/#breadcrumb","itemListElement":[{"@type":"ListItem","position":1,"name":"Accueil","item":"https:\/\/ratpconnect.com\/"},{"@type":"ListItem","position":2,"name":"Nos clients","item":"https:\/\/ratpconnect.com\/nos-clients\/"},{"@type":"ListItem","position":3,"name":"Fibre optique noire d\u00e9di\u00e9e aux op\u00e9rateurs t\u00e9l\u00e9com"}]},{"@type":"WebSite","@id":"https:\/\/ratpconnect.com\/#website","url":"https:\/\/ratpconnect.com\/","name":"RATP Connect","description":"","publisher":{"@id":"https:\/\/ratpconnect.com\/#organization"},"potentialAction":[{"@type":"SearchAction","target":{"@type":"EntryPoint","urlTemplate":"https:\/\/ratpconnect.com\/?s={search_term_string}"},"query-input":{"@type":"PropertyValueSpecification","valueRequired":true,"valueName":"search_term_string"}}],"inLanguage":"fr-FR"},{"@type":"Organization","@id":"https:\/\/ratpconnect.com\/#organization","name":"RATP Cap \u00cele-de-France","url":"https:\/\/ratpconnect.com\/","logo":{"@type":"ImageObject","inLanguage":"fr-FR","@id":"https:\/\/ratpconnect.com\/#\/schema\/logo\/image\/","url":"https:\/\/ratpconnect.com\/wp-content\/uploads\/2024\/10\/LogosConnect.svg","contentUrl":"https:\/\/ratpconnect.com\/wp-content\/uploads\/2024\/10\/LogosConnect.svg","caption":"RATP Cap \u00cele-de-France"},"image":{"@id":"https:\/\/ratpconnect.com\/#\/schema\/logo\/image\/"}}]}},"_links":{"self":[{"href":"https:\/\/ratpconnect.com\/fr\/wp-json\/wp\/v2\/pages\/6462","targetHints":{"allow":["GET"]}}],"collection":[{"href":"https:\/\/ratpconnect.com\/fr\/wp-json\/wp\/v2\/pages"}],"about":[{"href":"https:\/\/ratpconnect.com\/fr\/wp-json\/wp\/v2\/types\/page"}],"author":[{"embeddable":true,"href":"https:\/\/ratpconnect.com\/fr\/wp-json\/wp\/v2\/users\/7"}],"replies":[{"embeddable":true,"href":"https:\/\/ratpconnect.com\/fr\/wp-json\/wp\/v2\/comments?post=6462"}],"version-history":[{"count":25,"href":"https:\/\/ratpconnect.com\/fr\/wp-json\/wp\/v2\/pages\/6462\/revisions"}],"predecessor-version":[{"id":7549,"href":"https:\/\/ratpconnect.com\/fr\/wp-json\/wp\/v2\/pages\/6462\/revisions\/7549"}],"up":[{"embeddable":true,"href":"https:\/\/ratpconnect.com\/fr\/wp-json\/wp\/v2\/pages\/7487"}],"wp:attachment":[{"href":"https:\/\/ratpconnect.com\/fr\/wp-json\/wp\/v2\/media?parent=6462"}],"curies":[{"name":"wp","href":"https:\/\/api.w.org\/{rel}","templated":true}]}}