{"id":2,"date":"2023-10-03T10:39:28","date_gmt":"2023-10-03T10:39:28","guid":{"rendered":"https:\/\/ratpconnect.com\/?page_id=2"},"modified":"2025-10-09T11:04:59","modified_gmt":"2025-10-09T09:04:59","slug":"nos-solutions","status":"publish","type":"page","link":"https:\/\/ratpconnect.com\/fr\/nos-solutions\/","title":{"rendered":"Nos solutions"},"content":{"rendered":"<div class=\"gb-container gb-container-b524ee38 page-title\">\n\n<h1 class=\"wp-block-heading page-title__heading\">Nos solutions&nbsp;fibre optique noire et h\u00e9bergement de proximit\u00e9&nbsp;<\/h1>\n\n<\/div>\n\n<div class=\"breadcrumbs align  wp-block-bcn-breadcrumb-trail has-text-color has-background\" vocab=\"https:\/\/schema.org\/\" typeof=\"BreadcrumbList\">\n\t<span><\/span>\n\t<span property=\"itemListElement\" typeof=\"ListItem\"><a property=\"item\" typeof=\"WebPage\" href=\"https:\/\/ratpconnect.com\/fr\/\" class=\"home\" aria-current=\"page\"><span property=\"name\">Accueil<\/span><\/a><meta property=\"position\" content=\"1\"><\/span><\/div>\n\n\n<div class=\"gb-container gb-container-3a683f8a bandeau-intro\">\n<div class=\"gb-container gb-container-eb4741e8 bandeau-intro__inside\">\n\n<h2 class=\"wp-block-heading color-base-3\"><strong><strong>Proposer aux entreprises et op\u00e9rateurs d\u2019\u00cele-de-France des services de connectivit\u00e9 tr\u00e8s haut d\u00e9bit et d\u2019h\u00e9bergement local performant.<\/strong><\/strong><\/h2>\n\n\n\n<p class=\"color-base-3\">Filiale de la RATP et leader fran\u00e7ais de la fibre optique noire, RATP Connect d\u00e9ploie depuis plus de 20 ans le plus important r\u00e9seau optique d\u2019\u00cele-de-France \u00e0 partir des infrastructures du m\u00e9tro et du RER, et propose des solutions de Edge hosting souveraines, s\u00e9curis\u00e9es au sein des gares du Grand paris Express.<\/p>\n\n<\/div>\n<\/div>\n\n<div class=\"gb-container gb-container-8ef73ccb bloc-service\" role=\"list\">\n<div class=\"gb-container gb-container-e1a47746 bloc-service__item box-shadow--rounded--terciary-1\" role=\"listitem\">\n<div class=\"gb-container gb-container-51e26566 bloc-service__content bg-base-3\">\n<div class=\"gb-container gb-container-cfc22f90 bloc-service__text\">\n\n<h3 class=\"wp-block-heading bloc-service__title\">Une offre tr\u00e8s haut d\u00e9bit &amp; s\u00e9curit\u00e9 des donn\u00e9es<\/h3>\n\n\n\n<p class=\"bloc-service__description color-bleu-institutionnel\">Vous offrir un service performant et personnalis\u00e9 adapt\u00e9 \u00e0 vos besoins<a href=\"https:\/\/ratp-connect.nexton-customers.com\/fr\/nos-solutions\/nos-offres-fibre-optique\/\"><\/a><\/p>\n\n<\/div>\n\n<div class=\"gb-container gb-container-193c1a69 bloc-service__action\">\n\n<a class=\"gb-button gb-button-a84d6bfc gb-button-text btn-link btn-link--primary bloc-service__link\" href=\"\/nos-solutions\/nos-offres-fibre-optique\/\" aria-label=\"D\u00e9couvrir la suite\"><strong>D\u00e9couvrir la suite<\/strong><\/a>\n\n<\/div>\n<\/div>\n<\/div>\n\n<div class=\"gb-container gb-container-79c49139 bloc-service__item box-shadow--rounded--secondary\" role=\"listitem\">\n<div class=\"gb-container gb-container-aa2eae21 bloc-service__content bg-base-3\">\n<div class=\"gb-container gb-container-c56a49d5 bloc-service__text\">\n\n<h3 class=\"wp-block-heading bloc-service__title\">L\u2019infrastructure fibre optique et edge hosting, leader en \u00cele-de-France<\/h3>\n\n\n\n<p class=\"bloc-service__description color-bleu-institutionnel\">Vous garantir un point de raccordement au plus proche de votre activit\u00e9<\/p>\n\n<\/div>\n\n<div class=\"gb-container gb-container-e1507f81 bloc-service__action\">\n\n<a class=\"gb-button gb-button-0ea92b35 gb-button-text btn-link btn-link--primary bloc-service__link\" href=\"\/nos-solutions\/reseau-fibre-optique\/\" aria-label=\"D\u00e9couvrir la suite\"><strong>D\u00e9couvrir la suite<\/strong><\/a>\n\n<\/div>\n<\/div>\n<\/div>\n\n<div class=\"gb-container gb-container-21cc286e bloc-service__item box-shadow--rounded--terciary-1\" role=\"listitem\">\n<div class=\"gb-container gb-container-2a9f6662 bloc-service__content bg-base-3\">\n<div class=\"gb-container gb-container-657cb81f bloc-service__text\">\n\n<h3 class=\"wp-block-heading bloc-service__title\"><strong><strong>La fibre noire, vos connexions THD sur mesure<\/strong><\/strong><\/h3>\n\n\n\n<p class=\"bloc-service__description color-bleu-institutionnel\">Vous donner un acc\u00e8s \u00e0 tr\u00e8s haut d\u00e9bit pour connecter les lieux d\u2019innovation<\/p>\n\n<\/div>\n\n<div class=\"gb-container gb-container-a095d137 bloc-service__action\">\n\n<a class=\"gb-button gb-button-4adcf9c8 gb-button-text btn-link btn-link--primary bloc-service__link\" href=\"\/nos-solutions\/fibre-noire\/\" aria-label=\"D\u00e9couvrir la suite\"><strong>D\u00e9couvrir la suite<\/strong><\/a>\n\n<\/div>\n<\/div>\n<\/div>\n\n<div class=\"gb-container gb-container-50f79238 bloc-service__item box-shadow--rounded--secondary\" role=\"listitem\">\n<div class=\"gb-container gb-container-41fc21d4 bloc-service__content bg-base-3\">\n<div class=\"gb-container gb-container-9da8faa9 bloc-service__text\">\n\n<h3 class=\"wp-block-heading bloc-service__title\"><strong><strong>Edge Hosting, un h\u00e9bergement souverain, s\u00e9curis\u00e9 et local<\/strong><\/strong><\/h3>\n\n\n\n<p class=\"bloc-service__description color-bleu-institutionnel\">Acc\u00e9l\u00e9rer la transformation digitale des entreprises et collectivit\u00e9s gr\u00e2ce \u00e0 un h\u00e9bergement de proximit\u00e9<\/p>\n\n<\/div>\n\n<div class=\"gb-container gb-container-5c63bf46 bloc-service__action\">\n\n<a class=\"gb-button gb-button-eda5d852 gb-button-text btn-link btn-link--primary bloc-service__link\" href=\"\/nos-solutions\/edge-hosting-un-hebergement-souverain-securise-et-local\/\" aria-label=\"D\u00e9couvrir la suite\"><strong>D\u00e9couvrir la suite<\/strong><\/a>\n\n<\/div>\n<\/div>\n<\/div>\n<\/div>\n\n<div class=\"gb-container gb-container-bf6d981e illu-background-container\">\n<div class=\"gb-container gb-container-ff36d9e5 illu-background-topcover\"><\/div>\n\n\n<figure class=\"wp-block-image size-full illustration-background-circle\"><img decoding=\"async\" src=\"https:\/\/ratpconnect.com\/wp-content\/uploads\/2023\/12\/Forme_BG_Cercle_Right.svg\" alt=\"\" class=\"wp-image-3860\" style=\"object-fit:cover\"\/><\/figure>\n\n<\/div>","protected":false},"excerpt":{"rendered":"<p>Nos solutions&nbsp;fibre optique noire et h\u00e9bergement de proximit\u00e9&nbsp; Proposer aux entreprises et op\u00e9rateurs d\u2019\u00cele-de-France des services de connectivit\u00e9 tr\u00e8s haut d\u00e9bit et d\u2019h\u00e9bergement local performant. Filiale de la RATP et leader fran\u00e7ais de la fibre optique noire, RATP Connect d\u00e9ploie depuis plus de 20 ans le plus important r\u00e9seau optique d\u2019\u00cele-de-France \u00e0 partir des infrastructures &#8230; <a title=\"Nos solutions\" class=\"read-more\" href=\"https:\/\/ratpconnect.com\/fr\/nos-solutions\/\" aria-label=\"En savoir plus sur Nos solutions\">Lire plus<\/a><\/p>\n","protected":false},"author":7,"featured_media":0,"parent":0,"menu_order":0,"comment_status":"closed","ping_status":"closed","template":"","meta":{"footnotes":""},"class_list":["post-2","page","type-page","status-publish"],"yoast_head":"<!-- This site is optimized with the Yoast SEO plugin v27.5 - https:\/\/yoast.com\/product\/yoast-seo-wordpress\/ -->\n<title>Op\u00e9rateur d&#039;infrastructure fibre optique : nos solutions - RATP Connect<\/title>\n<meta name=\"description\" content=\"Notre champ d\u2019intervention est vaste : r\u00e9ponse aux appels d\u2019offres, gestion de r\u00e9seaux, offre de transport sur mesure, service de maintenance.\" \/>\n<meta name=\"robots\" content=\"index, follow, max-snippet:-1, max-image-preview:large, max-video-preview:-1\" \/>\n<link rel=\"canonical\" href=\"https:\/\/ratpconnect.com\/fr\/nos-solutions\/\" \/>\n<meta property=\"og:locale\" content=\"fr_FR\" \/>\n<meta property=\"og:type\" content=\"article\" \/>\n<meta property=\"og:title\" content=\"Op\u00e9rateur d&#039;infrastructure fibre optique : nos solutions - RATP Connect\" \/>\n<meta property=\"og:description\" content=\"Notre champ d\u2019intervention est vaste : r\u00e9ponse aux appels d\u2019offres, gestion de r\u00e9seaux, offre de transport sur mesure, service de maintenance.\" \/>\n<meta property=\"og:url\" content=\"https:\/\/ratpconnect.com\/fr\/nos-solutions\/\" \/>\n<meta property=\"og:site_name\" content=\"RATP Connect\" \/>\n<meta property=\"article:modified_time\" content=\"2025-10-09T09:04:59+00:00\" \/>\n<meta name=\"twitter:card\" content=\"summary_large_image\" \/>\n<meta name=\"twitter:label1\" content=\"Dur\u00e9e de lecture estim\u00e9e\" \/>\n\t<meta name=\"twitter:data1\" content=\"2 minutes\" \/>\n<script type=\"application\/ld+json\" class=\"yoast-schema-graph\">{\"@context\":\"https:\\\/\\\/schema.org\",\"@graph\":[{\"@type\":\"WebPage\",\"@id\":\"https:\\\/\\\/ratpconnect.com\\\/nos-solutions\\\/\",\"url\":\"https:\\\/\\\/ratpconnect.com\\\/nos-solutions\\\/\",\"name\":\"Op\u00e9rateur d'infrastructure fibre optique : nos solutions - RATP Connect\",\"isPartOf\":{\"@id\":\"https:\\\/\\\/ratpconnect.com\\\/#website\"},\"primaryImageOfPage\":{\"@id\":\"https:\\\/\\\/ratpconnect.com\\\/nos-solutions\\\/#primaryimage\"},\"image\":{\"@id\":\"https:\\\/\\\/ratpconnect.com\\\/nos-solutions\\\/#primaryimage\"},\"thumbnailUrl\":\"https:\\\/\\\/ratpconnect.com\\\/wp-content\\\/uploads\\\/2023\\\/12\\\/Forme_BG_Cercle_Right.svg\",\"datePublished\":\"2023-10-03T10:39:28+00:00\",\"dateModified\":\"2025-10-09T09:04:59+00:00\",\"description\":\"Notre champ d\u2019intervention est vaste : r\u00e9ponse aux appels d\u2019offres, gestion de r\u00e9seaux, offre de transport sur mesure, service de maintenance.\",\"breadcrumb\":{\"@id\":\"https:\\\/\\\/ratpconnect.com\\\/nos-solutions\\\/#breadcrumb\"},\"inLanguage\":\"fr-FR\",\"potentialAction\":[{\"@type\":\"ReadAction\",\"target\":[\"https:\\\/\\\/ratpconnect.com\\\/nos-solutions\\\/\"]}]},{\"@type\":\"ImageObject\",\"inLanguage\":\"fr-FR\",\"@id\":\"https:\\\/\\\/ratpconnect.com\\\/nos-solutions\\\/#primaryimage\",\"url\":\"https:\\\/\\\/ratpconnect.com\\\/wp-content\\\/uploads\\\/2023\\\/12\\\/Forme_BG_Cercle_Right.svg\",\"contentUrl\":\"https:\\\/\\\/ratpconnect.com\\\/wp-content\\\/uploads\\\/2023\\\/12\\\/Forme_BG_Cercle_Right.svg\"},{\"@type\":\"BreadcrumbList\",\"@id\":\"https:\\\/\\\/ratpconnect.com\\\/nos-solutions\\\/#breadcrumb\",\"itemListElement\":[{\"@type\":\"ListItem\",\"position\":1,\"name\":\"Accueil\",\"item\":\"https:\\\/\\\/ratpconnect.com\\\/\"},{\"@type\":\"ListItem\",\"position\":2,\"name\":\"Nos solutions\"}]},{\"@type\":\"WebSite\",\"@id\":\"https:\\\/\\\/ratpconnect.com\\\/#website\",\"url\":\"https:\\\/\\\/ratpconnect.com\\\/\",\"name\":\"RATP Connect\",\"description\":\"\",\"publisher\":{\"@id\":\"https:\\\/\\\/ratpconnect.com\\\/#organization\"},\"potentialAction\":[{\"@type\":\"SearchAction\",\"target\":{\"@type\":\"EntryPoint\",\"urlTemplate\":\"https:\\\/\\\/ratpconnect.com\\\/?s={search_term_string}\"},\"query-input\":{\"@type\":\"PropertyValueSpecification\",\"valueRequired\":true,\"valueName\":\"search_term_string\"}}],\"inLanguage\":\"fr-FR\"},{\"@type\":\"Organization\",\"@id\":\"https:\\\/\\\/ratpconnect.com\\\/#organization\",\"name\":\"RATP Cap \u00cele-de-France\",\"url\":\"https:\\\/\\\/ratpconnect.com\\\/\",\"logo\":{\"@type\":\"ImageObject\",\"inLanguage\":\"fr-FR\",\"@id\":\"https:\\\/\\\/ratpconnect.com\\\/#\\\/schema\\\/logo\\\/image\\\/\",\"url\":\"https:\\\/\\\/ratpconnect.com\\\/wp-content\\\/uploads\\\/2024\\\/10\\\/LogosConnect.svg\",\"contentUrl\":\"https:\\\/\\\/ratpconnect.com\\\/wp-content\\\/uploads\\\/2024\\\/10\\\/LogosConnect.svg\",\"caption\":\"RATP Cap \u00cele-de-France\"},\"image\":{\"@id\":\"https:\\\/\\\/ratpconnect.com\\\/#\\\/schema\\\/logo\\\/image\\\/\"}}]}<\/script>\n<!-- \/ Yoast SEO plugin. -->","yoast_head_json":{"title":"Op\u00e9rateur d'infrastructure fibre optique : nos solutions - RATP Connect","description":"Notre champ d\u2019intervention est vaste : r\u00e9ponse aux appels d\u2019offres, gestion de r\u00e9seaux, offre de transport sur mesure, service de maintenance.","robots":{"index":"index","follow":"follow","max-snippet":"max-snippet:-1","max-image-preview":"max-image-preview:large","max-video-preview":"max-video-preview:-1"},"canonical":"https:\/\/ratpconnect.com\/fr\/nos-solutions\/","og_locale":"fr_FR","og_type":"article","og_title":"Op\u00e9rateur d'infrastructure fibre optique : nos solutions - RATP Connect","og_description":"Notre champ d\u2019intervention est vaste : r\u00e9ponse aux appels d\u2019offres, gestion de r\u00e9seaux, offre de transport sur mesure, service de maintenance.","og_url":"https:\/\/ratpconnect.com\/fr\/nos-solutions\/","og_site_name":"RATP Connect","article_modified_time":"2025-10-09T09:04:59+00:00","twitter_card":"summary_large_image","twitter_misc":{"Dur\u00e9e de lecture estim\u00e9e":"2 minutes"},"schema":{"@context":"https:\/\/schema.org","@graph":[{"@type":"WebPage","@id":"https:\/\/ratpconnect.com\/nos-solutions\/","url":"https:\/\/ratpconnect.com\/nos-solutions\/","name":"Op\u00e9rateur d'infrastructure fibre optique : nos solutions - RATP Connect","isPartOf":{"@id":"https:\/\/ratpconnect.com\/#website"},"primaryImageOfPage":{"@id":"https:\/\/ratpconnect.com\/nos-solutions\/#primaryimage"},"image":{"@id":"https:\/\/ratpconnect.com\/nos-solutions\/#primaryimage"},"thumbnailUrl":"https:\/\/ratpconnect.com\/wp-content\/uploads\/2023\/12\/Forme_BG_Cercle_Right.svg","datePublished":"2023-10-03T10:39:28+00:00","dateModified":"2025-10-09T09:04:59+00:00","description":"Notre champ d\u2019intervention est vaste : r\u00e9ponse aux appels d\u2019offres, gestion de r\u00e9seaux, offre de transport sur mesure, service de maintenance.","breadcrumb":{"@id":"https:\/\/ratpconnect.com\/nos-solutions\/#breadcrumb"},"inLanguage":"fr-FR","potentialAction":[{"@type":"ReadAction","target":["https:\/\/ratpconnect.com\/nos-solutions\/"]}]},{"@type":"ImageObject","inLanguage":"fr-FR","@id":"https:\/\/ratpconnect.com\/nos-solutions\/#primaryimage","url":"https:\/\/ratpconnect.com\/wp-content\/uploads\/2023\/12\/Forme_BG_Cercle_Right.svg","contentUrl":"https:\/\/ratpconnect.com\/wp-content\/uploads\/2023\/12\/Forme_BG_Cercle_Right.svg"},{"@type":"BreadcrumbList","@id":"https:\/\/ratpconnect.com\/nos-solutions\/#breadcrumb","itemListElement":[{"@type":"ListItem","position":1,"name":"Accueil","item":"https:\/\/ratpconnect.com\/"},{"@type":"ListItem","position":2,"name":"Nos solutions"}]},{"@type":"WebSite","@id":"https:\/\/ratpconnect.com\/#website","url":"https:\/\/ratpconnect.com\/","name":"RATP Connect","description":"","publisher":{"@id":"https:\/\/ratpconnect.com\/#organization"},"potentialAction":[{"@type":"SearchAction","target":{"@type":"EntryPoint","urlTemplate":"https:\/\/ratpconnect.com\/?s={search_term_string}"},"query-input":{"@type":"PropertyValueSpecification","valueRequired":true,"valueName":"search_term_string"}}],"inLanguage":"fr-FR"},{"@type":"Organization","@id":"https:\/\/ratpconnect.com\/#organization","name":"RATP Cap \u00cele-de-France","url":"https:\/\/ratpconnect.com\/","logo":{"@type":"ImageObject","inLanguage":"fr-FR","@id":"https:\/\/ratpconnect.com\/#\/schema\/logo\/image\/","url":"https:\/\/ratpconnect.com\/wp-content\/uploads\/2024\/10\/LogosConnect.svg","contentUrl":"https:\/\/ratpconnect.com\/wp-content\/uploads\/2024\/10\/LogosConnect.svg","caption":"RATP Cap \u00cele-de-France"},"image":{"@id":"https:\/\/ratpconnect.com\/#\/schema\/logo\/image\/"}}]}},"_links":{"self":[{"href":"https:\/\/ratpconnect.com\/fr\/wp-json\/wp\/v2\/pages\/2","targetHints":{"allow":["GET"]}}],"collection":[{"href":"https:\/\/ratpconnect.com\/fr\/wp-json\/wp\/v2\/pages"}],"about":[{"href":"https:\/\/ratpconnect.com\/fr\/wp-json\/wp\/v2\/types\/page"}],"author":[{"embeddable":true,"href":"https:\/\/ratpconnect.com\/fr\/wp-json\/wp\/v2\/users\/7"}],"replies":[{"embeddable":true,"href":"https:\/\/ratpconnect.com\/fr\/wp-json\/wp\/v2\/comments?post=2"}],"version-history":[{"count":59,"href":"https:\/\/ratpconnect.com\/fr\/wp-json\/wp\/v2\/pages\/2\/revisions"}],"predecessor-version":[{"id":7631,"href":"https:\/\/ratpconnect.com\/fr\/wp-json\/wp\/v2\/pages\/2\/revisions\/7631"}],"wp:attachment":[{"href":"https:\/\/ratpconnect.com\/fr\/wp-json\/wp\/v2\/media?parent=2"}],"curies":[{"name":"wp","href":"https:\/\/api.w.org\/{rel}","templated":true}]}}