{"id":1376,"date":"2023-11-06T15:35:05","date_gmt":"2023-11-06T13:35:05","guid":{"rendered":"https:\/\/ratpconnect.com\/?page_id=1376"},"modified":"2025-08-04T11:13:55","modified_gmt":"2025-08-04T09:13:55","slug":"fibre-noire","status":"publish","type":"page","link":"https:\/\/ratpconnect.com\/fr\/nos-solutions\/fibre-noire\/","title":{"rendered":"La fibre optique noire"},"content":{"rendered":"<div class=\"gb-container gb-container-ec254eff page-title\">\n\n<h1 class=\"wp-block-heading page-title__heading\">La fibre optique noire, une\u00a0technologie fiable et \u00e9conomique<\/h1>\n\n<\/div>\n\n<div class=\"breadcrumbs align  wp-block-bcn-breadcrumb-trail has-text-color has-background\" vocab=\"https:\/\/schema.org\/\" typeof=\"BreadcrumbList\">\n\t<span><\/span>\n\t<span property=\"itemListElement\" typeof=\"ListItem\"><a property=\"item\" typeof=\"WebPage\" href=\"https:\/\/ratpconnect.com\/fr\/\" class=\"home\" aria-current=\"page\"><span property=\"name\">Accueil<\/span><\/a><meta property=\"position\" content=\"1\"><\/span><\/div>\n\n\n<div class=\"gb-container gb-container-bbacd815 bandeau-intro\">\n<div class=\"gb-container gb-container-7387bdc5 bandeau-intro__inside\">\n\n<h2 class=\"wp-block-heading mb-0 color-base-3\"><strong><strong>Acc\u00e9l\u00e9rer la transformation digitale des entreprises et collectivit\u00e9s \u00e0 l\u2019aide de la fibre optique noire<\/strong><\/strong><\/h2>\n\n\n\n<p class=\"mb-0 color-base-3\">Afin de faire b\u00e9n\u00e9ficier les entreprises et les collectivit\u00e9s d\u2019une connectivit\u00e9 \u00e0 toute \u00e9preuve, RATP Connect s&rsquo;engage depuis plus de 20 ans dans le d\u00e9ploiement du r\u00e9seau optique de fibre optique noire le plus vaste d&rsquo;\u00cele-de-France. Son atout ? Utiliser ses infrastructures ferroviaires du m\u00e9tro et du RER, pour faire passer des c\u00e2bles d\u2019un b\u00e2timent \u00e0 l\u2019autre. La fibre optique noire ouvre la voie \u00e0 un avenir num\u00e9rique plus connect\u00e9 et performant, qui r\u00e9pond aux exigences croissantes des entreprises en mati\u00e8re de Tr\u00e8s Haut D\u00e9bit.<\/p>\n\n<\/div>\n<\/div>\n\n<div class=\"gb-container gb-container-d07c0060 img-block-right__container\">\n<div class=\"gb-container gb-container-a5a13a21 img-block-right__sub-container\">\n<div class=\"gb-container gb-container-4ccd2a2c img-block-right__image-wrapper\">\n<div class=\"gb-container gb-container-b4ae217c img-block-right__image-container\">\n<div class=\"gb-container gb-container-23882782 img-block-right__image-content box-shadow--rounded--secondary\">\n<div class=\"wp-block-image img-block-right__image\">\n<figure class=\"aligncenter size-full\"><img loading=\"lazy\" decoding=\"async\" width=\"476\" height=\"510\" src=\"https:\/\/ratpconnect.com\/wp-content\/uploads\/2023\/11\/fibrenoire-ratp.webp\" alt=\"\" class=\"wp-image-2105\" style=\"object-fit:cover\" srcset=\"https:\/\/ratpconnect.com\/wp-content\/uploads\/2023\/11\/fibrenoire-ratp.webp 476w, https:\/\/ratpconnect.com\/wp-content\/uploads\/2023\/11\/fibrenoire-ratp-280x300.webp 280w\" sizes=\"auto, (max-width: 476px) 100vw, 476px\" \/><\/figure>\n<\/div>\n<\/div>\n<\/div>\n<\/div>\n\n<div class=\"gb-container gb-container-13011404 img-block-right__content border-line-full-page--right--primary\">\n<div class=\"gb-container gb-container-4cedf3e1 img-block-right__header\">\n<div class=\"gb-container gb-container-37f9fe6d img-block-right__header-content\">\n<div class=\"gb-container gb-container-68232e4d img-block-right__text-container\">\n\n<h3 class=\"wp-block-heading block-text-right__subtitle mb-0\"><strong>Activable<\/strong><strong> <\/strong><strong>selon les besoins<\/strong>&nbsp;<\/h3>\n\n\n\n<p class=\"img-block-right__text\">La fibre optique noire est la contraction courante de la Fibre Optique Noire (FON). Contrairement aux offres de fibre optique \u00e9clair\u00e9e, la fibre optique noire ne transporte initialement aucune lumi\u00e8re. Elle est activable apr\u00e8s l\u2019installation d\u2019\u00e9quipements optiques r\u00e9seau install\u00e9s aux deux extr\u00e9mit\u00e9s de la fibre, pour ajuster le d\u00e9bit en fonction des besoins en bande passante.\u00a0<\/p>\n\n<\/div>\n\n<div class=\"gb-container gb-container-2d6bddaa img-block-right__text-container\">\n\n<h3 class=\"wp-block-heading block-text-right__subtitle mb-0\"><strong>\u00c9volutive et adaptable<\/strong>&nbsp;<\/h3>\n\n\n\n<p class=\"img-block-right__text\">Adapt\u00e9e aux environnements de travail modernes et aux espaces connect\u00e9s souterrains, la fibre optique noire s\u2019adapte aux nouvelles fa\u00e7ons de travailler et r\u00e9pond aux besoins de l\u2019utilisation croissante des services cloud et du t\u00e9l\u00e9travail, notamment. La fibre noire permet une v\u00e9ritable libert\u00e9 de choix sur la s\u00e9lection de votre op\u00e9rateur qui pourra configurer tous les types de protocoles souhait\u00e9s.\u00a0<\/p>\n\n<\/div>\n\n<div class=\"gb-container gb-container-697cc853 img-block-right__text-container\">\n\n<h3 class=\"wp-block-heading block-text-right__subtitle mb-0\"><strong>Un r\u00e9seau fiable et hautement s\u00e9curis\u00e9<\/strong>&nbsp;<\/h3>\n\n\n\n<p class=\"img-block-right__text mb-0\">Opter pour la fibre optique noire, c&rsquo;est choisir, une s\u00e9curit\u00e9 renforc\u00e9e pour vos donn\u00e9es et vos activit\u00e9s professionnelles. Consid\u00e9r\u00e9e comme une r\u00e9volution technologique majeure dans le domaine les t\u00e9l\u00e9communications, elle offre de tr\u00e8s hauts d\u00e9bits (THD), personnalisables et s\u00e9curis\u00e9s, tout en garantissant une meilleure qualit\u00e9 de transmission.\u00a0<\/p>\n\n<\/div>\n<\/div>\n<\/div>\n<\/div>\n<\/div>\n<\/div>\n\n<div class=\"gb-container gb-container-c5ca65df illu-background-container\">\n<div class=\"gb-container gb-container-df820017 illu-background-topcover\"><\/div>\n\n\n<figure class=\"wp-block-image size-full illustration-background-circle-left\"><img decoding=\"async\" src=\"https:\/\/ratpconnect.com\/wp-content\/uploads\/2023\/12\/Forme_BG_Cercle_Left.svg\" alt=\"\" class=\"wp-image-4056\"\/><\/figure>\n\n\n\n<figure class=\"wp-block-image size-full illustration-background-circle-left--opposite\"><img decoding=\"async\" src=\"https:\/\/ratpconnect.com\/wp-content\/uploads\/2024\/03\/Forme_BG_Cercle_Right.svg\" alt=\"\" class=\"wp-image-5461\"\/><\/figure>\n\n<\/div>","protected":false},"excerpt":{"rendered":"<p>La fibre optique noire, une\u00a0technologie fiable et \u00e9conomique Acc\u00e9l\u00e9rer la transformation digitale des entreprises et collectivit\u00e9s \u00e0 l\u2019aide de la fibre optique noire Afin de faire b\u00e9n\u00e9ficier les entreprises et les collectivit\u00e9s d\u2019une connectivit\u00e9 \u00e0 toute \u00e9preuve, RATP Connect s&rsquo;engage depuis plus de 20 ans dans le d\u00e9ploiement du r\u00e9seau optique de fibre optique noire &#8230; <a title=\"La fibre optique noire\" class=\"read-more\" href=\"https:\/\/ratpconnect.com\/fr\/nos-solutions\/fibre-noire\/\" aria-label=\"En savoir plus sur La fibre optique noire\">Lire plus<\/a><\/p>\n","protected":false},"author":8,"featured_media":2105,"parent":2,"menu_order":0,"comment_status":"closed","ping_status":"closed","template":"","meta":{"footnotes":""},"class_list":["post-1376","page","type-page","status-publish","has-post-thumbnail"],"yoast_head":"<!-- This site is optimized with the Yoast SEO plugin v27.3 - https:\/\/yoast.com\/product\/yoast-seo-wordpress\/ -->\n<title>Fibre optique noire : solution d\u00e9di\u00e9e tr\u00e8s haut d\u00e9bit - RATP Connect<\/title>\n<meta name=\"description\" content=\"Optez pour la fibre optique noire : une technologie fiable et \u00e9conomique. Acc\u00e9l\u00e9rez votre transformation digitale gr\u00e2ce \u00e0 une solution souple et adaptable.\" \/>\n<meta name=\"robots\" content=\"index, follow, max-snippet:-1, max-image-preview:large, max-video-preview:-1\" \/>\n<link rel=\"canonical\" href=\"https:\/\/ratpconnect.com\/fr\/nos-solutions\/fibre-noire\/\" \/>\n<meta property=\"og:locale\" content=\"fr_FR\" \/>\n<meta property=\"og:type\" content=\"article\" \/>\n<meta property=\"og:title\" content=\"Fibre optique noire : solution d\u00e9di\u00e9e tr\u00e8s haut d\u00e9bit - RATP Connect\" \/>\n<meta property=\"og:description\" content=\"Optez pour la fibre optique noire : une technologie fiable et \u00e9conomique. Acc\u00e9l\u00e9rez votre transformation digitale gr\u00e2ce \u00e0 une solution souple et adaptable.\" \/>\n<meta property=\"og:url\" content=\"https:\/\/ratpconnect.com\/fr\/nos-solutions\/fibre-noire\/\" \/>\n<meta property=\"og:site_name\" content=\"RATP Connect\" \/>\n<meta property=\"article:modified_time\" content=\"2025-08-04T09:13:55+00:00\" \/>\n<meta property=\"og:image\" content=\"https:\/\/ratpconnect.com\/wp-content\/uploads\/2023\/11\/fibrenoire-ratp.webp\" \/>\n\t<meta property=\"og:image:width\" content=\"476\" \/>\n\t<meta property=\"og:image:height\" content=\"510\" \/>\n\t<meta property=\"og:image:type\" content=\"image\/webp\" \/>\n<meta name=\"twitter:card\" content=\"summary_large_image\" \/>\n<meta name=\"twitter:label1\" content=\"Dur\u00e9e de lecture estim\u00e9e\" \/>\n\t<meta name=\"twitter:data1\" content=\"3 minutes\" \/>\n<script type=\"application\/ld+json\" class=\"yoast-schema-graph\">{\"@context\":\"https:\\\/\\\/schema.org\",\"@graph\":[{\"@type\":\"WebPage\",\"@id\":\"https:\\\/\\\/ratpconnect.com\\\/nos-solutions\\\/fibre-noire\\\/\",\"url\":\"https:\\\/\\\/ratpconnect.com\\\/nos-solutions\\\/fibre-noire\\\/\",\"name\":\"Fibre optique noire : solution d\u00e9di\u00e9e tr\u00e8s haut d\u00e9bit - RATP Connect\",\"isPartOf\":{\"@id\":\"https:\\\/\\\/ratpconnect.com\\\/#website\"},\"primaryImageOfPage\":{\"@id\":\"https:\\\/\\\/ratpconnect.com\\\/nos-solutions\\\/fibre-noire\\\/#primaryimage\"},\"image\":{\"@id\":\"https:\\\/\\\/ratpconnect.com\\\/nos-solutions\\\/fibre-noire\\\/#primaryimage\"},\"thumbnailUrl\":\"https:\\\/\\\/ratpconnect.com\\\/wp-content\\\/uploads\\\/2023\\\/11\\\/fibrenoire-ratp.webp\",\"datePublished\":\"2023-11-06T13:35:05+00:00\",\"dateModified\":\"2025-08-04T09:13:55+00:00\",\"description\":\"Optez pour la fibre optique noire : une technologie fiable et \u00e9conomique. Acc\u00e9l\u00e9rez votre transformation digitale gr\u00e2ce \u00e0 une solution souple et adaptable.\",\"breadcrumb\":{\"@id\":\"https:\\\/\\\/ratpconnect.com\\\/nos-solutions\\\/fibre-noire\\\/#breadcrumb\"},\"inLanguage\":\"fr-FR\",\"potentialAction\":[{\"@type\":\"ReadAction\",\"target\":[\"https:\\\/\\\/ratpconnect.com\\\/nos-solutions\\\/fibre-noire\\\/\"]}]},{\"@type\":\"ImageObject\",\"inLanguage\":\"fr-FR\",\"@id\":\"https:\\\/\\\/ratpconnect.com\\\/nos-solutions\\\/fibre-noire\\\/#primaryimage\",\"url\":\"https:\\\/\\\/ratpconnect.com\\\/wp-content\\\/uploads\\\/2023\\\/11\\\/fibrenoire-ratp.webp\",\"contentUrl\":\"https:\\\/\\\/ratpconnect.com\\\/wp-content\\\/uploads\\\/2023\\\/11\\\/fibrenoire-ratp.webp\",\"width\":476,\"height\":510},{\"@type\":\"BreadcrumbList\",\"@id\":\"https:\\\/\\\/ratpconnect.com\\\/nos-solutions\\\/fibre-noire\\\/#breadcrumb\",\"itemListElement\":[{\"@type\":\"ListItem\",\"position\":1,\"name\":\"Accueil\",\"item\":\"https:\\\/\\\/ratpconnect.com\\\/\"},{\"@type\":\"ListItem\",\"position\":2,\"name\":\"Nos solutions\",\"item\":\"https:\\\/\\\/ratpconnect.com\\\/nos-solutions\\\/\"},{\"@type\":\"ListItem\",\"position\":3,\"name\":\"La fibre optique noire\"}]},{\"@type\":\"WebSite\",\"@id\":\"https:\\\/\\\/ratpconnect.com\\\/#website\",\"url\":\"https:\\\/\\\/ratpconnect.com\\\/\",\"name\":\"RATP Connect\",\"description\":\"\",\"publisher\":{\"@id\":\"https:\\\/\\\/ratpconnect.com\\\/#organization\"},\"potentialAction\":[{\"@type\":\"SearchAction\",\"target\":{\"@type\":\"EntryPoint\",\"urlTemplate\":\"https:\\\/\\\/ratpconnect.com\\\/?s={search_term_string}\"},\"query-input\":{\"@type\":\"PropertyValueSpecification\",\"valueRequired\":true,\"valueName\":\"search_term_string\"}}],\"inLanguage\":\"fr-FR\"},{\"@type\":\"Organization\",\"@id\":\"https:\\\/\\\/ratpconnect.com\\\/#organization\",\"name\":\"RATP Cap \u00cele-de-France\",\"url\":\"https:\\\/\\\/ratpconnect.com\\\/\",\"logo\":{\"@type\":\"ImageObject\",\"inLanguage\":\"fr-FR\",\"@id\":\"https:\\\/\\\/ratpconnect.com\\\/#\\\/schema\\\/logo\\\/image\\\/\",\"url\":\"https:\\\/\\\/ratpconnect.com\\\/wp-content\\\/uploads\\\/2024\\\/10\\\/LogosConnect.svg\",\"contentUrl\":\"https:\\\/\\\/ratpconnect.com\\\/wp-content\\\/uploads\\\/2024\\\/10\\\/LogosConnect.svg\",\"caption\":\"RATP Cap \u00cele-de-France\"},\"image\":{\"@id\":\"https:\\\/\\\/ratpconnect.com\\\/#\\\/schema\\\/logo\\\/image\\\/\"}}]}<\/script>\n<!-- \/ Yoast SEO plugin. -->","yoast_head_json":{"title":"Fibre optique noire : solution d\u00e9di\u00e9e tr\u00e8s haut d\u00e9bit - RATP Connect","description":"Optez pour la fibre optique noire : une technologie fiable et \u00e9conomique. Acc\u00e9l\u00e9rez votre transformation digitale gr\u00e2ce \u00e0 une solution souple et adaptable.","robots":{"index":"index","follow":"follow","max-snippet":"max-snippet:-1","max-image-preview":"max-image-preview:large","max-video-preview":"max-video-preview:-1"},"canonical":"https:\/\/ratpconnect.com\/fr\/nos-solutions\/fibre-noire\/","og_locale":"fr_FR","og_type":"article","og_title":"Fibre optique noire : solution d\u00e9di\u00e9e tr\u00e8s haut d\u00e9bit - RATP Connect","og_description":"Optez pour la fibre optique noire : une technologie fiable et \u00e9conomique. Acc\u00e9l\u00e9rez votre transformation digitale gr\u00e2ce \u00e0 une solution souple et adaptable.","og_url":"https:\/\/ratpconnect.com\/fr\/nos-solutions\/fibre-noire\/","og_site_name":"RATP Connect","article_modified_time":"2025-08-04T09:13:55+00:00","og_image":[{"width":476,"height":510,"url":"https:\/\/ratpconnect.com\/wp-content\/uploads\/2023\/11\/fibrenoire-ratp.webp","type":"image\/webp"}],"twitter_card":"summary_large_image","twitter_misc":{"Dur\u00e9e de lecture estim\u00e9e":"3 minutes"},"schema":{"@context":"https:\/\/schema.org","@graph":[{"@type":"WebPage","@id":"https:\/\/ratpconnect.com\/nos-solutions\/fibre-noire\/","url":"https:\/\/ratpconnect.com\/nos-solutions\/fibre-noire\/","name":"Fibre optique noire : solution d\u00e9di\u00e9e tr\u00e8s haut d\u00e9bit - RATP Connect","isPartOf":{"@id":"https:\/\/ratpconnect.com\/#website"},"primaryImageOfPage":{"@id":"https:\/\/ratpconnect.com\/nos-solutions\/fibre-noire\/#primaryimage"},"image":{"@id":"https:\/\/ratpconnect.com\/nos-solutions\/fibre-noire\/#primaryimage"},"thumbnailUrl":"https:\/\/ratpconnect.com\/wp-content\/uploads\/2023\/11\/fibrenoire-ratp.webp","datePublished":"2023-11-06T13:35:05+00:00","dateModified":"2025-08-04T09:13:55+00:00","description":"Optez pour la fibre optique noire : une technologie fiable et \u00e9conomique. Acc\u00e9l\u00e9rez votre transformation digitale gr\u00e2ce \u00e0 une solution souple et adaptable.","breadcrumb":{"@id":"https:\/\/ratpconnect.com\/nos-solutions\/fibre-noire\/#breadcrumb"},"inLanguage":"fr-FR","potentialAction":[{"@type":"ReadAction","target":["https:\/\/ratpconnect.com\/nos-solutions\/fibre-noire\/"]}]},{"@type":"ImageObject","inLanguage":"fr-FR","@id":"https:\/\/ratpconnect.com\/nos-solutions\/fibre-noire\/#primaryimage","url":"https:\/\/ratpconnect.com\/wp-content\/uploads\/2023\/11\/fibrenoire-ratp.webp","contentUrl":"https:\/\/ratpconnect.com\/wp-content\/uploads\/2023\/11\/fibrenoire-ratp.webp","width":476,"height":510},{"@type":"BreadcrumbList","@id":"https:\/\/ratpconnect.com\/nos-solutions\/fibre-noire\/#breadcrumb","itemListElement":[{"@type":"ListItem","position":1,"name":"Accueil","item":"https:\/\/ratpconnect.com\/"},{"@type":"ListItem","position":2,"name":"Nos solutions","item":"https:\/\/ratpconnect.com\/nos-solutions\/"},{"@type":"ListItem","position":3,"name":"La fibre optique noire"}]},{"@type":"WebSite","@id":"https:\/\/ratpconnect.com\/#website","url":"https:\/\/ratpconnect.com\/","name":"RATP Connect","description":"","publisher":{"@id":"https:\/\/ratpconnect.com\/#organization"},"potentialAction":[{"@type":"SearchAction","target":{"@type":"EntryPoint","urlTemplate":"https:\/\/ratpconnect.com\/?s={search_term_string}"},"query-input":{"@type":"PropertyValueSpecification","valueRequired":true,"valueName":"search_term_string"}}],"inLanguage":"fr-FR"},{"@type":"Organization","@id":"https:\/\/ratpconnect.com\/#organization","name":"RATP Cap \u00cele-de-France","url":"https:\/\/ratpconnect.com\/","logo":{"@type":"ImageObject","inLanguage":"fr-FR","@id":"https:\/\/ratpconnect.com\/#\/schema\/logo\/image\/","url":"https:\/\/ratpconnect.com\/wp-content\/uploads\/2024\/10\/LogosConnect.svg","contentUrl":"https:\/\/ratpconnect.com\/wp-content\/uploads\/2024\/10\/LogosConnect.svg","caption":"RATP Cap \u00cele-de-France"},"image":{"@id":"https:\/\/ratpconnect.com\/#\/schema\/logo\/image\/"}}]}},"_links":{"self":[{"href":"https:\/\/ratpconnect.com\/fr\/wp-json\/wp\/v2\/pages\/1376","targetHints":{"allow":["GET"]}}],"collection":[{"href":"https:\/\/ratpconnect.com\/fr\/wp-json\/wp\/v2\/pages"}],"about":[{"href":"https:\/\/ratpconnect.com\/fr\/wp-json\/wp\/v2\/types\/page"}],"author":[{"embeddable":true,"href":"https:\/\/ratpconnect.com\/fr\/wp-json\/wp\/v2\/users\/8"}],"replies":[{"embeddable":true,"href":"https:\/\/ratpconnect.com\/fr\/wp-json\/wp\/v2\/comments?post=1376"}],"version-history":[{"count":175,"href":"https:\/\/ratpconnect.com\/fr\/wp-json\/wp\/v2\/pages\/1376\/revisions"}],"predecessor-version":[{"id":7546,"href":"https:\/\/ratpconnect.com\/fr\/wp-json\/wp\/v2\/pages\/1376\/revisions\/7546"}],"up":[{"embeddable":true,"href":"https:\/\/ratpconnect.com\/fr\/wp-json\/wp\/v2\/pages\/2"}],"wp:featuredmedia":[{"embeddable":true,"href":"https:\/\/ratpconnect.com\/fr\/wp-json\/wp\/v2\/media\/2105"}],"wp:attachment":[{"href":"https:\/\/ratpconnect.com\/fr\/wp-json\/wp\/v2\/media?parent=1376"}],"curies":[{"name":"wp","href":"https:\/\/api.w.org\/{rel}","templated":true}]}}