{"id":7483,"date":"2025-07-02T09:56:50","date_gmt":"2025-07-02T07:56:50","guid":{"rendered":"https:\/\/ratpconnect.com\/?page_id=7483"},"modified":"2025-07-02T09:59:42","modified_gmt":"2025-07-02T07:59:42","slug":"edge-hosting-un-hebergement-souverain-securise-et-local","status":"publish","type":"page","link":"https:\/\/ratpconnect.com\/en\/our-solutions\/edge-hosting-un-hebergement-souverain-securise-et-local\/","title":{"rendered":"Edge Hosting, a sovereign, secure, and local hosting"},"content":{"rendered":"<div class=\"gb-container gb-container-ec254eff page-title\">\n\n<h1 class=\"wp-block-heading page-title__heading\">Edge Hosting, a sovereign, secure, and local hosting<\/h1>\n\n<\/div>\n\n<div class=\"breadcrumbs align  wp-block-bcn-breadcrumb-trail has-text-color has-background\" vocab=\"https:\/\/schema.org\/\" typeof=\"BreadcrumbList\">\n\t<span><\/span>\n\t<span property=\"itemListElement\" typeof=\"ListItem\"><a property=\"item\" typeof=\"WebPage\" href=\"https:\/\/ratpconnect.com\/en\/\" class=\"home\" aria-current=\"page\"><span property=\"name\">Home page<\/span><\/a><meta property=\"position\" content=\"1\"><\/span><\/div>\n\n\n<div class=\"gb-container gb-container-bbacd815 bandeau-intro\">\n<div class=\"gb-container gb-container-7387bdc5 bandeau-intro__inside\">\n\n<h2 class=\"wp-block-heading mb-0 color-base-3\"><strong><strong><strong>Accelerating the digital transformation of businesses and local authorities through proximity hosting.<\/strong><\/strong><\/strong><\/h2>\n\n\n\n<p class=\"mb-0 color-base-3\">To address the growing challenges of sovereignty, security, and data performance, RATP Connect and Connect Grand Paris offer a robust, scalable, and 100% French Edge Hosting solution. Supported by the largest underground fiber optic network in \u00cele-de-France and the strategic infrastructures of the Grand Paris Express, our offering enables businesses, operators, local authorities, and institutions to benefit from localized, secure hosting that complies with European regulatory requirements.<br>A concrete response to growing data volumes, proximity demands, and digital resilience needs.<\/p>\n\n<\/div>\n<\/div>\n\n<div class=\"gb-container gb-container-d07c0060 img-block-right__container\">\n<div class=\"gb-container gb-container-a5a13a21 img-block-right__sub-container\">\n<div class=\"gb-container gb-container-4ccd2a2c img-block-right__image-wrapper\">\n<div class=\"gb-container gb-container-b4ae217c img-block-right__image-container\">\n<div class=\"gb-container gb-container-23882782 img-block-right__image-content box-shadowu002du002droundedu002du002dsecondary\">\n<div class=\"wp-block-image img-block-right__image\">\n<figure class=\"aligncenter size-full\"><img loading=\"lazy\" decoding=\"async\" width=\"476\" height=\"510\" src=\"https:\/\/ratpconnect.com\/wp-content\/uploads\/2023\/11\/fibrenoire-ratp.webp\" alt=\"\" class=\"wp-image-2105\" style=\"object-fit:cover\" srcset=\"https:\/\/ratpconnect.com\/wp-content\/uploads\/2023\/11\/fibrenoire-ratp.webp 476w, https:\/\/ratpconnect.com\/wp-content\/uploads\/2023\/11\/fibrenoire-ratp-280x300.webp 280w\" sizes=\"auto, (max-width: 476px) 100vw, 476px\" \/><\/figure>\n<\/div>\n<\/div>\n<\/div>\n<\/div>\n\n<div class=\"gb-container gb-container-13011404 img-block-right__content border-line-full-pageu002du002drightu002du002dprimary\">\n<div class=\"gb-container gb-container-4cedf3e1 img-block-right__header\">\n<div class=\"gb-container gb-container-37f9fe6d img-block-right__header-content\">\n<div class=\"gb-container gb-container-68232e4d img-block-right__text-container\">\n\n<h3 class=\"wp-block-heading block-text-right__subtitle mb-0\"><strong>Local hosting<\/strong><\/h3>\n\n\n\n<p>With over 150 hosting rooms located in the stations of the Grand Paris Express, our solutions provide low latency and direct connectivity to your systems, delivering services close to your users and critical applications.<\/p>\n\n\n\n<h3 class=\"wp-block-heading block-text-right__subtitle mb-0\"><strong>Sovereignty and compliance<\/strong><\/h3>\n\n\n\n<p>A 100% French offering, compliant with European regulations, designed to ensure control and security of your strategic data. The expertise of RATP and the strength of its partners guarantee the longevity of your infrastructure.<\/p>\n\n\n\n<h3 class=\"wp-block-heading block-text-right__subtitle mb-0\"><strong>Highest level of security<\/strong><\/h3>\n\n\n\n<p>Our underground infrastructures feature geographic redundancy and a high level of protection (24\/7 access, 4-hour restoration time), ensuring the resilience of your digital environments.<\/p>\n\n\n\n<h3 class=\"wp-block-heading block-text-right__subtitle mb-0\"><strong>Scalable and adaptable infrastructure<\/strong><\/h3>\n\n\n\n<p>Solutions designed to evolve with your needs: inter-site cross-connects, racks tailored to specific requirements.\u00a0<\/p>\n\n<\/div>\n<\/div>\n<\/div>\n<\/div>\n<\/div>\n<\/div>\n\n<div class=\"gb-container gb-container-c5ca65df illu-background-container\">\n<div class=\"gb-container gb-container-df820017 illu-background-topcover\"><\/div>\n\n\n<figure class=\"wp-block-image size-full illustration-background-circle-left\"><img decoding=\"async\" src=\"https:\/\/ratpconnect.com\/wp-content\/uploads\/2023\/12\/Forme_BG_Cercle_Left.svg\" alt=\"\" class=\"wp-image-4056\"\/><\/figure>\n\n\n\n<figure class=\"wp-block-image size-full illustration-background-circle-left--opposite\"><img decoding=\"async\" src=\"https:\/\/ratpconnect.com\/wp-content\/uploads\/2024\/03\/Forme_BG_Cercle_Right.svg\" alt=\"\" class=\"wp-image-5461\"\/><\/figure>\n\n<\/div>","protected":false},"excerpt":{"rendered":"<p>Edge Hosting, un h\u00e9bergement souverain, s\u00e9curis\u00e9 et local Acc\u00e9l\u00e9rer la transformation digitale des entreprises et collectivit\u00e9s gr\u00e2ce \u00e0 un h\u00e9bergement de proximit\u00e9 Pour r\u00e9pondre aux enjeux croissants de souverainet\u00e9, de s\u00e9curit\u00e9 et de performance des donn\u00e9es, RATP Connect et Connect Grand Paris proposent une solution d\u2019Edge Hosting robuste, \u00e9volutive et 100 % fran\u00e7aise. Adoss\u00e9e au &#8230; <a title=\"Edge Hosting, a sovereign, secure, and local hosting\" class=\"read-more\" href=\"https:\/\/ratpconnect.com\/en\/our-solutions\/edge-hosting-un-hebergement-souverain-securise-et-local\/\" aria-label=\"Read more about Edge Hosting, un h\u00e9bergement souverain, s\u00e9curis\u00e9 et local\">Read more<\/a><\/p>","protected":false},"author":4,"featured_media":2105,"parent":2,"menu_order":0,"comment_status":"closed","ping_status":"closed","template":"","meta":{"footnotes":""},"class_list":["post-7483","page","type-page","status-publish","has-post-thumbnail"],"yoast_head":"<!-- This site is optimized with the Yoast SEO plugin v27.3 - https:\/\/yoast.com\/product\/yoast-seo-wordpress\/ -->\n<title>Edge Hosting, un h\u00e9bergement souverain, s\u00e9curis\u00e9 et local - RATP Connect<\/title>\n<meta name=\"description\" content=\"Acc\u00e9l\u00e9rer la transformation digitale des entreprises et collectivit\u00e9s gr\u00e2ce \u00e0 un h\u00e9bergement de proximit\u00e9.\" \/>\n<meta name=\"robots\" content=\"index, follow, max-snippet:-1, max-image-preview:large, max-video-preview:-1\" \/>\n<link rel=\"canonical\" href=\"https:\/\/ratpconnect.com\/en\/our-solutions\/edge-hosting-un-hebergement-souverain-securise-et-local\/\" \/>\n<meta property=\"og:locale\" content=\"en_GB\" \/>\n<meta property=\"og:type\" content=\"article\" \/>\n<meta property=\"og:title\" content=\"Edge Hosting, un h\u00e9bergement souverain, s\u00e9curis\u00e9 et local - RATP Connect\" \/>\n<meta property=\"og:description\" content=\"Acc\u00e9l\u00e9rer la transformation digitale des entreprises et collectivit\u00e9s gr\u00e2ce \u00e0 un h\u00e9bergement de proximit\u00e9.\" \/>\n<meta property=\"og:url\" content=\"https:\/\/ratpconnect.com\/en\/our-solutions\/edge-hosting-un-hebergement-souverain-securise-et-local\/\" \/>\n<meta property=\"og:site_name\" content=\"RATP Connect\" \/>\n<meta property=\"article:modified_time\" content=\"2025-07-02T07:59:42+00:00\" \/>\n<meta property=\"og:image\" content=\"https:\/\/ratpconnect.com\/wp-content\/uploads\/2023\/11\/fibrenoire-ratp.webp\" \/>\n\t<meta property=\"og:image:width\" content=\"476\" \/>\n\t<meta property=\"og:image:height\" content=\"510\" \/>\n\t<meta property=\"og:image:type\" content=\"image\/webp\" \/>\n<meta name=\"twitter:card\" content=\"summary_large_image\" \/>\n<meta name=\"twitter:label1\" content=\"Estimated reading time\" \/>\n\t<meta name=\"twitter:data1\" content=\"3 minutes\" \/>\n<script type=\"application\/ld+json\" class=\"yoast-schema-graph\">{\"@context\":\"https:\\\/\\\/schema.org\",\"@graph\":[{\"@type\":\"WebPage\",\"@id\":\"https:\\\/\\\/ratpconnect.com\\\/nos-solutions\\\/edge-hosting-un-hebergement-souverain-securise-et-local\\\/\",\"url\":\"https:\\\/\\\/ratpconnect.com\\\/nos-solutions\\\/edge-hosting-un-hebergement-souverain-securise-et-local\\\/\",\"name\":\"Edge Hosting, un h\u00e9bergement souverain, s\u00e9curis\u00e9 et local - RATP Connect\",\"isPartOf\":{\"@id\":\"https:\\\/\\\/ratpconnect.com\\\/#website\"},\"primaryImageOfPage\":{\"@id\":\"https:\\\/\\\/ratpconnect.com\\\/nos-solutions\\\/edge-hosting-un-hebergement-souverain-securise-et-local\\\/#primaryimage\"},\"image\":{\"@id\":\"https:\\\/\\\/ratpconnect.com\\\/nos-solutions\\\/edge-hosting-un-hebergement-souverain-securise-et-local\\\/#primaryimage\"},\"thumbnailUrl\":\"https:\\\/\\\/ratpconnect.com\\\/wp-content\\\/uploads\\\/2023\\\/11\\\/fibrenoire-ratp.webp\",\"datePublished\":\"2025-07-02T07:56:50+00:00\",\"dateModified\":\"2025-07-02T07:59:42+00:00\",\"description\":\"Acc\u00e9l\u00e9rer la transformation digitale des entreprises et collectivit\u00e9s gr\u00e2ce \u00e0 un h\u00e9bergement de proximit\u00e9.\",\"breadcrumb\":{\"@id\":\"https:\\\/\\\/ratpconnect.com\\\/nos-solutions\\\/edge-hosting-un-hebergement-souverain-securise-et-local\\\/#breadcrumb\"},\"inLanguage\":\"en-GB\",\"potentialAction\":[{\"@type\":\"ReadAction\",\"target\":[\"https:\\\/\\\/ratpconnect.com\\\/nos-solutions\\\/edge-hosting-un-hebergement-souverain-securise-et-local\\\/\"]}]},{\"@type\":\"ImageObject\",\"inLanguage\":\"en-GB\",\"@id\":\"https:\\\/\\\/ratpconnect.com\\\/nos-solutions\\\/edge-hosting-un-hebergement-souverain-securise-et-local\\\/#primaryimage\",\"url\":\"https:\\\/\\\/ratpconnect.com\\\/wp-content\\\/uploads\\\/2023\\\/11\\\/fibrenoire-ratp.webp\",\"contentUrl\":\"https:\\\/\\\/ratpconnect.com\\\/wp-content\\\/uploads\\\/2023\\\/11\\\/fibrenoire-ratp.webp\",\"width\":476,\"height\":510},{\"@type\":\"BreadcrumbList\",\"@id\":\"https:\\\/\\\/ratpconnect.com\\\/nos-solutions\\\/edge-hosting-un-hebergement-souverain-securise-et-local\\\/#breadcrumb\",\"itemListElement\":[{\"@type\":\"ListItem\",\"position\":1,\"name\":\"Accueil\",\"item\":\"https:\\\/\\\/ratpconnect.com\\\/\"},{\"@type\":\"ListItem\",\"position\":2,\"name\":\"Nos solutions\",\"item\":\"https:\\\/\\\/ratpconnect.com\\\/nos-solutions\\\/\"},{\"@type\":\"ListItem\",\"position\":3,\"name\":\"Edge Hosting, un h\u00e9bergement souverain, s\u00e9curis\u00e9 et local\"}]},{\"@type\":\"WebSite\",\"@id\":\"https:\\\/\\\/ratpconnect.com\\\/#website\",\"url\":\"https:\\\/\\\/ratpconnect.com\\\/\",\"name\":\"RATP Connect\",\"description\":\"\",\"publisher\":{\"@id\":\"https:\\\/\\\/ratpconnect.com\\\/#organization\"},\"potentialAction\":[{\"@type\":\"SearchAction\",\"target\":{\"@type\":\"EntryPoint\",\"urlTemplate\":\"https:\\\/\\\/ratpconnect.com\\\/?s={search_term_string}\"},\"query-input\":{\"@type\":\"PropertyValueSpecification\",\"valueRequired\":true,\"valueName\":\"search_term_string\"}}],\"inLanguage\":\"en-GB\"},{\"@type\":\"Organization\",\"@id\":\"https:\\\/\\\/ratpconnect.com\\\/#organization\",\"name\":\"RATP Cap \u00cele-de-France\",\"url\":\"https:\\\/\\\/ratpconnect.com\\\/\",\"logo\":{\"@type\":\"ImageObject\",\"inLanguage\":\"en-GB\",\"@id\":\"https:\\\/\\\/ratpconnect.com\\\/#\\\/schema\\\/logo\\\/image\\\/\",\"url\":\"https:\\\/\\\/ratpconnect.com\\\/wp-content\\\/uploads\\\/2024\\\/10\\\/LogosConnect.svg\",\"contentUrl\":\"https:\\\/\\\/ratpconnect.com\\\/wp-content\\\/uploads\\\/2024\\\/10\\\/LogosConnect.svg\",\"caption\":\"RATP Cap \u00cele-de-France\"},\"image\":{\"@id\":\"https:\\\/\\\/ratpconnect.com\\\/#\\\/schema\\\/logo\\\/image\\\/\"}}]}<\/script>\n<!-- \/ Yoast SEO plugin. -->","yoast_head_json":{"title":"Edge Hosting: sovereign, secure, and local hosting \u2013 RATP Connect","description":"Accelerating the digital transformation of businesses and local authorities through proximity hosting.","robots":{"index":"index","follow":"follow","max-snippet":"max-snippet:-1","max-image-preview":"max-image-preview:large","max-video-preview":"max-video-preview:-1"},"canonical":"https:\/\/ratpconnect.com\/en\/our-solutions\/edge-hosting-un-hebergement-souverain-securise-et-local\/","og_locale":"en_GB","og_type":"article","og_title":"Edge Hosting, un h\u00e9bergement souverain, s\u00e9curis\u00e9 et local - RATP Connect","og_description":"Acc\u00e9l\u00e9rer la transformation digitale des entreprises et collectivit\u00e9s gr\u00e2ce \u00e0 un h\u00e9bergement de proximit\u00e9.","og_url":"https:\/\/ratpconnect.com\/en\/our-solutions\/edge-hosting-un-hebergement-souverain-securise-et-local\/","og_site_name":"RATP Connect","article_modified_time":"2025-07-02T07:59:42+00:00","og_image":[{"width":476,"height":510,"url":"https:\/\/ratpconnect.com\/wp-content\/uploads\/2023\/11\/fibrenoire-ratp.webp","type":"image\/webp"}],"twitter_card":"summary_large_image","twitter_misc":{"Estimated reading time":"3 minutes"},"schema":{"@context":"https:\/\/schema.org","@graph":[{"@type":"WebPage","@id":"https:\/\/ratpconnect.com\/nos-solutions\/edge-hosting-un-hebergement-souverain-securise-et-local\/","url":"https:\/\/ratpconnect.com\/nos-solutions\/edge-hosting-un-hebergement-souverain-securise-et-local\/","name":"Edge Hosting: sovereign, secure, and local hosting \u2013 RATP Connect","isPartOf":{"@id":"https:\/\/ratpconnect.com\/#website"},"primaryImageOfPage":{"@id":"https:\/\/ratpconnect.com\/nos-solutions\/edge-hosting-un-hebergement-souverain-securise-et-local\/#primaryimage"},"image":{"@id":"https:\/\/ratpconnect.com\/nos-solutions\/edge-hosting-un-hebergement-souverain-securise-et-local\/#primaryimage"},"thumbnailUrl":"https:\/\/ratpconnect.com\/wp-content\/uploads\/2023\/11\/fibrenoire-ratp.webp","datePublished":"2025-07-02T07:56:50+00:00","dateModified":"2025-07-02T07:59:42+00:00","description":"Accelerating the digital transformation of businesses and local authorities through proximity hosting.","breadcrumb":{"@id":"https:\/\/ratpconnect.com\/nos-solutions\/edge-hosting-un-hebergement-souverain-securise-et-local\/#breadcrumb"},"inLanguage":"en-GB","potentialAction":[{"@type":"ReadAction","target":["https:\/\/ratpconnect.com\/nos-solutions\/edge-hosting-un-hebergement-souverain-securise-et-local\/"]}]},{"@type":"ImageObject","inLanguage":"en-GB","@id":"https:\/\/ratpconnect.com\/nos-solutions\/edge-hosting-un-hebergement-souverain-securise-et-local\/#primaryimage","url":"https:\/\/ratpconnect.com\/wp-content\/uploads\/2023\/11\/fibrenoire-ratp.webp","contentUrl":"https:\/\/ratpconnect.com\/wp-content\/uploads\/2023\/11\/fibrenoire-ratp.webp","width":476,"height":510},{"@type":"BreadcrumbList","@id":"https:\/\/ratpconnect.com\/nos-solutions\/edge-hosting-un-hebergement-souverain-securise-et-local\/#breadcrumb","itemListElement":[{"@type":"ListItem","position":1,"name":"Accueil","item":"https:\/\/ratpconnect.com\/"},{"@type":"ListItem","position":2,"name":"Nos solutions","item":"https:\/\/ratpconnect.com\/nos-solutions\/"},{"@type":"ListItem","position":3,"name":"Edge Hosting, un h\u00e9bergement souverain, s\u00e9curis\u00e9 et local"}]},{"@type":"WebSite","@id":"https:\/\/ratpconnect.com\/#website","url":"https:\/\/ratpconnect.com\/","name":"RATP Connect","description":"","publisher":{"@id":"https:\/\/ratpconnect.com\/#organization"},"potentialAction":[{"@type":"SearchAction","target":{"@type":"EntryPoint","urlTemplate":"https:\/\/ratpconnect.com\/?s={search_term_string}"},"query-input":{"@type":"PropertyValueSpecification","valueRequired":true,"valueName":"search_term_string"}}],"inLanguage":"en-GB"},{"@type":"Organization","@id":"https:\/\/ratpconnect.com\/#organization","name":"RATP Cap \u00cele-de-France","url":"https:\/\/ratpconnect.com\/","logo":{"@type":"ImageObject","inLanguage":"en-GB","@id":"https:\/\/ratpconnect.com\/#\/schema\/logo\/image\/","url":"https:\/\/ratpconnect.com\/wp-content\/uploads\/2024\/10\/LogosConnect.svg","contentUrl":"https:\/\/ratpconnect.com\/wp-content\/uploads\/2024\/10\/LogosConnect.svg","caption":"RATP Cap \u00cele-de-France"},"image":{"@id":"https:\/\/ratpconnect.com\/#\/schema\/logo\/image\/"}}]}},"_links":{"self":[{"href":"https:\/\/ratpconnect.com\/en\/wp-json\/wp\/v2\/pages\/7483","targetHints":{"allow":["GET"]}}],"collection":[{"href":"https:\/\/ratpconnect.com\/en\/wp-json\/wp\/v2\/pages"}],"about":[{"href":"https:\/\/ratpconnect.com\/en\/wp-json\/wp\/v2\/types\/page"}],"author":[{"embeddable":true,"href":"https:\/\/ratpconnect.com\/en\/wp-json\/wp\/v2\/users\/4"}],"replies":[{"embeddable":true,"href":"https:\/\/ratpconnect.com\/en\/wp-json\/wp\/v2\/comments?post=7483"}],"version-history":[{"count":1,"href":"https:\/\/ratpconnect.com\/en\/wp-json\/wp\/v2\/pages\/7483\/revisions"}],"predecessor-version":[{"id":7484,"href":"https:\/\/ratpconnect.com\/en\/wp-json\/wp\/v2\/pages\/7483\/revisions\/7484"}],"up":[{"embeddable":true,"href":"https:\/\/ratpconnect.com\/en\/wp-json\/wp\/v2\/pages\/2"}],"wp:featuredmedia":[{"embeddable":true,"href":"https:\/\/ratpconnect.com\/en\/wp-json\/wp\/v2\/media\/2105"}],"wp:attachment":[{"href":"https:\/\/ratpconnect.com\/en\/wp-json\/wp\/v2\/media?parent=7483"}],"curies":[{"name":"wp","href":"https:\/\/api.w.org\/{rel}","templated":true}]}}