{"id":6891,"date":"2024-09-27T14:25:23","date_gmt":"2024-09-27T12:25:23","guid":{"rendered":"https:\/\/ratpconnect.com\/?page_id=6891"},"modified":"2025-06-17T17:16:46","modified_gmt":"2025-06-17T15:16:46","slug":"transcription-video","status":"publish","type":"page","link":"https:\/\/ratpconnect.com\/en\/transcription-video\/","title":{"rendered":"Transcription vid\u00e9o"},"content":{"rendered":"","protected":false},"excerpt":{"rendered":"","protected":false},"author":7,"featured_media":0,"parent":0,"menu_order":0,"comment_status":"closed","ping_status":"closed","template":"","meta":{"footnotes":""},"class_list":["post-6891","page","type-page","status-publish"],"yoast_head":"<!-- This site is optimized with the Yoast SEO plugin v27.4 - https:\/\/yoast.com\/product\/yoast-seo-wordpress\/ -->\n<title>Transcription vid\u00e9o - RATP Connect<\/title>\n<meta name=\"description\" content=\"Acc\u00e9dez aux transcriptions de nos vid\u00e9os pour une meilleure compr\u00e9hension et accessibilit\u00e9 de nos contenus multim\u00e9dias.\" \/>\n<meta name=\"robots\" content=\"index, follow, max-snippet:-1, max-image-preview:large, max-video-preview:-1\" \/>\n<link rel=\"canonical\" href=\"https:\/\/ratpconnect.com\/en\/transcription-video\/\" \/>\n<meta property=\"og:locale\" content=\"en_GB\" \/>\n<meta property=\"og:type\" content=\"article\" \/>\n<meta property=\"og:title\" content=\"Transcription vid\u00e9o - RATP Connect\" \/>\n<meta property=\"og:description\" content=\"Acc\u00e9dez aux transcriptions de nos vid\u00e9os pour une meilleure compr\u00e9hension et accessibilit\u00e9 de nos contenus multim\u00e9dias.\" \/>\n<meta property=\"og:url\" content=\"https:\/\/ratpconnect.com\/en\/transcription-video\/\" \/>\n<meta property=\"og:site_name\" content=\"RATP Connect\" \/>\n<meta property=\"article:modified_time\" content=\"2025-06-17T15:16:46+00:00\" \/>\n<meta name=\"twitter:card\" content=\"summary_large_image\" \/>\n<script type=\"application\/ld+json\" class=\"yoast-schema-graph\">{\"@context\":\"https:\\\/\\\/schema.org\",\"@graph\":[{\"@type\":\"WebPage\",\"@id\":\"https:\\\/\\\/ratpconnect.com\\\/transcription-video\\\/\",\"url\":\"https:\\\/\\\/ratpconnect.com\\\/transcription-video\\\/\",\"name\":\"Transcription vid\u00e9o - RATP Connect\",\"isPartOf\":{\"@id\":\"https:\\\/\\\/ratpconnect.com\\\/#website\"},\"datePublished\":\"2024-09-27T12:25:23+00:00\",\"dateModified\":\"2025-06-17T15:16:46+00:00\",\"description\":\"Acc\u00e9dez aux transcriptions de nos vid\u00e9os pour une meilleure compr\u00e9hension et accessibilit\u00e9 de nos contenus multim\u00e9dias.\",\"breadcrumb\":{\"@id\":\"https:\\\/\\\/ratpconnect.com\\\/transcription-video\\\/#breadcrumb\"},\"inLanguage\":\"en-GB\",\"potentialAction\":[{\"@type\":\"ReadAction\",\"target\":[\"https:\\\/\\\/ratpconnect.com\\\/transcription-video\\\/\"]}]},{\"@type\":\"BreadcrumbList\",\"@id\":\"https:\\\/\\\/ratpconnect.com\\\/transcription-video\\\/#breadcrumb\",\"itemListElement\":[{\"@type\":\"ListItem\",\"position\":1,\"name\":\"Accueil\",\"item\":\"https:\\\/\\\/ratpconnect.com\\\/\"},{\"@type\":\"ListItem\",\"position\":2,\"name\":\"Transcription vid\u00e9o\"}]},{\"@type\":\"WebSite\",\"@id\":\"https:\\\/\\\/ratpconnect.com\\\/#website\",\"url\":\"https:\\\/\\\/ratpconnect.com\\\/\",\"name\":\"RATP Connect\",\"description\":\"\",\"publisher\":{\"@id\":\"https:\\\/\\\/ratpconnect.com\\\/#organization\"},\"potentialAction\":[{\"@type\":\"SearchAction\",\"target\":{\"@type\":\"EntryPoint\",\"urlTemplate\":\"https:\\\/\\\/ratpconnect.com\\\/?s={search_term_string}\"},\"query-input\":{\"@type\":\"PropertyValueSpecification\",\"valueRequired\":true,\"valueName\":\"search_term_string\"}}],\"inLanguage\":\"en-GB\"},{\"@type\":\"Organization\",\"@id\":\"https:\\\/\\\/ratpconnect.com\\\/#organization\",\"name\":\"RATP Cap \u00cele-de-France\",\"url\":\"https:\\\/\\\/ratpconnect.com\\\/\",\"logo\":{\"@type\":\"ImageObject\",\"inLanguage\":\"en-GB\",\"@id\":\"https:\\\/\\\/ratpconnect.com\\\/#\\\/schema\\\/logo\\\/image\\\/\",\"url\":\"https:\\\/\\\/ratpconnect.com\\\/wp-content\\\/uploads\\\/2024\\\/10\\\/LogosConnect.svg\",\"contentUrl\":\"https:\\\/\\\/ratpconnect.com\\\/wp-content\\\/uploads\\\/2024\\\/10\\\/LogosConnect.svg\",\"caption\":\"RATP Cap \u00cele-de-France\"},\"image\":{\"@id\":\"https:\\\/\\\/ratpconnect.com\\\/#\\\/schema\\\/logo\\\/image\\\/\"}}]}<\/script>\n<!-- \/ Yoast SEO plugin. -->","yoast_head_json":{"title":"Video transcription - RATP Connect","description":"Access video transcriptions to enhance understanding and accessibility of our multimedia content.","robots":{"index":"index","follow":"follow","max-snippet":"max-snippet:-1","max-image-preview":"max-image-preview:large","max-video-preview":"max-video-preview:-1"},"canonical":"https:\/\/ratpconnect.com\/en\/transcription-video\/","og_locale":"en_GB","og_type":"article","og_title":"Transcription vid\u00e9o - RATP Connect","og_description":"Acc\u00e9dez aux transcriptions de nos vid\u00e9os pour une meilleure compr\u00e9hension et accessibilit\u00e9 de nos contenus multim\u00e9dias.","og_url":"https:\/\/ratpconnect.com\/en\/transcription-video\/","og_site_name":"RATP Connect","article_modified_time":"2025-06-17T15:16:46+00:00","twitter_card":"summary_large_image","schema":{"@context":"https:\/\/schema.org","@graph":[{"@type":"WebPage","@id":"https:\/\/ratpconnect.com\/transcription-video\/","url":"https:\/\/ratpconnect.com\/transcription-video\/","name":"Video transcription - RATP Connect","isPartOf":{"@id":"https:\/\/ratpconnect.com\/#website"},"datePublished":"2024-09-27T12:25:23+00:00","dateModified":"2025-06-17T15:16:46+00:00","description":"Access video transcriptions to enhance understanding and accessibility of our multimedia content.","breadcrumb":{"@id":"https:\/\/ratpconnect.com\/transcription-video\/#breadcrumb"},"inLanguage":"en-GB","potentialAction":[{"@type":"ReadAction","target":["https:\/\/ratpconnect.com\/transcription-video\/"]}]},{"@type":"BreadcrumbList","@id":"https:\/\/ratpconnect.com\/transcription-video\/#breadcrumb","itemListElement":[{"@type":"ListItem","position":1,"name":"Accueil","item":"https:\/\/ratpconnect.com\/"},{"@type":"ListItem","position":2,"name":"Transcription vid\u00e9o"}]},{"@type":"WebSite","@id":"https:\/\/ratpconnect.com\/#website","url":"https:\/\/ratpconnect.com\/","name":"RATP Connect","description":"","publisher":{"@id":"https:\/\/ratpconnect.com\/#organization"},"potentialAction":[{"@type":"SearchAction","target":{"@type":"EntryPoint","urlTemplate":"https:\/\/ratpconnect.com\/?s={search_term_string}"},"query-input":{"@type":"PropertyValueSpecification","valueRequired":true,"valueName":"search_term_string"}}],"inLanguage":"en-GB"},{"@type":"Organization","@id":"https:\/\/ratpconnect.com\/#organization","name":"RATP Cap \u00cele-de-France","url":"https:\/\/ratpconnect.com\/","logo":{"@type":"ImageObject","inLanguage":"en-GB","@id":"https:\/\/ratpconnect.com\/#\/schema\/logo\/image\/","url":"https:\/\/ratpconnect.com\/wp-content\/uploads\/2024\/10\/LogosConnect.svg","contentUrl":"https:\/\/ratpconnect.com\/wp-content\/uploads\/2024\/10\/LogosConnect.svg","caption":"RATP Cap \u00cele-de-France"},"image":{"@id":"https:\/\/ratpconnect.com\/#\/schema\/logo\/image\/"}}]}},"_links":{"self":[{"href":"https:\/\/ratpconnect.com\/en\/wp-json\/wp\/v2\/pages\/6891","targetHints":{"allow":["GET"]}}],"collection":[{"href":"https:\/\/ratpconnect.com\/en\/wp-json\/wp\/v2\/pages"}],"about":[{"href":"https:\/\/ratpconnect.com\/en\/wp-json\/wp\/v2\/types\/page"}],"author":[{"embeddable":true,"href":"https:\/\/ratpconnect.com\/en\/wp-json\/wp\/v2\/users\/7"}],"replies":[{"embeddable":true,"href":"https:\/\/ratpconnect.com\/en\/wp-json\/wp\/v2\/comments?post=6891"}],"version-history":[{"count":3,"href":"https:\/\/ratpconnect.com\/en\/wp-json\/wp\/v2\/pages\/6891\/revisions"}],"predecessor-version":[{"id":6935,"href":"https:\/\/ratpconnect.com\/en\/wp-json\/wp\/v2\/pages\/6891\/revisions\/6935"}],"wp:attachment":[{"href":"https:\/\/ratpconnect.com\/en\/wp-json\/wp\/v2\/media?parent=6891"}],"curies":[{"name":"wp","href":"https:\/\/api.w.org\/{rel}","templated":true}]}}