{"id":6462,"date":"2024-05-31T11:11:30","date_gmt":"2024-05-31T09:11:30","guid":{"rendered":"https:\/\/ratpconnect.com\/?page_id=6462"},"modified":"2025-08-04T11:16:28","modified_gmt":"2025-08-04T09:16:28","slug":"operateurs-telecom","status":"publish","type":"page","link":"https:\/\/ratpconnect.com\/en\/nos-clients\/operateurs-telecom\/","title":{"rendered":"Dedicated dark fiber for telecom operators"},"content":{"rendered":"<div class=\"gb-container gb-container-ec254eff page-title\">\n\n<h1 class=\"wp-block-heading page-title__heading\"><strong><strong>Dedicated dark fiber for telecom operators<\/strong><\/strong><\/h1>\n\n<\/div>\n\n<div class=\"breadcrumbs align  wp-block-bcn-breadcrumb-trail has-text-color has-background\" vocab=\"https:\/\/schema.org\/\" typeof=\"BreadcrumbList\">\n\t<span><\/span>\n\t<span property=\"itemListElement\" typeof=\"ListItem\"><a property=\"item\" typeof=\"WebPage\" href=\"https:\/\/ratpconnect.com\/en\/\" class=\"home\" aria-current=\"page\"><span property=\"name\">Home page<\/span><\/a><meta property=\"position\" content=\"1\"><\/span><\/div>\n\n\n<div class=\"gb-container gb-container-bbacd815 bandeau-intro\">\n<div class=\"gb-container gb-container-7387bdc5 bandeau-intro__inside\">\n\n<h2 class=\"wp-block-heading mb-0 color-base-3\"><strong><strong><strong>Limitless connectivity<\/strong><\/strong><\/strong><\/h2>\n\n\n\n<p class=\"mb-0 color-base-3\">RATP Connect is shifting the landscape of very high speed broadband connectivity for telecommunications in the Paris region with its dark fiber offer, which brings reliability, high-performance, and security. Built to meet the modern-day needs of telecom operators, our solution is designed to propel your business into the future.<\/p>\n\n<\/div>\n<\/div>\n\n<div class=\"gb-container gb-container-9d52252c img-block-right__container\">\n<div class=\"gb-container gb-container-836548f9 img-block-right__sub-container\">\n<div class=\"gb-container gb-container-4ccd2a2c img-block-right__image-wrapper\">\n<div class=\"gb-container gb-container-b4ae217c img-block-right__image-container\">\n<div class=\"gb-container gb-container-759a7115 img-block-right__image-content box-shadow--rounded--secondary\">\n\n<figure class=\"gb-block-image gb-block-image-fbd0f799\"><img loading=\"lazy\" decoding=\"async\" width=\"2560\" height=\"1744\" class=\"gb-image gb-image-fbd0f799 img-block-right__image\" src=\"https:\/\/ratpconnect.com\/wp-content\/uploads\/2024\/06\/operateur-telecom-scaled.jpg\" alt=\"\" title=\"operateur telecom\" srcset=\"https:\/\/ratpconnect.com\/wp-content\/uploads\/2024\/06\/operateur-telecom-scaled.jpg 2560w, https:\/\/ratpconnect.com\/wp-content\/uploads\/2024\/06\/operateur-telecom-300x204.jpg 300w, https:\/\/ratpconnect.com\/wp-content\/uploads\/2024\/06\/operateur-telecom-1024x698.jpg 1024w, https:\/\/ratpconnect.com\/wp-content\/uploads\/2024\/06\/operateur-telecom-768x523.jpg 768w, https:\/\/ratpconnect.com\/wp-content\/uploads\/2024\/06\/operateur-telecom-1536x1046.jpg 1536w, https:\/\/ratpconnect.com\/wp-content\/uploads\/2024\/06\/operateur-telecom-2048x1395.jpg 2048w\" sizes=\"auto, (max-width: 2560px) 100vw, 2560px\" \/><\/figure>\n\n<\/div>\n<\/div>\n<\/div>\n\n<div class=\"gb-container gb-container-13011404 img-block-right__content border-line-full-page--right--primary\">\n<div class=\"gb-container gb-container-6513a29d img-block-right__header\">\n<div class=\"gb-container gb-container-4cedf3e1 img-block-right__header-content\">\n\n<h2 class=\"wp-block-heading img-block-right__title mb-0\"><strong><strong><strong>Learn about the RATP Connect fiber optic offer<\/strong><\/strong><\/strong><\/h2>\n\n\n<div class=\"gb-container gb-container-a4a45e5c img-block-right__text-container\">\n\n<h3 class=\"wp-block-heading block-text-right__subtitle\"><strong>A network you can rely on<\/strong><\/h3>\n\n\n\n<p class=\"img-block-right__text\">Reliability is top-priority in our service provision. With a sturdy infrastructure in place, as well as customer service available 24\/7, we ensure seamless service continuity. Our underground network of fiber optic cables is specially designed for the most complex urban configurations, ensuring constant connectivity so your operations can stay up and running without interruption.<\/p>\n\n<\/div>\n\n<div class=\"gb-container gb-container-fc8aa65d img-block-right__text-container\">\n\n<h3 class=\"wp-block-heading block-text-right__subtitle\"><strong>Speed, security, and adaptability<\/strong><\/h3>\n\n\n\n<p class=\"img-block-right__text translation-block\">RATP Connect's dark fiber optic network is not just high-performance, it is also secure and scalable. Offering very high speed broadband and high-capacity bandwidth, our technology is perfectly adapted to 5G and the growing demand for cloud computing services. The advanced security and the capacity to adapt to new technologies ensure perfect peace of mind for you, the Client.<\/p>\n\n<\/div>\n\n<div class=\"gb-container gb-container-6cd0bd1e img-block-right__text-container\">\n\n<h3 class=\"wp-block-heading block-text-right__subtitle\"><strong><strong>Cost-effective and responsible connectivity<\/strong><\/strong><\/h3>\n\n\n\n<p class=\"img-block-right__text\">RATP Connect is not content to simply provide a high-quality service; we also make it cost-effective and affordable. Our leading network in the Paris region ensures our proximity to your location and unrivaled response times. Our commitment to environmental responsibility is combined with our sense of social responsibility, we make every effort to minimize the ecological impact of our activities on the ground and to ensure the well-being of our teams.<\/p>\n\n<\/div>\n<\/div>\n<\/div>\n<\/div>\n<\/div>\n<\/div>\n\n<div class=\"gb-container gb-container-b6e14c16 illu-background-container\">\n<div class=\"gb-container gb-container-c4218dca illu-background-topcover\"><\/div>\n\n\n<figure class=\"wp-block-image size-full illustration-background-circle\"><img decoding=\"async\" src=\"https:\/\/ratpconnect.com\/wp-content\/uploads\/2023\/12\/Forme_BG_Cercle_Right.svg\" alt=\"\" class=\"wp-image-3860\"\/><\/figure>\n\n\n\n<figure class=\"wp-block-image size-full illustration-background-circle--opposite\"><img decoding=\"async\" src=\"https:\/\/ratpconnect.com\/wp-content\/uploads\/2024\/03\/Forme_BG_Cercle_Left.svg\" alt=\"\" class=\"wp-image-5460\"\/><\/figure>\n\n<\/div>","protected":false},"excerpt":{"rendered":"<p>Fibre optique noire d\u00e9di\u00e9e aux op\u00e9rateurs t\u00e9l\u00e9com La connectivit\u00e9 sans limite RATP Connect transforme le paysage THD des t\u00e9l\u00e9communications en \u00cele-de-France avec une offre de fibre optique noire, offrant fiabilit\u00e9, performance et s\u00e9curit\u00e9. Adapt\u00e9e aux besoins modernes des op\u00e9rateurs t\u00e9l\u00e9com, notre solution est con\u00e7ue pour propulser votre entreprise vers l&rsquo;avenir. D\u00e9couvrez l&rsquo;offre de fibre optique &#8230; <a title=\"Dedicated dark fiber for telecom operators\" class=\"read-more\" href=\"https:\/\/ratpconnect.com\/en\/nos-clients\/operateurs-telecom\/\" aria-label=\"Read more about Fibre optique noire d\u00e9di\u00e9e aux op\u00e9rateurs t\u00e9l\u00e9com\">Read more<\/a><\/p>","protected":false},"author":7,"featured_media":0,"parent":7487,"menu_order":0,"comment_status":"closed","ping_status":"closed","template":"","meta":{"footnotes":""},"class_list":["post-6462","page","type-page","status-publish"],"yoast_head":"<!-- This site is optimized with the Yoast SEO plugin v27.3 - https:\/\/yoast.com\/product\/yoast-seo-wordpress\/ -->\n<title>Fibre optique noire op\u00e9rateur t\u00e9l\u00e9com | RATP Connect<\/title>\n<meta name=\"description\" content=\"Offrez \u00e0 vos clients une connectivit\u00e9 fiable et s\u00e9curis\u00e9e gr\u00e2ce \u00e0 notre fibre optique noire d\u00e9di\u00e9e aux op\u00e9rateurs t\u00e9l\u00e9com en \u00cele-de-France.\" \/>\n<meta name=\"robots\" content=\"index, follow, max-snippet:-1, max-image-preview:large, max-video-preview:-1\" \/>\n<link rel=\"canonical\" href=\"https:\/\/ratpconnect.com\/en\/nos-clients\/operateurs-telecom\/\" \/>\n<meta property=\"og:locale\" content=\"en_GB\" \/>\n<meta property=\"og:type\" content=\"article\" \/>\n<meta property=\"og:title\" content=\"Fibre optique noire op\u00e9rateur t\u00e9l\u00e9com | RATP Connect\" \/>\n<meta property=\"og:description\" content=\"Offrez \u00e0 vos clients une connectivit\u00e9 fiable et s\u00e9curis\u00e9e gr\u00e2ce \u00e0 notre fibre optique noire d\u00e9di\u00e9e aux op\u00e9rateurs t\u00e9l\u00e9com en \u00cele-de-France.\" \/>\n<meta property=\"og:url\" content=\"https:\/\/ratpconnect.com\/en\/nos-clients\/operateurs-telecom\/\" \/>\n<meta property=\"og:site_name\" content=\"RATP Connect\" \/>\n<meta property=\"article:modified_time\" content=\"2025-08-04T09:16:28+00:00\" \/>\n<meta property=\"og:image\" content=\"https:\/\/ratpconnect.com\/wp-content\/uploads\/2024\/06\/operateur-telecom-scaled.jpg\" \/>\n<meta name=\"twitter:card\" content=\"summary_large_image\" \/>\n<meta name=\"twitter:label1\" content=\"Estimated reading time\" \/>\n\t<meta name=\"twitter:data1\" content=\"2 minutes\" \/>\n<script type=\"application\/ld+json\" class=\"yoast-schema-graph\">{\"@context\":\"https:\\\/\\\/schema.org\",\"@graph\":[{\"@type\":\"WebPage\",\"@id\":\"https:\\\/\\\/ratpconnect.com\\\/nos-clients\\\/operateurs-telecom\\\/\",\"url\":\"https:\\\/\\\/ratpconnect.com\\\/nos-clients\\\/operateurs-telecom\\\/\",\"name\":\"Fibre optique noire op\u00e9rateur t\u00e9l\u00e9com | RATP Connect\",\"isPartOf\":{\"@id\":\"https:\\\/\\\/ratpconnect.com\\\/#website\"},\"primaryImageOfPage\":{\"@id\":\"https:\\\/\\\/ratpconnect.com\\\/nos-clients\\\/operateurs-telecom\\\/#primaryimage\"},\"image\":{\"@id\":\"https:\\\/\\\/ratpconnect.com\\\/nos-clients\\\/operateurs-telecom\\\/#primaryimage\"},\"thumbnailUrl\":\"https:\\\/\\\/ratpconnect.com\\\/wp-content\\\/uploads\\\/2024\\\/06\\\/operateur-telecom-scaled.jpg\",\"datePublished\":\"2024-05-31T09:11:30+00:00\",\"dateModified\":\"2025-08-04T09:16:28+00:00\",\"description\":\"Offrez \u00e0 vos clients une connectivit\u00e9 fiable et s\u00e9curis\u00e9e gr\u00e2ce \u00e0 notre fibre optique noire d\u00e9di\u00e9e aux op\u00e9rateurs t\u00e9l\u00e9com en \u00cele-de-France.\",\"breadcrumb\":{\"@id\":\"https:\\\/\\\/ratpconnect.com\\\/nos-clients\\\/operateurs-telecom\\\/#breadcrumb\"},\"inLanguage\":\"en-GB\",\"potentialAction\":[{\"@type\":\"ReadAction\",\"target\":[\"https:\\\/\\\/ratpconnect.com\\\/nos-clients\\\/operateurs-telecom\\\/\"]}]},{\"@type\":\"ImageObject\",\"inLanguage\":\"en-GB\",\"@id\":\"https:\\\/\\\/ratpconnect.com\\\/nos-clients\\\/operateurs-telecom\\\/#primaryimage\",\"url\":\"https:\\\/\\\/ratpconnect.com\\\/wp-content\\\/uploads\\\/2024\\\/06\\\/operateur-telecom-scaled.jpg\",\"contentUrl\":\"https:\\\/\\\/ratpconnect.com\\\/wp-content\\\/uploads\\\/2024\\\/06\\\/operateur-telecom-scaled.jpg\"},{\"@type\":\"BreadcrumbList\",\"@id\":\"https:\\\/\\\/ratpconnect.com\\\/nos-clients\\\/operateurs-telecom\\\/#breadcrumb\",\"itemListElement\":[{\"@type\":\"ListItem\",\"position\":1,\"name\":\"Accueil\",\"item\":\"https:\\\/\\\/ratpconnect.com\\\/\"},{\"@type\":\"ListItem\",\"position\":2,\"name\":\"Nos clients\",\"item\":\"https:\\\/\\\/ratpconnect.com\\\/nos-clients\\\/\"},{\"@type\":\"ListItem\",\"position\":3,\"name\":\"Fibre optique noire d\u00e9di\u00e9e aux op\u00e9rateurs t\u00e9l\u00e9com\"}]},{\"@type\":\"WebSite\",\"@id\":\"https:\\\/\\\/ratpconnect.com\\\/#website\",\"url\":\"https:\\\/\\\/ratpconnect.com\\\/\",\"name\":\"RATP Connect\",\"description\":\"\",\"publisher\":{\"@id\":\"https:\\\/\\\/ratpconnect.com\\\/#organization\"},\"potentialAction\":[{\"@type\":\"SearchAction\",\"target\":{\"@type\":\"EntryPoint\",\"urlTemplate\":\"https:\\\/\\\/ratpconnect.com\\\/?s={search_term_string}\"},\"query-input\":{\"@type\":\"PropertyValueSpecification\",\"valueRequired\":true,\"valueName\":\"search_term_string\"}}],\"inLanguage\":\"en-GB\"},{\"@type\":\"Organization\",\"@id\":\"https:\\\/\\\/ratpconnect.com\\\/#organization\",\"name\":\"RATP Cap \u00cele-de-France\",\"url\":\"https:\\\/\\\/ratpconnect.com\\\/\",\"logo\":{\"@type\":\"ImageObject\",\"inLanguage\":\"en-GB\",\"@id\":\"https:\\\/\\\/ratpconnect.com\\\/#\\\/schema\\\/logo\\\/image\\\/\",\"url\":\"https:\\\/\\\/ratpconnect.com\\\/wp-content\\\/uploads\\\/2024\\\/10\\\/LogosConnect.svg\",\"contentUrl\":\"https:\\\/\\\/ratpconnect.com\\\/wp-content\\\/uploads\\\/2024\\\/10\\\/LogosConnect.svg\",\"caption\":\"RATP Cap \u00cele-de-France\"},\"image\":{\"@id\":\"https:\\\/\\\/ratpconnect.com\\\/#\\\/schema\\\/logo\\\/image\\\/\"}}]}<\/script>\n<!-- \/ Yoast SEO plugin. -->","yoast_head_json":{"title":"Dark Fiber Telecom Operator | RATP Connect","description":"RATP Connect offers telecom operators dark fiber solutions ensuring high-speed, secure, and scalable connectivity in the Paris area.","robots":{"index":"index","follow":"follow","max-snippet":"max-snippet:-1","max-image-preview":"max-image-preview:large","max-video-preview":"max-video-preview:-1"},"canonical":"https:\/\/ratpconnect.com\/en\/nos-clients\/operateurs-telecom\/","og_locale":"en_GB","og_type":"article","og_title":"Fibre optique noire op\u00e9rateur t\u00e9l\u00e9com | RATP Connect","og_description":"Offrez \u00e0 vos clients une connectivit\u00e9 fiable et s\u00e9curis\u00e9e gr\u00e2ce \u00e0 notre fibre optique noire d\u00e9di\u00e9e aux op\u00e9rateurs t\u00e9l\u00e9com en \u00cele-de-France.","og_url":"https:\/\/ratpconnect.com\/en\/nos-clients\/operateurs-telecom\/","og_site_name":"RATP Connect","article_modified_time":"2025-08-04T09:16:28+00:00","og_image":[{"url":"https:\/\/ratpconnect.com\/wp-content\/uploads\/2024\/06\/operateur-telecom-scaled.jpg","type":"","width":"","height":""}],"twitter_card":"summary_large_image","twitter_misc":{"Estimated reading time":"2 minutes"},"schema":{"@context":"https:\/\/schema.org","@graph":[{"@type":"WebPage","@id":"https:\/\/ratpconnect.com\/nos-clients\/operateurs-telecom\/","url":"https:\/\/ratpconnect.com\/nos-clients\/operateurs-telecom\/","name":"Dark Fiber Telecom Operator | RATP Connect","isPartOf":{"@id":"https:\/\/ratpconnect.com\/#website"},"primaryImageOfPage":{"@id":"https:\/\/ratpconnect.com\/nos-clients\/operateurs-telecom\/#primaryimage"},"image":{"@id":"https:\/\/ratpconnect.com\/nos-clients\/operateurs-telecom\/#primaryimage"},"thumbnailUrl":"https:\/\/ratpconnect.com\/wp-content\/uploads\/2024\/06\/operateur-telecom-scaled.jpg","datePublished":"2024-05-31T09:11:30+00:00","dateModified":"2025-08-04T09:16:28+00:00","description":"RATP Connect offers telecom operators dark fiber solutions ensuring high-speed, secure, and scalable connectivity in the Paris area.","breadcrumb":{"@id":"https:\/\/ratpconnect.com\/nos-clients\/operateurs-telecom\/#breadcrumb"},"inLanguage":"en-GB","potentialAction":[{"@type":"ReadAction","target":["https:\/\/ratpconnect.com\/nos-clients\/operateurs-telecom\/"]}]},{"@type":"ImageObject","inLanguage":"en-GB","@id":"https:\/\/ratpconnect.com\/nos-clients\/operateurs-telecom\/#primaryimage","url":"https:\/\/ratpconnect.com\/wp-content\/uploads\/2024\/06\/operateur-telecom-scaled.jpg","contentUrl":"https:\/\/ratpconnect.com\/wp-content\/uploads\/2024\/06\/operateur-telecom-scaled.jpg"},{"@type":"BreadcrumbList","@id":"https:\/\/ratpconnect.com\/nos-clients\/operateurs-telecom\/#breadcrumb","itemListElement":[{"@type":"ListItem","position":1,"name":"Accueil","item":"https:\/\/ratpconnect.com\/"},{"@type":"ListItem","position":2,"name":"Nos clients","item":"https:\/\/ratpconnect.com\/nos-clients\/"},{"@type":"ListItem","position":3,"name":"Fibre optique noire d\u00e9di\u00e9e aux op\u00e9rateurs t\u00e9l\u00e9com"}]},{"@type":"WebSite","@id":"https:\/\/ratpconnect.com\/#website","url":"https:\/\/ratpconnect.com\/","name":"RATP Connect","description":"","publisher":{"@id":"https:\/\/ratpconnect.com\/#organization"},"potentialAction":[{"@type":"SearchAction","target":{"@type":"EntryPoint","urlTemplate":"https:\/\/ratpconnect.com\/?s={search_term_string}"},"query-input":{"@type":"PropertyValueSpecification","valueRequired":true,"valueName":"search_term_string"}}],"inLanguage":"en-GB"},{"@type":"Organization","@id":"https:\/\/ratpconnect.com\/#organization","name":"RATP Cap \u00cele-de-France","url":"https:\/\/ratpconnect.com\/","logo":{"@type":"ImageObject","inLanguage":"en-GB","@id":"https:\/\/ratpconnect.com\/#\/schema\/logo\/image\/","url":"https:\/\/ratpconnect.com\/wp-content\/uploads\/2024\/10\/LogosConnect.svg","contentUrl":"https:\/\/ratpconnect.com\/wp-content\/uploads\/2024\/10\/LogosConnect.svg","caption":"RATP Cap \u00cele-de-France"},"image":{"@id":"https:\/\/ratpconnect.com\/#\/schema\/logo\/image\/"}}]}},"_links":{"self":[{"href":"https:\/\/ratpconnect.com\/en\/wp-json\/wp\/v2\/pages\/6462","targetHints":{"allow":["GET"]}}],"collection":[{"href":"https:\/\/ratpconnect.com\/en\/wp-json\/wp\/v2\/pages"}],"about":[{"href":"https:\/\/ratpconnect.com\/en\/wp-json\/wp\/v2\/types\/page"}],"author":[{"embeddable":true,"href":"https:\/\/ratpconnect.com\/en\/wp-json\/wp\/v2\/users\/7"}],"replies":[{"embeddable":true,"href":"https:\/\/ratpconnect.com\/en\/wp-json\/wp\/v2\/comments?post=6462"}],"version-history":[{"count":25,"href":"https:\/\/ratpconnect.com\/en\/wp-json\/wp\/v2\/pages\/6462\/revisions"}],"predecessor-version":[{"id":7549,"href":"https:\/\/ratpconnect.com\/en\/wp-json\/wp\/v2\/pages\/6462\/revisions\/7549"}],"up":[{"embeddable":true,"href":"https:\/\/ratpconnect.com\/en\/wp-json\/wp\/v2\/pages\/7487"}],"wp:attachment":[{"href":"https:\/\/ratpconnect.com\/en\/wp-json\/wp\/v2\/media?parent=6462"}],"curies":[{"name":"wp","href":"https:\/\/api.w.org\/{rel}","templated":true}]}}