{"id":6391,"date":"2024-05-23T15:10:33","date_gmt":"2024-05-23T13:10:33","guid":{"rendered":"https:\/\/ratpconnect.com\/?page_id=6391"},"modified":"2025-06-17T17:05:46","modified_gmt":"2025-06-17T15:05:46","slug":"donnees-personnelles","status":"publish","type":"page","link":"https:\/\/ratpconnect.com\/en\/donnees-personnelles\/","title":{"rendered":"Personal data"},"content":{"rendered":"<div class=\"gb-container gb-container-7a64e5c2 page-title\">\n\n<h1 class=\"wp-block-heading page-title__heading has-bleu-institutionnel-color has-text-color has-link-color wp-elements-e468f545556d25c003da3d03fbdb9463\">Personal data<\/h1>\n\n<\/div>\n\n<div class=\"breadcrumbs align  wp-block-bcn-breadcrumb-trail has-text-color has-background\" vocab=\"https:\/\/schema.org\/\" typeof=\"BreadcrumbList\">\n\t<span><\/span>\n\t<span property=\"itemListElement\" typeof=\"ListItem\"><a property=\"item\" typeof=\"WebPage\" href=\"https:\/\/ratpconnect.com\/en\/\" class=\"home\" aria-current=\"page\"><span property=\"name\">Home page<\/span><\/a><meta property=\"position\" content=\"1\"><\/span><\/div>\n\n\n<div class=\"gb-container gb-container-5931d633 block-text-right\">\n<div class=\"gb-container gb-container-ac0f2aa3 block-text-right__container bg-base-3\">\n<div class=\"gb-container gb-container-5909a74e block-text-right__content\">\n<div class=\"gb-container gb-container-304a1429 block-text-right__section\">\n\n<p class=\"block-text-right__description translation-block\">\"When you use our website, we may collect and process your personal data (hereafter referred to as \u201cPersonal Data\u201d).\nYour privacy and the protection of your Personal Data are very important to us.\nThe purpose of this Personal Data Management Policy is to inform you of the use we make of your personal data, in compliance with applicable French and European legislation, in particular French law no. 78-17 as amended relating to Information Technology, Files, and Freedoms, (the \u201cData Protection Act\u201d) and Regulation (EU) 2016\/679 of the European Parliament and of the Council of April 27, 2016 on the protection of individuals with regard to the processing of Personal Data and on the free movement of such Personal Data (\u201cGDPR\u201d) (hereafter referred to collectively as the \u201cApplicable Regulations\u201d).\nBy accessing and\/or using our website accessible at the web address https:\/\/ratpconnect.com, you agree to the collection and processing of your personal data in accordance with the terms and conditions set out below. If you refuse the processing of all or some of the requested personal data, you may not be able to take advantage of all our online services.\"<\/p>\n\n\n\n<h2 class=\"wp-block-heading block-text-right__title mb-0\"><strong>Identity of the data controller<\/strong><\/h2>\n\n\n\n<p class=\"block-text-right__description\">With regard to the collection of Personal Data, the provision of information to users and the effective implementation of your rights, the party responsible for processing your Personal Data is RATP Connect, a public industrial and commercial establishment, whose address is 54, quai de la R\u00e2p\u00e9e 75012 Paris, registered in the Paris Trade and Companies Register under number 411 759 962, intracommunity VAT no. FR 30 411 759 962 (hereafter \u201cRATP Connect\u201d, \u201cwe\u201d, \u201cus\u201d, \u201cour\u201d).<\/p>\n\n\n\n<h2 class=\"wp-block-heading block-text-right__title mb-0\"><strong>Type of data collected<\/strong><\/h2>\n\n\n\n<p class=\"mb-0 block-text-right__description\">As part of our digital activities, we may collect the\nfollowing types of Personal Data<\/p>\n\n\n\n<ul class=\"wp-block-list block__list\">\n<li class=\"block__list-item arrow-icon--primary\">The data that you provide via forms or that results from your use of our website, such as, for example, when you fill in our contact form;<\/li>\n\n\n\n<li class=\"block__list-item arrow-icon--primary\">User browsing and interaction data, such as technical data relating to the device used to view the website.<\/li>\n<\/ul>\n\n\n\n<h2 class=\"wp-block-heading block-text-right__title mb-0\"><strong>Purposes and legal basis of the data processing<\/strong><\/h2>\n\n\n\n<p class=\"block-text-right__description\">Your Personal Data is collected and\/or processed when you use our online services for the following purposes:<br><strong>Legal bases:&nbsp;<\/strong>Legitimate interest<br><strong>Purposes:&nbsp;<\/strong>Managing solicitations of prospective customers<br><strong>Legal bases:&nbsp;<\/strong>Consent or Legitimate Interest depending on the type of tracker<br><strong>Purposes:&nbsp;<\/strong>Audience measurement and website security via trackers, third-party cookies (sharing, videos)<\/p>\n\n<\/div>\n<\/div>\n<\/div>\n<\/div>\n\n<div class=\"gb-container gb-container-951e5c43 block-text-left border-line-full-page--left--bleu-institutionnel\">\n<div class=\"gb-container gb-container-8e4e80f3 block-text-left__container bg-base-3\">\n<div class=\"gb-container gb-container-228eb17b block-text-left__content\">\n<div class=\"gb-container gb-container-b71b6756 block-text-left__section\">\n<div class=\"gb-container gb-container-7bc6e01f block-text-left__subsection\">\n\n<h2 class=\"wp-block-heading block-text-left__title\"><strong>Recipients of your Personal Data<\/strong><\/h2>\n\n\n\n<p class=\"mb-0 block-text-left__description\">The Personal Data collected and\/or processed when you use our website is intended for use by RATP Connect's Sales Department, as well as subcontractors and service providers acting on behalf of RATP CONNECT.<\/p>\n\n<\/div>\n\n<div class=\"gb-container gb-container-f8687cc5 block-text-left__subsection\">\n\n<h2 class=\"wp-block-heading block-text-left__title\"><strong>Cookies management<\/strong><\/h2>\n\n\n\n<p class=\"mb-0 block-text-left__description\">Data relating to the login settings and the user's device, collected or processed while using our website, in particular the identifier of the device used to view the website, are intended for RATP Connect and its subcontractors, in order to improve the services offered, in particular to adapt the display of site content, collect statistics to optimize the features and security of our website, save preferences and parameters and allow you to access videos and share content.<\/p>\n\n<\/div>\n\n<div class=\"gb-container gb-container-17034cf3 block-text-left__subsection\">\n\n<h2 class=\"wp-block-heading block-text-left__title\"><strong>What is a cookie?<\/strong><\/h2>\n\n\n\n<p class=\"block-text-left__description translation-block\">A cookie is a file that we may store on the hard disk of your device through your web browser when you use the website, subject to your agreement or unless you object.\nA cookie is a small text file that may be stored by your browser on the hard disk of your device when you use the website. Once installed on your device, cookies enable us to recognize you each time you visit our website, so that you can take advantage of all its features.\nCookies are not active files, and therefore cannot host viruses. To find out more, visit allaboutcookies.org. This policy is written to explain what we use cookies for and what they do.<\/p>\n\n<\/div>\n\n<div class=\"gb-container gb-container-f9280270 block-text-left__subsection\">\n\n<h2 class=\"wp-block-heading block-text-left__title\"><strong>What purpose is served by the cookies on the website?<\/strong><\/h2>\n\n\n\n<p class=\"block-text-left__description translation-block\">Only the sender of a cookie can read or modify the information contained in it. When you log in to and use the website, we and our subcontractors may, subject to your choices, install various cookies on your device, enabling us to recognize your device's browser for the duration of the cookie's validity. Cookies are used for the purposes described below, subject to your choices, which you may express and modify at any time via the settings of the web browser used to view the website.<\/p>\n\n\n\n<p class=\"mb-0 block-text-left__description\"><br>The cookies on the website enable the following:<\/p>\n\n\n\n<ul class=\"wp-block-list block__list\">\n<li class=\"block__list-item arrow-icon--primary translation-block\"><strong>The adaptation of the website presentation to the display preferences configured on your device <\/strong>\u00a0(language, display resolution, operating system, etc.) when you view the website, according to the hardware and software for viewing or reading that your device has, and to improve the security and performance of the website;<\/li>\n\n\n\n<li class=\"block__list-item arrow-icon--primary translation-block\"><strong>The compilation of statistics and measurements of traffic <\/strong> and use of the various components of the website (sections and content visited, pathways, etc.), enabling us to improve the interest and user-friendliness of the website;<\/li>\n\n\n\n<li class=\"block__list-item arrow-icon--primary\"><strong>The sharing of video content.<\/strong><\/li>\n<\/ul>\n\n\n\n<p class=\"block-text-left__description translation-block\">As such, it is up to you to configure your browser in order to manage cookies in accordance with your preferences (see \u201cYour choices concerning cookies\u201d below). \"The cookies on the website are session cookies (whose duration is limited to the time you spend viewing the website) and persistent cookies (whose duration, although limited, is longer than the time you spend viewing the website).\nSession cookies are only active while you are viewing the website and are deleted when you close your browser. Persistent cookies remain stored on the hard disk of your device once your browser has been closed, until you or your browser software purge them after a certain configured period or at any time.\"<\/p>\n\n<\/div>\n\n<div class=\"gb-container gb-container-b6ca3f24 block-text-left__subsection\">\n\n<h2 class=\"wp-block-heading block-text-left__title\"><strong>What cookies do we use?<\/strong><\/h2>\n\n\n<div class=\"gb-container gb-container-aa9eed7a\">\n\n<div class=\"has-bleu-institutionnel-color has-text-color has-link-color\"><div class=\"cky-audit-table-element\"><\/div><\/div>\n\n<\/div>\n<\/div>\n<\/div>\n<\/div>\n<\/div>\n<\/div>\n\n<div class=\"gb-container gb-container-e1d59a9f block-text-right\">\n<div class=\"gb-container gb-container-4f803f1b block-text-right__container bg-base-3\">\n<div class=\"gb-container gb-container-30a9102e block-text-right__content\">\n<div class=\"gb-container gb-container-4fb112d6 block-text-right__section\">\n<div class=\"gb-container gb-container-9b9ee03d block-text-right__subsection\">\n\n<h2 class=\"wp-block-heading block-text-right__title mb-0\"><strong><strong>Retention periods for your Personal Data<\/strong><\/strong><\/h2>\n\n\n\n<p class=\"block-text-right__description translation-block\">The data controller makes a commitment not to retain your Personal Data longer than is strictly necessary for the purposes for which it was collected, and in accordance with the Applicable Regulations. The data controller makes a commitment to archive or delete your Personal Data as soon as the defined purpose and\/or retention period expires. In all cases, the maximum durations are those set out in the table below. These maximum periods apply unless you request the deletion or cessation of processing of your Personal Data before the expiry of these periods, if their retention is no longer justified by legal requirements. Name of the type of processing: Audience measurement, management of cookies and other trackers. Associated retention period: See the durations indicated in previous paragraph. Name of the type of processing: Management of requests to exercise rights to Personal Data. Associated retention period: 5 years from the date of replying to the request. Name of the type of processing: Management of interactions with  customers. Associated retention period: 3 years from last user-initiated interaction.<\/p>\n\n<\/div>\n\n<div class=\"gb-container gb-container-63e8b135 block-text-right__subsection\">\n\n<h2 class=\"wp-block-heading block-text-right__title mb-0\"><strong><strong><strong>What are your rights concerning your Personal Data?<\/strong><\/strong><\/strong><\/h2>\n\n\n\n<p class=\"block-text-right__description translation-block\">In accordance with the Applicable Regulations, you have a right of access to your Personal Data and, where applicable, a right of rectification, a right of opposition, limitation, as well as a right to erasure, under the conditions of the Applicable Regulations. Where the processing of your Personal Data is based on your consent, you may withdraw your consent at any time, either by the means we make available to you, or by writing to us using the contact details detailed below. For any information about the processing of your data or to exercise your rights, you can contact the RATP Data Protection Officer at the following address: RATP \u2013 Secr\u00e9tariat et Direction g\u00e9n\u00e9rale Groupe \u2013 D\u00e9l\u00e9gu\u00e9 \u00e0 la protection des donn\u00e9es \u2013 54 quai de la R\u00e2p\u00e9e \u2013 LT73 \u2013 75012 Paris or at the following email address: dpo@ratpgroup.com \nIf you do not receive a reply from RATP, or if you do not agree with the way your data has been processed, you may lodge a complaint with the French Data Protection Authority (CNIL).<\/p>\n\n<\/div>\n\n<div class=\"gb-container gb-container-73a85e07 block-text-right__subsection\">\n\n<h2 class=\"wp-block-heading block-text-right__title mb-0\"><strong>Your data are secure.<\/strong><\/h2>\n\n\n\n<p class=\"block-text-right__description translation-block\">In accordance with the Applicable Regulations, RATP Connect processes Personal Data with the utmost security and confidentiality. In particular, RATP Connect implements all technical and organizational measures to guarantee the security and confidentiality of the Personal Data collected and processed, and in particular to prevent them from being distorted, damaged, or disclosed to unauthorized third parties, by ensuring a level of security appropriate to the risks associated with the processing and the nature of the Personal Data to be protected, taking into account the level of technology and the cost of implementation. Our website includes links to external websites and sources. You acknowledge that this Data Protection Policy applies only to the use of our website and does not in any way cover information collected and\/or processed on external websites or sources, which may be linked to our website. Consequently, RATP Connect cannot be held responsible for the practices of such external websites or sources with regard to the collection and processing of personal data, which are governed, where applicable, by the personal data policies specific to each of those external websites or sources. RATP Connect makes a commitment to transfer data only to third parties located within the European Union or in non-European countries that have been granted an adequacy decision by the European Commission or pursuant to a contractual arrangement that complies with regulations.<\/p>\n\n<\/div>\n<\/div>\n<\/div>\n<\/div>\n<\/div>","protected":false},"excerpt":{"rendered":"<p>Donn\u00e9es personnelles Lors de votre utilisation de notre site internet, nous pouvons \u00eatre amen\u00e9s \u00e0 collecter et \u00e0 traiter vos donn\u00e9es \u00e0 caract\u00e8re personnel (ci-apr\u00e8s les \u00ab Donn\u00e9es Personnelles \u00bb).Nous sommes tr\u00e8s attach\u00e9s au respect de votre vie priv\u00e9e et \u00e0 la protection de vos Donn\u00e9es Personnelles.Cette Politique de gestion des Donn\u00e9es Personnelles a pour &#8230; <a title=\"Personal data\" class=\"read-more\" href=\"https:\/\/ratpconnect.com\/en\/donnees-personnelles\/\" aria-label=\"Read more about Donn\u00e9es personnelles\">Read more<\/a><\/p>","protected":false},"author":8,"featured_media":0,"parent":0,"menu_order":0,"comment_status":"closed","ping_status":"closed","template":"","meta":{"footnotes":""},"class_list":["post-6391","page","type-page","status-publish"],"yoast_head":"<!-- This site is optimized with the Yoast SEO plugin v27.3 - https:\/\/yoast.com\/product\/yoast-seo-wordpress\/ -->\n<title>Donn\u00e9es personnelles et RGPD - RATP Connect<\/title>\n<meta name=\"description\" content=\"RATP Connect s&#039;engage \u00e0 prot\u00e9ger vos donn\u00e9es personnelles conform\u00e9ment au RGPD. Consultez notre politique de confidentialit\u00e9 pour en savoir plus.\" \/>\n<meta name=\"robots\" content=\"index, follow, max-snippet:-1, max-image-preview:large, max-video-preview:-1\" \/>\n<link rel=\"canonical\" href=\"https:\/\/ratpconnect.com\/en\/donnees-personnelles\/\" \/>\n<meta property=\"og:locale\" content=\"en_GB\" \/>\n<meta property=\"og:type\" content=\"article\" \/>\n<meta property=\"og:title\" content=\"Donn\u00e9es personnelles et RGPD - RATP Connect\" \/>\n<meta property=\"og:description\" content=\"RATP Connect s&#039;engage \u00e0 prot\u00e9ger vos donn\u00e9es personnelles conform\u00e9ment au RGPD. Consultez notre politique de confidentialit\u00e9 pour en savoir plus.\" \/>\n<meta property=\"og:url\" content=\"https:\/\/ratpconnect.com\/en\/donnees-personnelles\/\" \/>\n<meta property=\"og:site_name\" content=\"RATP Connect\" \/>\n<meta property=\"article:modified_time\" content=\"2025-06-17T15:05:46+00:00\" \/>\n<meta name=\"twitter:card\" content=\"summary_large_image\" \/>\n<meta name=\"twitter:label1\" content=\"Estimated reading time\" \/>\n\t<meta name=\"twitter:data1\" content=\"9 minutes\" \/>\n<script type=\"application\/ld+json\" class=\"yoast-schema-graph\">{\"@context\":\"https:\\\/\\\/schema.org\",\"@graph\":[{\"@type\":\"WebPage\",\"@id\":\"https:\\\/\\\/ratpconnect.com\\\/donnees-personnelles\\\/\",\"url\":\"https:\\\/\\\/ratpconnect.com\\\/donnees-personnelles\\\/\",\"name\":\"Donn\u00e9es personnelles et RGPD - RATP Connect\",\"isPartOf\":{\"@id\":\"https:\\\/\\\/ratpconnect.com\\\/#website\"},\"datePublished\":\"2024-05-23T13:10:33+00:00\",\"dateModified\":\"2025-06-17T15:05:46+00:00\",\"description\":\"RATP Connect s'engage \u00e0 prot\u00e9ger vos donn\u00e9es personnelles conform\u00e9ment au RGPD. Consultez notre politique de confidentialit\u00e9 pour en savoir plus.\",\"breadcrumb\":{\"@id\":\"https:\\\/\\\/ratpconnect.com\\\/donnees-personnelles\\\/#breadcrumb\"},\"inLanguage\":\"en-GB\",\"potentialAction\":[{\"@type\":\"ReadAction\",\"target\":[\"https:\\\/\\\/ratpconnect.com\\\/donnees-personnelles\\\/\"]}]},{\"@type\":\"BreadcrumbList\",\"@id\":\"https:\\\/\\\/ratpconnect.com\\\/donnees-personnelles\\\/#breadcrumb\",\"itemListElement\":[{\"@type\":\"ListItem\",\"position\":1,\"name\":\"Accueil\",\"item\":\"https:\\\/\\\/ratpconnect.com\\\/\"},{\"@type\":\"ListItem\",\"position\":2,\"name\":\"Donn\u00e9es personnelles\"}]},{\"@type\":\"WebSite\",\"@id\":\"https:\\\/\\\/ratpconnect.com\\\/#website\",\"url\":\"https:\\\/\\\/ratpconnect.com\\\/\",\"name\":\"RATP Connect\",\"description\":\"\",\"publisher\":{\"@id\":\"https:\\\/\\\/ratpconnect.com\\\/#organization\"},\"potentialAction\":[{\"@type\":\"SearchAction\",\"target\":{\"@type\":\"EntryPoint\",\"urlTemplate\":\"https:\\\/\\\/ratpconnect.com\\\/?s={search_term_string}\"},\"query-input\":{\"@type\":\"PropertyValueSpecification\",\"valueRequired\":true,\"valueName\":\"search_term_string\"}}],\"inLanguage\":\"en-GB\"},{\"@type\":\"Organization\",\"@id\":\"https:\\\/\\\/ratpconnect.com\\\/#organization\",\"name\":\"RATP Cap \u00cele-de-France\",\"url\":\"https:\\\/\\\/ratpconnect.com\\\/\",\"logo\":{\"@type\":\"ImageObject\",\"inLanguage\":\"en-GB\",\"@id\":\"https:\\\/\\\/ratpconnect.com\\\/#\\\/schema\\\/logo\\\/image\\\/\",\"url\":\"https:\\\/\\\/ratpconnect.com\\\/wp-content\\\/uploads\\\/2024\\\/10\\\/LogosConnect.svg\",\"contentUrl\":\"https:\\\/\\\/ratpconnect.com\\\/wp-content\\\/uploads\\\/2024\\\/10\\\/LogosConnect.svg\",\"caption\":\"RATP Cap \u00cele-de-France\"},\"image\":{\"@id\":\"https:\\\/\\\/ratpconnect.com\\\/#\\\/schema\\\/logo\\\/image\\\/\"}}]}<\/script>\n<!-- \/ Yoast SEO plugin. -->","yoast_head_json":{"title":"Personal data &amp; GDPR - RATP Connect","description":"RATP Connect values your privacy. Review our personal data policy to understand how we protect your information.","robots":{"index":"index","follow":"follow","max-snippet":"max-snippet:-1","max-image-preview":"max-image-preview:large","max-video-preview":"max-video-preview:-1"},"canonical":"https:\/\/ratpconnect.com\/en\/donnees-personnelles\/","og_locale":"en_GB","og_type":"article","og_title":"Donn\u00e9es personnelles et RGPD - RATP Connect","og_description":"RATP Connect s'engage \u00e0 prot\u00e9ger vos donn\u00e9es personnelles conform\u00e9ment au RGPD. Consultez notre politique de confidentialit\u00e9 pour en savoir plus.","og_url":"https:\/\/ratpconnect.com\/en\/donnees-personnelles\/","og_site_name":"RATP Connect","article_modified_time":"2025-06-17T15:05:46+00:00","twitter_card":"summary_large_image","twitter_misc":{"Estimated reading time":"9 minutes"},"schema":{"@context":"https:\/\/schema.org","@graph":[{"@type":"WebPage","@id":"https:\/\/ratpconnect.com\/donnees-personnelles\/","url":"https:\/\/ratpconnect.com\/donnees-personnelles\/","name":"Personal data &amp; GDPR - RATP Connect","isPartOf":{"@id":"https:\/\/ratpconnect.com\/#website"},"datePublished":"2024-05-23T13:10:33+00:00","dateModified":"2025-06-17T15:05:46+00:00","description":"RATP Connect values your privacy. Review our personal data policy to understand how we protect your information.","breadcrumb":{"@id":"https:\/\/ratpconnect.com\/donnees-personnelles\/#breadcrumb"},"inLanguage":"en-GB","potentialAction":[{"@type":"ReadAction","target":["https:\/\/ratpconnect.com\/donnees-personnelles\/"]}]},{"@type":"BreadcrumbList","@id":"https:\/\/ratpconnect.com\/donnees-personnelles\/#breadcrumb","itemListElement":[{"@type":"ListItem","position":1,"name":"Accueil","item":"https:\/\/ratpconnect.com\/"},{"@type":"ListItem","position":2,"name":"Donn\u00e9es personnelles"}]},{"@type":"WebSite","@id":"https:\/\/ratpconnect.com\/#website","url":"https:\/\/ratpconnect.com\/","name":"RATP Connect","description":"","publisher":{"@id":"https:\/\/ratpconnect.com\/#organization"},"potentialAction":[{"@type":"SearchAction","target":{"@type":"EntryPoint","urlTemplate":"https:\/\/ratpconnect.com\/?s={search_term_string}"},"query-input":{"@type":"PropertyValueSpecification","valueRequired":true,"valueName":"search_term_string"}}],"inLanguage":"en-GB"},{"@type":"Organization","@id":"https:\/\/ratpconnect.com\/#organization","name":"RATP Cap \u00cele-de-France","url":"https:\/\/ratpconnect.com\/","logo":{"@type":"ImageObject","inLanguage":"en-GB","@id":"https:\/\/ratpconnect.com\/#\/schema\/logo\/image\/","url":"https:\/\/ratpconnect.com\/wp-content\/uploads\/2024\/10\/LogosConnect.svg","contentUrl":"https:\/\/ratpconnect.com\/wp-content\/uploads\/2024\/10\/LogosConnect.svg","caption":"RATP Cap \u00cele-de-France"},"image":{"@id":"https:\/\/ratpconnect.com\/#\/schema\/logo\/image\/"}}]}},"_links":{"self":[{"href":"https:\/\/ratpconnect.com\/en\/wp-json\/wp\/v2\/pages\/6391","targetHints":{"allow":["GET"]}}],"collection":[{"href":"https:\/\/ratpconnect.com\/en\/wp-json\/wp\/v2\/pages"}],"about":[{"href":"https:\/\/ratpconnect.com\/en\/wp-json\/wp\/v2\/types\/page"}],"author":[{"embeddable":true,"href":"https:\/\/ratpconnect.com\/en\/wp-json\/wp\/v2\/users\/8"}],"replies":[{"embeddable":true,"href":"https:\/\/ratpconnect.com\/en\/wp-json\/wp\/v2\/comments?post=6391"}],"version-history":[{"count":22,"href":"https:\/\/ratpconnect.com\/en\/wp-json\/wp\/v2\/pages\/6391\/revisions"}],"predecessor-version":[{"id":7283,"href":"https:\/\/ratpconnect.com\/en\/wp-json\/wp\/v2\/pages\/6391\/revisions\/7283"}],"wp:attachment":[{"href":"https:\/\/ratpconnect.com\/en\/wp-json\/wp\/v2\/media?parent=6391"}],"curies":[{"name":"wp","href":"https:\/\/api.w.org\/{rel}","templated":true}]}}