{"id":4354,"date":"2024-01-17T11:36:46","date_gmt":"2024-01-17T09:36:46","guid":{"rendered":"https:\/\/ratpconnect.com\/?page_id=4354"},"modified":"2026-01-06T15:25:13","modified_gmt":"2026-01-06T13:25:13","slug":"nos-offres-fibre-optique","status":"publish","type":"page","link":"https:\/\/ratpconnect.com\/en\/our-solutions\/nos-offres-fibre-optique\/","title":{"rendered":"Optical fiber: high-speed broadband offer"},"content":{"rendered":"<div class=\"gb-container gb-container-ec254eff page-title\">\n\n<h1 class=\"wp-block-heading page-title__heading\">Optical fiber: high-speed broadband offer<\/h1>\n\n<\/div>\n\n<div class=\"breadcrumbs align  wp-block-bcn-breadcrumb-trail has-text-color has-background\" vocab=\"https:\/\/schema.org\/\" typeof=\"BreadcrumbList\">\n\t<span><\/span>\n\t<span property=\"itemListElement\" typeof=\"ListItem\"><a property=\"item\" typeof=\"WebPage\" href=\"https:\/\/ratpconnect.com\/en\/\" class=\"home\" aria-current=\"page\"><span property=\"name\">Home page<\/span><\/a><meta property=\"position\" content=\"1\"><\/span><\/div>\n\n\n<div class=\"gb-container gb-container-bbacd815 bandeau-intro\">\n<div class=\"gb-container gb-container-7387bdc5 bandeau-intro__inside\">\n\n<h2 class=\"wp-block-heading mb-0 color-base-3\"><strong><strong>Rolling out the connection between individuals and services<\/strong><\/strong><\/h2>\n\n\n\n<p class=\"mb-0 color-base-3\">Experts in underground networks, RATP CONNECT offers the most extensive fiber optic network in the Paris region to players and businesses in the digital sector seeking to quicken the pace of their digital transformation.<\/p>\n\n<\/div>\n<\/div>\n\n<div class=\"gb-container gb-container-9d52252c img-block-right__container\">\n<div class=\"gb-container gb-container-836548f9 img-block-right__sub-container\">\n<div class=\"gb-container gb-container-4ccd2a2c img-block-right__image-wrapper\">\n<div class=\"gb-container gb-container-b4ae217c img-block-right__image-container\">\n<div class=\"gb-container gb-container-6f76199b img-block-right__image-content box-shadow--rounded--secondary\">\n<div class=\"wp-block-image img-block-right__image\">\n<figure class=\"aligncenter size-full\"><img loading=\"lazy\" decoding=\"async\" width=\"476\" height=\"510\" src=\"https:\/\/ratpconnect.com\/wp-content\/uploads\/2023\/11\/notre-offre-ratp.webp\" alt=\"\" class=\"wp-image-2931\" style=\"object-fit:cover\" srcset=\"https:\/\/ratpconnect.com\/wp-content\/uploads\/2023\/11\/notre-offre-ratp.webp 476w, https:\/\/ratpconnect.com\/wp-content\/uploads\/2023\/11\/notre-offre-ratp-280x300.webp 280w\" sizes=\"auto, (max-width: 476px) 100vw, 476px\" \/><\/figure>\n<\/div>\n<\/div>\n<\/div>\n<\/div>\n\n<div class=\"gb-container gb-container-13011404 img-block-right__content border-line-full-page--right--primary\">\n<div class=\"gb-container gb-container-6513a29d img-block-right__header\">\n<div class=\"gb-container gb-container-4cedf3e1 img-block-right__header-content\">\n\n<h2 class=\"wp-block-heading img-block-right__title mb-0\"><strong>An innovative technological offer to boost your very high speed broadband connectivity and ensure the security of your data storage.<\/strong><\/h2>\n\n\n<div class=\"gb-container gb-container-a4a45e5c img-block-right__text-container\">\n\n<h3 class=\"wp-block-heading block-text-right__subtitle mb-0\">The leader in dark fiber<\/h3>\n\n\n\n<p class=\"mb-0 img-block-right__text translation-block\">Unrivaled dark fiber <a href=\"https:\/\/ratpconnect.com\/en\/our-solutions\/fibre-noire\/\" class=\"color-bleu-institutionnel\" target=\"_self\"><strong>infrastructure<\/strong><\/a> in the Paris region.<\/p>\n\n<\/div>\n\n<div class=\"gb-container gb-container-6cd0bd1e img-block-right__text-container\">\n\n<h3 class=\"wp-block-heading block-text-right__subtitle mb-0\">On hand and ready to listen to your needs<\/h3>\n\n\n\n<p class=\"mb-0 img-block-right__text\">Customer service and assistance available 24\/7.<\/p>\n\n<\/div>\n\n<div class=\"gb-container gb-container-fc8aa65d img-block-right__text-container\">\n\n<h3 class=\"wp-block-heading block-text-right__subtitle mb-0\">Very high speed broadband nearby<\/h3>\n\n\n\n<p class=\"mb-0 img-block-right__text\">A network connection point close to your location to meet your need for very high bandwidth connectivity.<\/p>\n\n<\/div>\n\n<div class=\"gb-container gb-container-d323d020 img-block-right__text-container\">\n\n<h3 class=\"wp-block-heading block-text-right__subtitle mb-0\">Accessible to all<\/h3>\n\n\n\n<p class=\"img-block-right__text mb-0\">An offer open to all operators.<\/p>\n\n<\/div>\n\n<div class=\"gb-container gb-container-f2548487 img-block-right__text-container\">\n\n<h3 class=\"wp-block-heading block-text-right__subtitle mb-0\">Reliable and secure<\/h3>\n\n\n\n<p class=\"mb-0 img-block-right__text\">An underground network protected from outside interference (e.g. bad weather, incidents arising from roadworks).<\/p>\n\n<\/div>\n\n<div class=\"gb-container gb-container-a403b980 img-block-right__text-container\">\n\n<h3 class=\"wp-block-heading mb-0 block-text-right__subtitle\">Serving the environment<\/h3>\n\n\n\n<p class=\"mb-0 img-block-right__text\">We recover nearly 100% of our waste and vastly reduce the need to dig up roads.<\/p>\n\n<\/div>\n<\/div>\n<\/div>\n<\/div>\n<\/div>\n<\/div>\n\n<div class=\"gb-container gb-container-f86d0a3c key-figures\">\n<div class=\"gb-container gb-container-de51f2b2 key-figures__header\">\n\n<h2 class=\"wp-block-heading key-figures__title\">Key figure<\/h2>\n\n<\/div>\n\n<div class=\"gb-container gb-container-47c2f277 key-figures__list\" role=\"list\">\n<div class=\"gb-container gb-container-5e69aadd key-figures__item key-figures__item--semi-square--primary bg-primary\" role=\"listitem\">\n\n<p class=\"has-text-align-center key-figures__value color-base-3 has-base-3-color has-text-color\" style=\"font-size:3.93em\">+170 000<\/p>\n\n\n\n<p class=\"has-text-align-center key-figures__description color-base-3 has-base-3-color has-text-color\" style=\"font-size:2.37em\">km of fiber optic cables<\/p>\n\n<\/div>\n\n<div class=\"gb-container gb-container-3cb39d86 key-figures__item key-figures__item--circle--secondary bg-secondary\" role=\"listitem\">\n\n<p class=\"has-text-align-center key-figures__value color-base-3 has-framboise-900-color has-text-color\" style=\"font-size:3.93em\">+ 2 700<\/p>\n\n\n\n<p class=\"has-text-align-center key-figures__description color-base-3 has-framboise-900-color has-text-color\" style=\"font-size:2.37em\">of cables running through railroad zones<\/p>\n\n<\/div>\n\n<div class=\"gb-container gb-container-7f718f3c key-figures__item key-figures__item--semi-square--terciary bg-terciary-1\" role=\"listitem\">\n\n<p class=\"has-text-align-center key-figures__value color-base-3 has-bleu-institutionnel-color has-text-color\" style=\"font-size:3.93em\">400<\/p>\n\n\n\n<p class=\"has-text-align-center key-figures__description color-base-3 has-bleu-institutionnel-color has-text-color\" style=\"font-size:2.37em\">locations<\/p>\n\n<\/div>\n<\/div>\n<\/div>\n\n<div class=\"gb-container gb-container-b6e14c16 illu-background-container\">\n<div class=\"gb-container gb-container-c4218dca illu-background-topcover\"><\/div>\n\n\n<figure class=\"wp-block-image size-full illustration-background-circle\"><img decoding=\"async\" src=\"https:\/\/ratpconnect.com\/wp-content\/uploads\/2023\/12\/Forme_BG_Cercle_Right.svg\" alt=\"\" class=\"wp-image-3860\"\/><\/figure>\n\n\n\n<figure class=\"wp-block-image size-full illustration-background-circle--opposite\"><img decoding=\"async\" src=\"https:\/\/ratpconnect.com\/wp-content\/uploads\/2024\/03\/Forme_BG_Cercle_Left.svg\" alt=\"\" class=\"wp-image-5460\"\/><\/figure>\n\n<\/div>","protected":false},"excerpt":{"rendered":"<p>Nos offres de fibre optique tr\u00e8s haut d\u00e9bit D\u00e9ployer la connexion entre les individus et les services Expert des espaces connect\u00e9s souterrains, RATP CONNECT propose le principal r\u00e9seau de fibre optique en Ile-de-France aux acteurs du num\u00e9rique et aux entreprises et aux collectivit\u00e9s qui souhaitent acc\u00e9l\u00e9rer leur transformation digitale. Une offre technologique innovante pour booster &#8230; <a title=\"Optical fiber: high-speed broadband offer\" class=\"read-more\" href=\"https:\/\/ratpconnect.com\/en\/our-solutions\/nos-offres-fibre-optique\/\" aria-label=\"Read more about Nos offres de fibre optique tr\u00e8s haut d\u00e9bit\">Read more<\/a><\/p>","protected":false},"author":7,"featured_media":0,"parent":2,"menu_order":0,"comment_status":"closed","ping_status":"closed","template":"","meta":{"footnotes":""},"class_list":["post-4354","page","type-page","status-publish"],"yoast_head":"<!-- This site is optimized with the Yoast SEO plugin v27.3 - https:\/\/yoast.com\/product\/yoast-seo-wordpress\/ -->\n<title>Offres fibre optique tr\u00e8s haut d\u00e9bit - RATP Connect<\/title>\n<meta name=\"description\" content=\"Notre offre performante et personnalis\u00e9e s&#039;adapte \u00e0 vos activit\u00e9s. Nous connectons les individus et les services pour de fa\u00e7on optimale.\" \/>\n<meta name=\"robots\" content=\"index, follow, max-snippet:-1, max-image-preview:large, max-video-preview:-1\" \/>\n<link rel=\"canonical\" href=\"https:\/\/ratpconnect.com\/en\/our-solutions\/nos-offres-fibre-optique\/\" \/>\n<meta property=\"og:locale\" content=\"en_GB\" \/>\n<meta property=\"og:type\" content=\"article\" \/>\n<meta property=\"og:title\" content=\"Offres fibre optique tr\u00e8s haut d\u00e9bit - RATP Connect\" \/>\n<meta property=\"og:description\" content=\"Notre offre performante et personnalis\u00e9e s&#039;adapte \u00e0 vos activit\u00e9s. Nous connectons les individus et les services pour de fa\u00e7on optimale.\" \/>\n<meta property=\"og:url\" content=\"https:\/\/ratpconnect.com\/en\/our-solutions\/nos-offres-fibre-optique\/\" \/>\n<meta property=\"og:site_name\" content=\"RATP Connect\" \/>\n<meta property=\"article:modified_time\" content=\"2026-01-06T13:25:13+00:00\" \/>\n<meta property=\"og:image\" content=\"https:\/\/ratpconnect.com\/wp-content\/uploads\/2023\/11\/notre-offre-ratp.webp\" \/>\n\t<meta property=\"og:image:width\" content=\"476\" \/>\n\t<meta property=\"og:image:height\" content=\"510\" \/>\n\t<meta property=\"og:image:type\" content=\"image\/webp\" \/>\n<meta name=\"twitter:card\" content=\"summary_large_image\" \/>\n<meta name=\"twitter:label1\" content=\"Estimated reading time\" \/>\n\t<meta name=\"twitter:data1\" content=\"2 minutes\" \/>\n<script type=\"application\/ld+json\" class=\"yoast-schema-graph\">{\"@context\":\"https:\\\/\\\/schema.org\",\"@graph\":[{\"@type\":\"WebPage\",\"@id\":\"https:\\\/\\\/ratpconnect.com\\\/nos-solutions\\\/nos-offres-fibre-optique\\\/\",\"url\":\"https:\\\/\\\/ratpconnect.com\\\/nos-solutions\\\/nos-offres-fibre-optique\\\/\",\"name\":\"Offres fibre optique tr\u00e8s haut d\u00e9bit - RATP Connect\",\"isPartOf\":{\"@id\":\"https:\\\/\\\/ratpconnect.com\\\/#website\"},\"primaryImageOfPage\":{\"@id\":\"https:\\\/\\\/ratpconnect.com\\\/nos-solutions\\\/nos-offres-fibre-optique\\\/#primaryimage\"},\"image\":{\"@id\":\"https:\\\/\\\/ratpconnect.com\\\/nos-solutions\\\/nos-offres-fibre-optique\\\/#primaryimage\"},\"thumbnailUrl\":\"https:\\\/\\\/ratpconnect.com\\\/wp-content\\\/uploads\\\/2023\\\/11\\\/notre-offre-ratp.webp\",\"datePublished\":\"2024-01-17T09:36:46+00:00\",\"dateModified\":\"2026-01-06T13:25:13+00:00\",\"description\":\"Notre offre performante et personnalis\u00e9e s'adapte \u00e0 vos activit\u00e9s. Nous connectons les individus et les services pour de fa\u00e7on optimale.\",\"breadcrumb\":{\"@id\":\"https:\\\/\\\/ratpconnect.com\\\/nos-solutions\\\/nos-offres-fibre-optique\\\/#breadcrumb\"},\"inLanguage\":\"en-GB\",\"potentialAction\":[{\"@type\":\"ReadAction\",\"target\":[\"https:\\\/\\\/ratpconnect.com\\\/nos-solutions\\\/nos-offres-fibre-optique\\\/\"]}]},{\"@type\":\"ImageObject\",\"inLanguage\":\"en-GB\",\"@id\":\"https:\\\/\\\/ratpconnect.com\\\/nos-solutions\\\/nos-offres-fibre-optique\\\/#primaryimage\",\"url\":\"https:\\\/\\\/ratpconnect.com\\\/wp-content\\\/uploads\\\/2023\\\/11\\\/notre-offre-ratp.webp\",\"contentUrl\":\"https:\\\/\\\/ratpconnect.com\\\/wp-content\\\/uploads\\\/2023\\\/11\\\/notre-offre-ratp.webp\"},{\"@type\":\"BreadcrumbList\",\"@id\":\"https:\\\/\\\/ratpconnect.com\\\/nos-solutions\\\/nos-offres-fibre-optique\\\/#breadcrumb\",\"itemListElement\":[{\"@type\":\"ListItem\",\"position\":1,\"name\":\"Accueil\",\"item\":\"https:\\\/\\\/ratpconnect.com\\\/\"},{\"@type\":\"ListItem\",\"position\":2,\"name\":\"Nos solutions\",\"item\":\"https:\\\/\\\/ratpconnect.com\\\/nos-solutions\\\/\"},{\"@type\":\"ListItem\",\"position\":3,\"name\":\"Nos offres de fibre optique tr\u00e8s haut d\u00e9bit\"}]},{\"@type\":\"WebSite\",\"@id\":\"https:\\\/\\\/ratpconnect.com\\\/#website\",\"url\":\"https:\\\/\\\/ratpconnect.com\\\/\",\"name\":\"RATP Connect\",\"description\":\"\",\"publisher\":{\"@id\":\"https:\\\/\\\/ratpconnect.com\\\/#organization\"},\"potentialAction\":[{\"@type\":\"SearchAction\",\"target\":{\"@type\":\"EntryPoint\",\"urlTemplate\":\"https:\\\/\\\/ratpconnect.com\\\/?s={search_term_string}\"},\"query-input\":{\"@type\":\"PropertyValueSpecification\",\"valueRequired\":true,\"valueName\":\"search_term_string\"}}],\"inLanguage\":\"en-GB\"},{\"@type\":\"Organization\",\"@id\":\"https:\\\/\\\/ratpconnect.com\\\/#organization\",\"name\":\"RATP Cap \u00cele-de-France\",\"url\":\"https:\\\/\\\/ratpconnect.com\\\/\",\"logo\":{\"@type\":\"ImageObject\",\"inLanguage\":\"en-GB\",\"@id\":\"https:\\\/\\\/ratpconnect.com\\\/#\\\/schema\\\/logo\\\/image\\\/\",\"url\":\"https:\\\/\\\/ratpconnect.com\\\/wp-content\\\/uploads\\\/2024\\\/10\\\/LogosConnect.svg\",\"contentUrl\":\"https:\\\/\\\/ratpconnect.com\\\/wp-content\\\/uploads\\\/2024\\\/10\\\/LogosConnect.svg\",\"caption\":\"RATP Cap \u00cele-de-France\"},\"image\":{\"@id\":\"https:\\\/\\\/ratpconnect.com\\\/#\\\/schema\\\/logo\\\/image\\\/\"}}]}<\/script>\n<!-- \/ Yoast SEO plugin. -->","yoast_head_json":{"title":"Optical fiber: high-speed broadband offer - RATP Connect","description":"Our offer of high-performance connectivity is tailored to your needs. We link individuals and services for optimal connectivity.","robots":{"index":"index","follow":"follow","max-snippet":"max-snippet:-1","max-image-preview":"max-image-preview:large","max-video-preview":"max-video-preview:-1"},"canonical":"https:\/\/ratpconnect.com\/en\/our-solutions\/nos-offres-fibre-optique\/","og_locale":"en_GB","og_type":"article","og_title":"Offres fibre optique tr\u00e8s haut d\u00e9bit - RATP Connect","og_description":"Notre offre performante et personnalis\u00e9e s'adapte \u00e0 vos activit\u00e9s. Nous connectons les individus et les services pour de fa\u00e7on optimale.","og_url":"https:\/\/ratpconnect.com\/en\/our-solutions\/nos-offres-fibre-optique\/","og_site_name":"RATP Connect","article_modified_time":"2026-01-06T13:25:13+00:00","og_image":[{"width":476,"height":510,"url":"https:\/\/ratpconnect.com\/wp-content\/uploads\/2023\/11\/notre-offre-ratp.webp","type":"image\/webp"}],"twitter_card":"summary_large_image","twitter_misc":{"Estimated reading time":"2 minutes"},"schema":{"@context":"https:\/\/schema.org","@graph":[{"@type":"WebPage","@id":"https:\/\/ratpconnect.com\/nos-solutions\/nos-offres-fibre-optique\/","url":"https:\/\/ratpconnect.com\/nos-solutions\/nos-offres-fibre-optique\/","name":"Optical fiber: high-speed broadband offer - RATP Connect","isPartOf":{"@id":"https:\/\/ratpconnect.com\/#website"},"primaryImageOfPage":{"@id":"https:\/\/ratpconnect.com\/nos-solutions\/nos-offres-fibre-optique\/#primaryimage"},"image":{"@id":"https:\/\/ratpconnect.com\/nos-solutions\/nos-offres-fibre-optique\/#primaryimage"},"thumbnailUrl":"https:\/\/ratpconnect.com\/wp-content\/uploads\/2023\/11\/notre-offre-ratp.webp","datePublished":"2024-01-17T09:36:46+00:00","dateModified":"2026-01-06T13:25:13+00:00","description":"Our offer of high-performance connectivity is tailored to your needs. We link individuals and services for optimal connectivity.","breadcrumb":{"@id":"https:\/\/ratpconnect.com\/nos-solutions\/nos-offres-fibre-optique\/#breadcrumb"},"inLanguage":"en-GB","potentialAction":[{"@type":"ReadAction","target":["https:\/\/ratpconnect.com\/nos-solutions\/nos-offres-fibre-optique\/"]}]},{"@type":"ImageObject","inLanguage":"en-GB","@id":"https:\/\/ratpconnect.com\/nos-solutions\/nos-offres-fibre-optique\/#primaryimage","url":"https:\/\/ratpconnect.com\/wp-content\/uploads\/2023\/11\/notre-offre-ratp.webp","contentUrl":"https:\/\/ratpconnect.com\/wp-content\/uploads\/2023\/11\/notre-offre-ratp.webp"},{"@type":"BreadcrumbList","@id":"https:\/\/ratpconnect.com\/nos-solutions\/nos-offres-fibre-optique\/#breadcrumb","itemListElement":[{"@type":"ListItem","position":1,"name":"Accueil","item":"https:\/\/ratpconnect.com\/"},{"@type":"ListItem","position":2,"name":"Nos solutions","item":"https:\/\/ratpconnect.com\/nos-solutions\/"},{"@type":"ListItem","position":3,"name":"Nos offres de fibre optique tr\u00e8s haut d\u00e9bit"}]},{"@type":"WebSite","@id":"https:\/\/ratpconnect.com\/#website","url":"https:\/\/ratpconnect.com\/","name":"RATP Connect","description":"","publisher":{"@id":"https:\/\/ratpconnect.com\/#organization"},"potentialAction":[{"@type":"SearchAction","target":{"@type":"EntryPoint","urlTemplate":"https:\/\/ratpconnect.com\/?s={search_term_string}"},"query-input":{"@type":"PropertyValueSpecification","valueRequired":true,"valueName":"search_term_string"}}],"inLanguage":"en-GB"},{"@type":"Organization","@id":"https:\/\/ratpconnect.com\/#organization","name":"RATP Cap \u00cele-de-France","url":"https:\/\/ratpconnect.com\/","logo":{"@type":"ImageObject","inLanguage":"en-GB","@id":"https:\/\/ratpconnect.com\/#\/schema\/logo\/image\/","url":"https:\/\/ratpconnect.com\/wp-content\/uploads\/2024\/10\/LogosConnect.svg","contentUrl":"https:\/\/ratpconnect.com\/wp-content\/uploads\/2024\/10\/LogosConnect.svg","caption":"RATP Cap \u00cele-de-France"},"image":{"@id":"https:\/\/ratpconnect.com\/#\/schema\/logo\/image\/"}}]}},"_links":{"self":[{"href":"https:\/\/ratpconnect.com\/en\/wp-json\/wp\/v2\/pages\/4354","targetHints":{"allow":["GET"]}}],"collection":[{"href":"https:\/\/ratpconnect.com\/en\/wp-json\/wp\/v2\/pages"}],"about":[{"href":"https:\/\/ratpconnect.com\/en\/wp-json\/wp\/v2\/types\/page"}],"author":[{"embeddable":true,"href":"https:\/\/ratpconnect.com\/en\/wp-json\/wp\/v2\/users\/7"}],"replies":[{"embeddable":true,"href":"https:\/\/ratpconnect.com\/en\/wp-json\/wp\/v2\/comments?post=4354"}],"version-history":[{"count":145,"href":"https:\/\/ratpconnect.com\/en\/wp-json\/wp\/v2\/pages\/4354\/revisions"}],"predecessor-version":[{"id":7715,"href":"https:\/\/ratpconnect.com\/en\/wp-json\/wp\/v2\/pages\/4354\/revisions\/7715"}],"up":[{"embeddable":true,"href":"https:\/\/ratpconnect.com\/en\/wp-json\/wp\/v2\/pages\/2"}],"wp:attachment":[{"href":"https:\/\/ratpconnect.com\/en\/wp-json\/wp\/v2\/media?parent=4354"}],"curies":[{"name":"wp","href":"https:\/\/api.w.org\/{rel}","templated":true}]}}