{"id":4027,"date":"2023-12-15T13:58:45","date_gmt":"2023-12-15T11:58:45","guid":{"rendered":"https:\/\/ratpconnect.com\/?page_id=4027"},"modified":"2025-07-02T10:23:57","modified_gmt":"2025-07-02T08:23:57","slug":"rse","status":"publish","type":"page","link":"https:\/\/ratpconnect.com\/en\/nos-engagements\/rse\/","title":{"rendered":"CSR commitments"},"content":{"rendered":"<div class=\"gb-container gb-container-ec254eff page-title\">\n\n<h1 class=\"wp-block-heading page-title__heading\">Our social and environmental responsibility<\/h1>\n\n<\/div>\n\n<div class=\"breadcrumbs align  wp-block-bcn-breadcrumb-trail has-text-color has-background\" vocab=\"https:\/\/schema.org\/\" typeof=\"BreadcrumbList\">\n\t<span><\/span>\n\t<span property=\"itemListElement\" typeof=\"ListItem\"><a property=\"item\" typeof=\"WebPage\" href=\"https:\/\/ratpconnect.com\/en\/\" class=\"home\" aria-current=\"page\"><span property=\"name\">Home page<\/span><\/a><meta property=\"position\" content=\"1\"><\/span><\/div>\n\n\n<div class=\"gb-container gb-container-bbacd815 bandeau-intro\">\n<div class=\"gb-container gb-container-7387bdc5 bandeau-intro__inside\">\n\n<h2 class=\"wp-block-heading mb-0 color-base-3\"><strong>Innovating for sustainable and inclusive connectivity<\/strong><\/h2>\n\n\n\n<p class=\"mb-0 color-base-3\">RATP Connect's mission is to provide solutions and infrastructure to serve the city's needs, all the while acting responsibly with respect to the environment, local residents, and the need for growth, offering connectivity that is sustainable and inclusive.<\/p>\n\n<\/div>\n<\/div>\n\n<div class=\"gb-container gb-container-4ed3d0e2 img-block-right__container\">\n<div class=\"gb-container gb-container-fe3b9aa7 img-block-right__sub-container\">\n<div class=\"gb-container gb-container-4ccd2a2c img-block-right__image-wrapper\">\n<div class=\"gb-container gb-container-b4ae217c img-block-right__image-container\">\n<div class=\"gb-container gb-container-6c18455a img-block-right__image-content box-shadow--rounded--secondary\">\n<div class=\"wp-block-image img-block-right__image\">\n<figure class=\"aligncenter size-full\"><img loading=\"lazy\" decoding=\"async\" width=\"476\" height=\"510\" src=\"https:\/\/ratpconnect.com\/wp-content\/uploads\/2023\/11\/woman-smiling-holding-computer.png\" alt=\"\" class=\"wp-image-2725\" style=\"object-fit:cover\" srcset=\"https:\/\/ratpconnect.com\/wp-content\/uploads\/2023\/11\/woman-smiling-holding-computer.png 476w, https:\/\/ratpconnect.com\/wp-content\/uploads\/2023\/11\/woman-smiling-holding-computer-280x300.png 280w\" sizes=\"auto, (max-width: 476px) 100vw, 476px\" \/><\/figure>\n<\/div>\n<\/div>\n<\/div>\n<\/div>\n\n<div class=\"gb-container gb-container-13011404 img-block-right__content border-line-full-page--right--primary\">\n<div class=\"gb-container gb-container-4cedf3e1 img-block-right__header\">\n<div class=\"gb-container gb-container-5909a74e img-block-right__header-content\">\n\n<h2 class=\"wp-block-heading img-block-right__title mb-0\"><strong>Commitments focused on the city and the people who live there<\/strong><\/h2>\n\n\n<div class=\"gb-container gb-container-a4a45e5c img-block-right__text-container\">\n\n<h3 class=\"wp-block-heading block-text-right__subtitle mb-0\">To be a major player in very high speed Internet and sustainable city living<\/h3>\n\n\n\n<p class=\"img-block-right__text\">RATP CONNECT is committed to offering an affordable service by harnessing our expertise in networks to speed up the digital transformation for businesses and local authorities. Moreover, we contribute to bridging the digital divide by providing access to digital services. Serving the needs of a more responsible city, RATP CONNECT conserves public spaces by using the existing railroad infrastructure to roll out its very high speed broadband network.<\/p>\n\n<\/div>\n\n<div class=\"gb-container gb-container-6cd0bd1e img-block-right__text-container\">\n\n<h3 class=\"wp-block-heading block-text-right__subtitle mb-0\">A smaller environmental footprint<\/h3>\n\n\n\n<p class=\"mb-0 img-block-right__text\">RATP CONNECT is committed to reducing its carbon footprint and conserving resources by implementing sustainable initiatives, such as energy and waste management. By promoting responsible practices at all levels of the organization, RATP CONNECT contributes to recycling waste and re-using materials. The organization has also forged partnerships with locally-based companies to promote the circular economy approach.<\/p>\n\n<\/div>\n\n<div class=\"gb-container gb-container-fc8aa65d img-block-right__text-container\">\n\n<h3 class=\"wp-block-heading block-text-right__subtitle mb-0\">Affirming our social and societal responsibility<\/h3>\n\n\n\n<p class=\"mb-0 img-block-right__text\">RATP CONNECT actively contributes to economic vitality and community-based solidarity in the areas where it operates by promoting local economic growth and creating long-term employment. By promoting a positive management approach, RATP Connect fosters employee engagement, supports their career development, and provides a fulfilling work environment. Part of our mission is to ensure fair treatment at all levels of the organization by being mindful of ethical considerations, transparency, and by forging responsible relationships with our suppliers, partners, and stakeholders.\u00a0&nbsp;<\/p>\n\n<\/div>\n<\/div>\n<\/div>\n<\/div>\n<\/div>\n<\/div>\n\n<div class=\"gb-container gb-container-8d6e0933 numbers-section__container\">\n\n<h3 class=\"wp-block-heading has-text-align-center numbers-section__heading\">Some figures<\/h3>\n\n\n<div class=\"gb-container gb-container-0f00ad62 numbers-section__list\" role=\"list\">\n<div class=\"gb-container gb-container-3e92bfc4 numbers-section__item numbers-section__item--semi-square--primary bg-primary\" role=\"listitem\">\n\n<p class=\"has-text-align-center numbers-section__value color-base-3\"><strong>+170 000<\/strong><\/p>\n\n\n\n<p class=\"has-text-align-center numbers-section__description color-base-3\"><strong>km of fiber optic cables<\/strong><\/p>\n\n<\/div>\n\n<div class=\"gb-container gb-container-996cc435 numbers-section__item numbers-section__item--circle--secondary bg-secondary\" role=\"listitem\">\n\n<p class=\"has-text-align-center numbers-section__value color-bleu-institutionnel\"><strong>+ 2 700<\/strong><\/p>\n\n\n\n<p class=\"has-text-align-center numbers-section__description color-bleu-institutionnel translation-block\"><strong>of cables<\/strong><br><strong> running through railroad zones<\/strong><\/p>\n\n<\/div>\n\n<div class=\"gb-container gb-container-dc443d37 numbers-section__item numbers-section__item--semi-square--terciary bg-terciary-1\" role=\"listitem\">\n\n<p class=\"has-text-align-center color-bleu-institutionnel numbers-section__value\"><strong>400<\/strong><\/p>\n\n\n\n<p class=\"has-text-align-center numbers-section__description color-bleu-institutionnel\"><strong>locations<\/strong><\/p>\n\n<\/div>\n<\/div>\n<\/div>\n\n<div class=\"gb-container gb-container-1f4bd060 illu-background-container\">\n<div class=\"gb-container gb-container-29100d43 illu-background-topcover\"><\/div>\n\n\n<figure class=\"wp-block-image size-full illustration-background-circle\"><img decoding=\"async\" src=\"https:\/\/ratpconnect.com\/wp-content\/uploads\/2023\/12\/Forme_BG_Cercle_Right.svg\" alt=\"\" class=\"wp-image-3860\"\/><\/figure>\n\n\n\n<figure class=\"wp-block-image size-full illustration-background-circle--opposite\"><img decoding=\"async\" src=\"https:\/\/ratpconnect.com\/wp-content\/uploads\/2024\/03\/Forme_BG_Cercle_Left.svg\" alt=\"\" class=\"wp-image-5460\"\/><\/figure>\n\n<\/div>","protected":false},"excerpt":{"rendered":"<p>Notre responsabilit\u00e9 sociale et environnementale Innover pour une connectivit\u00e9 durable et inclusive La mission de RATP Connect : mettre \u00e0 disposition ses solutions et infrastructures au service de la ville, en veillant au respect de son environnement, de ses habitants et de son d\u00e9veloppement, pour une connectivit\u00e9 durable et inclusive. Des engagements tourn\u00e9s vers la &#8230; <a title=\"CSR commitments\" class=\"read-more\" href=\"https:\/\/ratpconnect.com\/en\/nos-engagements\/rse\/\" aria-label=\"Read more about Engagements RSE\">Read more<\/a><\/p>","protected":false},"author":7,"featured_media":0,"parent":7493,"menu_order":0,"comment_status":"closed","ping_status":"closed","template":"","meta":{"footnotes":""},"class_list":["post-4027","page","type-page","status-publish"],"yoast_head":"<!-- This site is optimized with the Yoast SEO plugin v27.3 - https:\/\/yoast.com\/product\/yoast-seo-wordpress\/ -->\n<title>Responsabilit\u00e9 soci\u00e9tale (RSE) et engagements - RATP Connect<\/title>\n<meta name=\"description\" content=\"Notre mission ? \u00catre au service de la ville et de ses habitants. Nous innovons quotidiennement pour une connectivit\u00e9 durable et inclusive.\" \/>\n<meta name=\"robots\" content=\"index, follow, max-snippet:-1, max-image-preview:large, max-video-preview:-1\" \/>\n<link rel=\"canonical\" href=\"https:\/\/ratpconnect.com\/en\/nos-engagements\/rse\/\" \/>\n<meta property=\"og:locale\" content=\"en_GB\" \/>\n<meta property=\"og:type\" content=\"article\" \/>\n<meta property=\"og:title\" content=\"Responsabilit\u00e9 soci\u00e9tale (RSE) et engagements - RATP Connect\" \/>\n<meta property=\"og:description\" content=\"Notre mission ? \u00catre au service de la ville et de ses habitants. Nous innovons quotidiennement pour une connectivit\u00e9 durable et inclusive.\" \/>\n<meta property=\"og:url\" content=\"https:\/\/ratpconnect.com\/en\/nos-engagements\/rse\/\" \/>\n<meta property=\"og:site_name\" content=\"RATP Connect\" \/>\n<meta property=\"article:modified_time\" content=\"2025-07-02T08:23:57+00:00\" \/>\n<meta property=\"og:image\" content=\"https:\/\/ratpconnect.com\/wp-content\/uploads\/2023\/11\/woman-smiling-holding-computer.png\" \/>\n\t<meta property=\"og:image:width\" content=\"476\" \/>\n\t<meta property=\"og:image:height\" content=\"510\" \/>\n\t<meta property=\"og:image:type\" content=\"image\/png\" \/>\n<meta name=\"twitter:card\" content=\"summary_large_image\" \/>\n<meta name=\"twitter:label1\" content=\"Estimated reading time\" \/>\n\t<meta name=\"twitter:data1\" content=\"3 minutes\" \/>\n<script type=\"application\/ld+json\" class=\"yoast-schema-graph\">{\"@context\":\"https:\\\/\\\/schema.org\",\"@graph\":[{\"@type\":\"WebPage\",\"@id\":\"https:\\\/\\\/ratpconnect.com\\\/nos-engagements\\\/rse\\\/\",\"url\":\"https:\\\/\\\/ratpconnect.com\\\/nos-engagements\\\/rse\\\/\",\"name\":\"Responsabilit\u00e9 soci\u00e9tale (RSE) et engagements - RATP Connect\",\"isPartOf\":{\"@id\":\"https:\\\/\\\/ratpconnect.com\\\/#website\"},\"primaryImageOfPage\":{\"@id\":\"https:\\\/\\\/ratpconnect.com\\\/nos-engagements\\\/rse\\\/#primaryimage\"},\"image\":{\"@id\":\"https:\\\/\\\/ratpconnect.com\\\/nos-engagements\\\/rse\\\/#primaryimage\"},\"thumbnailUrl\":\"https:\\\/\\\/ratpconnect.com\\\/wp-content\\\/uploads\\\/2023\\\/11\\\/woman-smiling-holding-computer.png\",\"datePublished\":\"2023-12-15T11:58:45+00:00\",\"dateModified\":\"2025-07-02T08:23:57+00:00\",\"description\":\"Notre mission ? \u00catre au service de la ville et de ses habitants. Nous innovons quotidiennement pour une connectivit\u00e9 durable et inclusive.\",\"breadcrumb\":{\"@id\":\"https:\\\/\\\/ratpconnect.com\\\/nos-engagements\\\/rse\\\/#breadcrumb\"},\"inLanguage\":\"en-GB\",\"potentialAction\":[{\"@type\":\"ReadAction\",\"target\":[\"https:\\\/\\\/ratpconnect.com\\\/nos-engagements\\\/rse\\\/\"]}]},{\"@type\":\"ImageObject\",\"inLanguage\":\"en-GB\",\"@id\":\"https:\\\/\\\/ratpconnect.com\\\/nos-engagements\\\/rse\\\/#primaryimage\",\"url\":\"https:\\\/\\\/ratpconnect.com\\\/wp-content\\\/uploads\\\/2023\\\/11\\\/woman-smiling-holding-computer.png\",\"contentUrl\":\"https:\\\/\\\/ratpconnect.com\\\/wp-content\\\/uploads\\\/2023\\\/11\\\/woman-smiling-holding-computer.png\"},{\"@type\":\"BreadcrumbList\",\"@id\":\"https:\\\/\\\/ratpconnect.com\\\/nos-engagements\\\/rse\\\/#breadcrumb\",\"itemListElement\":[{\"@type\":\"ListItem\",\"position\":1,\"name\":\"Accueil\",\"item\":\"https:\\\/\\\/ratpconnect.com\\\/\"},{\"@type\":\"ListItem\",\"position\":2,\"name\":\"Nos engagements\",\"item\":\"https:\\\/\\\/ratpconnect.com\\\/nos-engagements\\\/\"},{\"@type\":\"ListItem\",\"position\":3,\"name\":\"Engagements RSE\"}]},{\"@type\":\"WebSite\",\"@id\":\"https:\\\/\\\/ratpconnect.com\\\/#website\",\"url\":\"https:\\\/\\\/ratpconnect.com\\\/\",\"name\":\"RATP Connect\",\"description\":\"\",\"publisher\":{\"@id\":\"https:\\\/\\\/ratpconnect.com\\\/#organization\"},\"potentialAction\":[{\"@type\":\"SearchAction\",\"target\":{\"@type\":\"EntryPoint\",\"urlTemplate\":\"https:\\\/\\\/ratpconnect.com\\\/?s={search_term_string}\"},\"query-input\":{\"@type\":\"PropertyValueSpecification\",\"valueRequired\":true,\"valueName\":\"search_term_string\"}}],\"inLanguage\":\"en-GB\"},{\"@type\":\"Organization\",\"@id\":\"https:\\\/\\\/ratpconnect.com\\\/#organization\",\"name\":\"RATP Cap \u00cele-de-France\",\"url\":\"https:\\\/\\\/ratpconnect.com\\\/\",\"logo\":{\"@type\":\"ImageObject\",\"inLanguage\":\"en-GB\",\"@id\":\"https:\\\/\\\/ratpconnect.com\\\/#\\\/schema\\\/logo\\\/image\\\/\",\"url\":\"https:\\\/\\\/ratpconnect.com\\\/wp-content\\\/uploads\\\/2024\\\/10\\\/LogosConnect.svg\",\"contentUrl\":\"https:\\\/\\\/ratpconnect.com\\\/wp-content\\\/uploads\\\/2024\\\/10\\\/LogosConnect.svg\",\"caption\":\"RATP Cap \u00cele-de-France\"},\"image\":{\"@id\":\"https:\\\/\\\/ratpconnect.com\\\/#\\\/schema\\\/logo\\\/image\\\/\"}}]}<\/script>\n<!-- \/ Yoast SEO plugin. -->","yoast_head_json":{"title":"Responsabilit\u00e9 soci\u00e9tale (RSE) et engagements - RATP Connect","description":"Our goal? To serve the needs of the city and the people who live there We innovate every day for sustainable and inclusive connectivity.","robots":{"index":"index","follow":"follow","max-snippet":"max-snippet:-1","max-image-preview":"max-image-preview:large","max-video-preview":"max-video-preview:-1"},"canonical":"https:\/\/ratpconnect.com\/en\/nos-engagements\/rse\/","og_locale":"en_GB","og_type":"article","og_title":"Responsabilit\u00e9 soci\u00e9tale (RSE) et engagements - RATP Connect","og_description":"Notre mission ? \u00catre au service de la ville et de ses habitants. Nous innovons quotidiennement pour une connectivit\u00e9 durable et inclusive.","og_url":"https:\/\/ratpconnect.com\/en\/nos-engagements\/rse\/","og_site_name":"RATP Connect","article_modified_time":"2025-07-02T08:23:57+00:00","og_image":[{"width":476,"height":510,"url":"https:\/\/ratpconnect.com\/wp-content\/uploads\/2023\/11\/woman-smiling-holding-computer.png","type":"image\/png"}],"twitter_card":"summary_large_image","twitter_misc":{"Estimated reading time":"3 minutes"},"schema":{"@context":"https:\/\/schema.org","@graph":[{"@type":"WebPage","@id":"https:\/\/ratpconnect.com\/nos-engagements\/rse\/","url":"https:\/\/ratpconnect.com\/nos-engagements\/rse\/","name":"Responsabilit\u00e9 soci\u00e9tale (RSE) et engagements - RATP Connect","isPartOf":{"@id":"https:\/\/ratpconnect.com\/#website"},"primaryImageOfPage":{"@id":"https:\/\/ratpconnect.com\/nos-engagements\/rse\/#primaryimage"},"image":{"@id":"https:\/\/ratpconnect.com\/nos-engagements\/rse\/#primaryimage"},"thumbnailUrl":"https:\/\/ratpconnect.com\/wp-content\/uploads\/2023\/11\/woman-smiling-holding-computer.png","datePublished":"2023-12-15T11:58:45+00:00","dateModified":"2025-07-02T08:23:57+00:00","description":"Our goal? To serve the needs of the city and the people who live there We innovate every day for sustainable and inclusive connectivity.","breadcrumb":{"@id":"https:\/\/ratpconnect.com\/nos-engagements\/rse\/#breadcrumb"},"inLanguage":"en-GB","potentialAction":[{"@type":"ReadAction","target":["https:\/\/ratpconnect.com\/nos-engagements\/rse\/"]}]},{"@type":"ImageObject","inLanguage":"en-GB","@id":"https:\/\/ratpconnect.com\/nos-engagements\/rse\/#primaryimage","url":"https:\/\/ratpconnect.com\/wp-content\/uploads\/2023\/11\/woman-smiling-holding-computer.png","contentUrl":"https:\/\/ratpconnect.com\/wp-content\/uploads\/2023\/11\/woman-smiling-holding-computer.png"},{"@type":"BreadcrumbList","@id":"https:\/\/ratpconnect.com\/nos-engagements\/rse\/#breadcrumb","itemListElement":[{"@type":"ListItem","position":1,"name":"Accueil","item":"https:\/\/ratpconnect.com\/"},{"@type":"ListItem","position":2,"name":"Nos engagements","item":"https:\/\/ratpconnect.com\/nos-engagements\/"},{"@type":"ListItem","position":3,"name":"Engagements RSE"}]},{"@type":"WebSite","@id":"https:\/\/ratpconnect.com\/#website","url":"https:\/\/ratpconnect.com\/","name":"RATP Connect","description":"","publisher":{"@id":"https:\/\/ratpconnect.com\/#organization"},"potentialAction":[{"@type":"SearchAction","target":{"@type":"EntryPoint","urlTemplate":"https:\/\/ratpconnect.com\/?s={search_term_string}"},"query-input":{"@type":"PropertyValueSpecification","valueRequired":true,"valueName":"search_term_string"}}],"inLanguage":"en-GB"},{"@type":"Organization","@id":"https:\/\/ratpconnect.com\/#organization","name":"RATP Cap \u00cele-de-France","url":"https:\/\/ratpconnect.com\/","logo":{"@type":"ImageObject","inLanguage":"en-GB","@id":"https:\/\/ratpconnect.com\/#\/schema\/logo\/image\/","url":"https:\/\/ratpconnect.com\/wp-content\/uploads\/2024\/10\/LogosConnect.svg","contentUrl":"https:\/\/ratpconnect.com\/wp-content\/uploads\/2024\/10\/LogosConnect.svg","caption":"RATP Cap \u00cele-de-France"},"image":{"@id":"https:\/\/ratpconnect.com\/#\/schema\/logo\/image\/"}}]}},"_links":{"self":[{"href":"https:\/\/ratpconnect.com\/en\/wp-json\/wp\/v2\/pages\/4027","targetHints":{"allow":["GET"]}}],"collection":[{"href":"https:\/\/ratpconnect.com\/en\/wp-json\/wp\/v2\/pages"}],"about":[{"href":"https:\/\/ratpconnect.com\/en\/wp-json\/wp\/v2\/types\/page"}],"author":[{"embeddable":true,"href":"https:\/\/ratpconnect.com\/en\/wp-json\/wp\/v2\/users\/7"}],"replies":[{"embeddable":true,"href":"https:\/\/ratpconnect.com\/en\/wp-json\/wp\/v2\/comments?post=4027"}],"version-history":[{"count":83,"href":"https:\/\/ratpconnect.com\/en\/wp-json\/wp\/v2\/pages\/4027\/revisions"}],"predecessor-version":[{"id":7291,"href":"https:\/\/ratpconnect.com\/en\/wp-json\/wp\/v2\/pages\/4027\/revisions\/7291"}],"up":[{"embeddable":true,"href":"https:\/\/ratpconnect.com\/en\/wp-json\/wp\/v2\/pages\/7493"}],"wp:attachment":[{"href":"https:\/\/ratpconnect.com\/en\/wp-json\/wp\/v2\/media?parent=4027"}],"curies":[{"name":"wp","href":"https:\/\/api.w.org\/{rel}","templated":true}]}}