{"id":3848,"date":"2023-12-14T12:45:47","date_gmt":"2023-12-14T10:45:47","guid":{"rendered":"https:\/\/ratpconnect.com\/?page_id=3848"},"modified":"2026-01-08T16:09:57","modified_gmt":"2026-01-08T14:09:57","slug":"recruitment","status":"publish","type":"page","link":"https:\/\/ratpconnect.com\/en\/nos-engagements\/recruitment\/","title":{"rendered":"Recruitment \/ Join us \u2013 RATP Connect"},"content":{"rendered":"<div class=\"gb-container gb-container-42643bd8 page-title\">\n\n<h1 class=\"wp-block-heading page-title__heading\">Apply for a job at <br><span style=\"color:#000;\">RATP Connect<\/span><\/h1>\n\n<\/div>\n\n<div class=\"breadcrumbs align  wp-block-bcn-breadcrumb-trail has-text-color has-background\" vocab=\"https:\/\/schema.org\/\" typeof=\"BreadcrumbList\">\n\t<span><\/span>\n\t<span property=\"itemListElement\" typeof=\"ListItem\"><a property=\"item\" typeof=\"WebPage\" href=\"https:\/\/ratpconnect.com\/en\/\" class=\"home\" aria-current=\"page\"><span property=\"name\">Home page<\/span><\/a><meta property=\"position\" content=\"1\"><\/span><\/div>\n\n\n<div class=\"gb-container gb-container-bbacd815 bandeau-intro\">\n<div class=\"gb-container gb-container-7387bdc5 bandeau-intro__inside\">\n\n<h2 class=\"wp-block-heading mb-0 color-base-3\"><strong>Choose RATP Connect, a committed and innovative company<\/strong><\/h2>\n\n\n\n<p class=\"mb-0 color-base-3 translation-block\">Join RATP Connect to shape the city of tomorrow by developing a connectivity network throughout the whole Paris region. In this RATP subsidiary, you will be working to transform rail transportation infrastructure into fiber optic network spaces to roll out a dark fiber optic network throughout the capital.<\/p>\n\n<\/div>\n<\/div>\n\n<div class=\"gb-container gb-container-aacb53b5 block-text-left border-line-full-page--left--bleu-institutionnel\">\n<div class=\"gb-container gb-container-6266600c block-text-left__container bg-base-3\">\n<div class=\"gb-container gb-container-bd583adc block-text-left__content\">\n<div class=\"gb-container gb-container-d326e094 block-text-left__section\">\n\n<h2 class=\"wp-block-heading block-text-left__title\"><strong>Play an active role in the city of tomorrow<\/strong><\/h2>\n\n\n<div class=\"gb-container gb-container-25fb255d block-text-left__subsection\">\n\n<h3 class=\"wp-block-heading block-text-left__subtitle mb-0\">Our promise as an employer&nbsp;<\/h3>\n\n\n\n<p class=\"block__list-description\">As a promoter of local economic growth and the personal growth of our employees, RATP Connect's commitments are based on the bedrock principles of the RATP Group:\u00a0&nbsp;<\/p>\n\n\n\n<ul class=\"wp-block-list mb-0 block__list\">\n<li class=\"block__list-item arrow-icon--primary\">to consider each employee an active contributor to the sustainable transformation of towns and cities,<\/li>\n\n\n\n<li class=\"block__list-item arrow-icon--primary\">to foster an environment of inclusiveness and community solidarity,<\/li>\n\n\n\n<li class=\"block__list-item arrow-icon--primary\">to encourage career development by offering a wide range of career opportunities.<\/li>\n<\/ul>\n\n<\/div>\n\n<div class=\"gb-container gb-container-367b2e31 block-text-left__subsection\">\n\n<h3 class=\"wp-block-heading block-text-left__subtitle\">Initiative to promote professional fulfillment<\/h3>\n\n\n\n<p class=\"block__list-description\">The Group encourages personal growth and reinvention by allowing its employees to explore multiple career opportunities. Training plays a central role in skills-development. As such, we scheduled 2 million hours of training in 2023, as well as a leadership training module for women as part of the \"Women at RATP\" program.<\/p>\n\n<\/div>\n\n<div class=\"gb-container gb-container-2f2508f3 block-text-left__action\">\n\n<a class=\"gb-button gb-button-8a355356 gb-button-text btn-link btn-link--primary\" href=\"https:\/\/ratpconnect.com\/en\/contactez-nous\/\"><strong>Join us <\/strong><\/a>\n\n<\/div>\n<\/div>\n<\/div>\n<\/div>\n<\/div>\n\n<div class=\"gb-container gb-container-79c3ce57 block-img\">\n<div class=\"gb-container gb-container-6bba0a01 block-img__container\">\n<div class=\"gb-container gb-container-39b977c4 block-img__figure box-shadow--rounded--secondary\">\n\n<figure class=\"gb-block-image gb-block-image-4408cc39\"><img loading=\"lazy\" decoding=\"async\" width=\"988\" height=\"560\" class=\"gb-image gb-image-4408cc39 block-img__image-wrapper\" src=\"https:\/\/ratpconnect.com\/wp-content\/uploads\/2023\/11\/collaborateur-ratp.webp\" alt=\"\" title=\"collaborateur-ratp\" srcset=\"https:\/\/ratpconnect.com\/wp-content\/uploads\/2023\/11\/collaborateur-ratp.webp 988w, https:\/\/ratpconnect.com\/wp-content\/uploads\/2023\/11\/collaborateur-ratp-300x170.webp 300w, https:\/\/ratpconnect.com\/wp-content\/uploads\/2023\/11\/collaborateur-ratp-768x435.webp 768w\" sizes=\"auto, (max-width: 988px) 100vw, 988px\" \/><\/figure>\n\n<\/div>\n<\/div>\n<\/div>\n\n<div class=\"gb-container gb-container-28939724 illu-background-container\">\n<div class=\"gb-container gb-container-60350b91 illu-background-topcover\"><\/div>\n\n\n<figure class=\"wp-block-image size-full illustration-background-diago--left\"><img decoding=\"async\" src=\"https:\/\/ratpconnect.com\/wp-content\/uploads\/2023\/12\/Forme_BG_Line.svg\" alt=\"\" class=\"wp-image-3865\"\/><\/figure>\n\n\n\n<figure class=\"wp-block-image size-full illustration-background-circle-left--opposite\"><img decoding=\"async\" src=\"https:\/\/ratpconnect.com\/wp-content\/uploads\/2024\/03\/Forme_BG_Cercle_Right.svg\" alt=\"\" class=\"wp-image-5461\"\/><\/figure>\n\n<\/div>","protected":false},"excerpt":{"rendered":"<p>Postulez chez RATP Connect Choisissez RATP Connect, une entreprise engag\u00e9e et innovante Rejoignez RATP Connect pour fa\u00e7onner la ville de demain en d\u00e9veloppant un r\u00e9seau de connectivit\u00e9 en \u00cele-de-France. Filiale de la RATP, vous travaillerez \u00e0 transformer les infrastructures ferroviaires en espaces de r\u00e9seau optique pour faire circuler la fibre noire au sein de la &#8230; <a title=\"Recrutement \/ Rejoignez-nous &#8211; RATP Connect\" class=\"read-more\" href=\"https:\/\/ratpconnect.com\/en\/nos-engagements\/recruitment\/\" aria-label=\"Read more about Recrutement \/ Rejoignez-nous &#8211; RATP Connect\">Read more<\/a><\/p>","protected":false},"author":7,"featured_media":0,"parent":7493,"menu_order":0,"comment_status":"closed","ping_status":"closed","template":"","meta":{"footnotes":""},"class_list":["post-3848","page","type-page","status-publish"],"yoast_head":"<!-- This site is optimized with the Yoast SEO plugin v27.3 - https:\/\/yoast.com\/product\/yoast-seo-wordpress\/ -->\n<title>Recrutement - Rejoindre les \u00e9quipes - RATP Connect<\/title>\n<meta name=\"description\" content=\"D\u00e9couvrez nos m\u00e9tiers et contribuez \u00e0 un transport public plus fiable, plus durable et plus accessible pour des millions de Franciliens.\" \/>\n<meta name=\"robots\" content=\"index, follow, max-snippet:-1, max-image-preview:large, max-video-preview:-1\" \/>\n<link rel=\"canonical\" href=\"https:\/\/ratpconnect.com\/en\/nos-engagements\/recruitment\/\" \/>\n<meta property=\"og:locale\" content=\"en_GB\" \/>\n<meta property=\"og:type\" content=\"article\" \/>\n<meta property=\"og:title\" content=\"Recrutement - Rejoindre les \u00e9quipes - RATP Connect\" \/>\n<meta property=\"og:description\" content=\"D\u00e9couvrez nos m\u00e9tiers et contribuez \u00e0 un transport public plus fiable, plus durable et plus accessible pour des millions de Franciliens.\" \/>\n<meta property=\"og:url\" content=\"https:\/\/ratpconnect.com\/en\/nos-engagements\/recruitment\/\" \/>\n<meta property=\"og:site_name\" content=\"RATP Connect\" \/>\n<meta property=\"article:modified_time\" content=\"2026-01-08T14:09:57+00:00\" \/>\n<meta property=\"og:image\" content=\"https:\/\/ratpconnect.com\/wp-content\/uploads\/2023\/11\/collaborateur-ratp.webp\" \/>\n<meta name=\"twitter:card\" content=\"summary_large_image\" \/>\n<meta name=\"twitter:label1\" content=\"Estimated reading time\" \/>\n\t<meta name=\"twitter:data1\" content=\"2 minutes\" \/>\n<script type=\"application\/ld+json\" class=\"yoast-schema-graph\">{\"@context\":\"https:\\\/\\\/schema.org\",\"@graph\":[{\"@type\":\"WebPage\",\"@id\":\"https:\\\/\\\/ratpconnect.com\\\/nos-engagements\\\/rejoignez-nous\\\/\",\"url\":\"https:\\\/\\\/ratpconnect.com\\\/nos-engagements\\\/rejoignez-nous\\\/\",\"name\":\"Recrutement - Rejoindre les \u00e9quipes - RATP Connect\",\"isPartOf\":{\"@id\":\"https:\\\/\\\/ratpconnect.com\\\/#website\"},\"primaryImageOfPage\":{\"@id\":\"https:\\\/\\\/ratpconnect.com\\\/nos-engagements\\\/rejoignez-nous\\\/#primaryimage\"},\"image\":{\"@id\":\"https:\\\/\\\/ratpconnect.com\\\/nos-engagements\\\/rejoignez-nous\\\/#primaryimage\"},\"thumbnailUrl\":\"https:\\\/\\\/ratpconnect.com\\\/wp-content\\\/uploads\\\/2023\\\/11\\\/collaborateur-ratp.webp\",\"datePublished\":\"2023-12-14T10:45:47+00:00\",\"dateModified\":\"2026-01-08T14:09:57+00:00\",\"description\":\"D\u00e9couvrez nos m\u00e9tiers et contribuez \u00e0 un transport public plus fiable, plus durable et plus accessible pour des millions de Franciliens.\",\"breadcrumb\":{\"@id\":\"https:\\\/\\\/ratpconnect.com\\\/nos-engagements\\\/rejoignez-nous\\\/#breadcrumb\"},\"inLanguage\":\"en-GB\",\"potentialAction\":[{\"@type\":\"ReadAction\",\"target\":[\"https:\\\/\\\/ratpconnect.com\\\/nos-engagements\\\/rejoignez-nous\\\/\"]}]},{\"@type\":\"ImageObject\",\"inLanguage\":\"en-GB\",\"@id\":\"https:\\\/\\\/ratpconnect.com\\\/nos-engagements\\\/rejoignez-nous\\\/#primaryimage\",\"url\":\"https:\\\/\\\/ratpconnect.com\\\/wp-content\\\/uploads\\\/2023\\\/11\\\/collaborateur-ratp.webp\",\"contentUrl\":\"https:\\\/\\\/ratpconnect.com\\\/wp-content\\\/uploads\\\/2023\\\/11\\\/collaborateur-ratp.webp\"},{\"@type\":\"BreadcrumbList\",\"@id\":\"https:\\\/\\\/ratpconnect.com\\\/nos-engagements\\\/rejoignez-nous\\\/#breadcrumb\",\"itemListElement\":[{\"@type\":\"ListItem\",\"position\":1,\"name\":\"Accueil\",\"item\":\"https:\\\/\\\/ratpconnect.com\\\/\"},{\"@type\":\"ListItem\",\"position\":2,\"name\":\"Nos engagements\",\"item\":\"https:\\\/\\\/ratpconnect.com\\\/nos-engagements\\\/\"},{\"@type\":\"ListItem\",\"position\":3,\"name\":\"Recrutement \\\/ Rejoignez-nous &#8211; RATP Connect\"}]},{\"@type\":\"WebSite\",\"@id\":\"https:\\\/\\\/ratpconnect.com\\\/#website\",\"url\":\"https:\\\/\\\/ratpconnect.com\\\/\",\"name\":\"RATP Connect\",\"description\":\"\",\"publisher\":{\"@id\":\"https:\\\/\\\/ratpconnect.com\\\/#organization\"},\"potentialAction\":[{\"@type\":\"SearchAction\",\"target\":{\"@type\":\"EntryPoint\",\"urlTemplate\":\"https:\\\/\\\/ratpconnect.com\\\/?s={search_term_string}\"},\"query-input\":{\"@type\":\"PropertyValueSpecification\",\"valueRequired\":true,\"valueName\":\"search_term_string\"}}],\"inLanguage\":\"en-GB\"},{\"@type\":\"Organization\",\"@id\":\"https:\\\/\\\/ratpconnect.com\\\/#organization\",\"name\":\"RATP Cap \u00cele-de-France\",\"url\":\"https:\\\/\\\/ratpconnect.com\\\/\",\"logo\":{\"@type\":\"ImageObject\",\"inLanguage\":\"en-GB\",\"@id\":\"https:\\\/\\\/ratpconnect.com\\\/#\\\/schema\\\/logo\\\/image\\\/\",\"url\":\"https:\\\/\\\/ratpconnect.com\\\/wp-content\\\/uploads\\\/2024\\\/10\\\/LogosConnect.svg\",\"contentUrl\":\"https:\\\/\\\/ratpconnect.com\\\/wp-content\\\/uploads\\\/2024\\\/10\\\/LogosConnect.svg\",\"caption\":\"RATP Cap \u00cele-de-France\"},\"image\":{\"@id\":\"https:\\\/\\\/ratpconnect.com\\\/#\\\/schema\\\/logo\\\/image\\\/\"}}]}<\/script>\n<!-- \/ Yoast SEO plugin. -->","yoast_head_json":{"title":"Join us \/ Careers - RATP Connect","description":"Learn about our lines of work and play a role in making public transit more reliable, more sustainable, and more accessible for the millions of residents of the Paris region.","robots":{"index":"index","follow":"follow","max-snippet":"max-snippet:-1","max-image-preview":"max-image-preview:large","max-video-preview":"max-video-preview:-1"},"canonical":"https:\/\/ratpconnect.com\/en\/nos-engagements\/recruitment\/","og_locale":"en_GB","og_type":"article","og_title":"Recrutement - Rejoindre les \u00e9quipes - RATP Connect","og_description":"D\u00e9couvrez nos m\u00e9tiers et contribuez \u00e0 un transport public plus fiable, plus durable et plus accessible pour des millions de Franciliens.","og_url":"https:\/\/ratpconnect.com\/en\/nos-engagements\/recruitment\/","og_site_name":"RATP Connect","article_modified_time":"2026-01-08T14:09:57+00:00","og_image":[{"url":"https:\/\/ratpconnect.com\/wp-content\/uploads\/2023\/11\/collaborateur-ratp.webp","type":"","width":"","height":""}],"twitter_card":"summary_large_image","twitter_misc":{"Estimated reading time":"2 minutes"},"schema":{"@context":"https:\/\/schema.org","@graph":[{"@type":"WebPage","@id":"https:\/\/ratpconnect.com\/nos-engagements\/rejoignez-nous\/","url":"https:\/\/ratpconnect.com\/nos-engagements\/rejoignez-nous\/","name":"Join us \/ Careers - RATP Connect","isPartOf":{"@id":"https:\/\/ratpconnect.com\/#website"},"primaryImageOfPage":{"@id":"https:\/\/ratpconnect.com\/nos-engagements\/rejoignez-nous\/#primaryimage"},"image":{"@id":"https:\/\/ratpconnect.com\/nos-engagements\/rejoignez-nous\/#primaryimage"},"thumbnailUrl":"https:\/\/ratpconnect.com\/wp-content\/uploads\/2023\/11\/collaborateur-ratp.webp","datePublished":"2023-12-14T10:45:47+00:00","dateModified":"2026-01-08T14:09:57+00:00","description":"Learn about our lines of work and play a role in making public transit more reliable, more sustainable, and more accessible for the millions of residents of the Paris region.","breadcrumb":{"@id":"https:\/\/ratpconnect.com\/nos-engagements\/rejoignez-nous\/#breadcrumb"},"inLanguage":"en-GB","potentialAction":[{"@type":"ReadAction","target":["https:\/\/ratpconnect.com\/nos-engagements\/rejoignez-nous\/"]}]},{"@type":"ImageObject","inLanguage":"en-GB","@id":"https:\/\/ratpconnect.com\/nos-engagements\/rejoignez-nous\/#primaryimage","url":"https:\/\/ratpconnect.com\/wp-content\/uploads\/2023\/11\/collaborateur-ratp.webp","contentUrl":"https:\/\/ratpconnect.com\/wp-content\/uploads\/2023\/11\/collaborateur-ratp.webp"},{"@type":"BreadcrumbList","@id":"https:\/\/ratpconnect.com\/nos-engagements\/rejoignez-nous\/#breadcrumb","itemListElement":[{"@type":"ListItem","position":1,"name":"Accueil","item":"https:\/\/ratpconnect.com\/"},{"@type":"ListItem","position":2,"name":"Nos engagements","item":"https:\/\/ratpconnect.com\/nos-engagements\/"},{"@type":"ListItem","position":3,"name":"Recrutement \/ Rejoignez-nous &#8211; RATP Connect"}]},{"@type":"WebSite","@id":"https:\/\/ratpconnect.com\/#website","url":"https:\/\/ratpconnect.com\/","name":"RATP Connect","description":"","publisher":{"@id":"https:\/\/ratpconnect.com\/#organization"},"potentialAction":[{"@type":"SearchAction","target":{"@type":"EntryPoint","urlTemplate":"https:\/\/ratpconnect.com\/?s={search_term_string}"},"query-input":{"@type":"PropertyValueSpecification","valueRequired":true,"valueName":"search_term_string"}}],"inLanguage":"en-GB"},{"@type":"Organization","@id":"https:\/\/ratpconnect.com\/#organization","name":"RATP Cap \u00cele-de-France","url":"https:\/\/ratpconnect.com\/","logo":{"@type":"ImageObject","inLanguage":"en-GB","@id":"https:\/\/ratpconnect.com\/#\/schema\/logo\/image\/","url":"https:\/\/ratpconnect.com\/wp-content\/uploads\/2024\/10\/LogosConnect.svg","contentUrl":"https:\/\/ratpconnect.com\/wp-content\/uploads\/2024\/10\/LogosConnect.svg","caption":"RATP Cap \u00cele-de-France"},"image":{"@id":"https:\/\/ratpconnect.com\/#\/schema\/logo\/image\/"}}]}},"_links":{"self":[{"href":"https:\/\/ratpconnect.com\/en\/wp-json\/wp\/v2\/pages\/3848","targetHints":{"allow":["GET"]}}],"collection":[{"href":"https:\/\/ratpconnect.com\/en\/wp-json\/wp\/v2\/pages"}],"about":[{"href":"https:\/\/ratpconnect.com\/en\/wp-json\/wp\/v2\/types\/page"}],"author":[{"embeddable":true,"href":"https:\/\/ratpconnect.com\/en\/wp-json\/wp\/v2\/users\/7"}],"replies":[{"embeddable":true,"href":"https:\/\/ratpconnect.com\/en\/wp-json\/wp\/v2\/comments?post=3848"}],"version-history":[{"count":151,"href":"https:\/\/ratpconnect.com\/en\/wp-json\/wp\/v2\/pages\/3848\/revisions"}],"predecessor-version":[{"id":7736,"href":"https:\/\/ratpconnect.com\/en\/wp-json\/wp\/v2\/pages\/3848\/revisions\/7736"}],"up":[{"embeddable":true,"href":"https:\/\/ratpconnect.com\/en\/wp-json\/wp\/v2\/pages\/7493"}],"wp:attachment":[{"href":"https:\/\/ratpconnect.com\/en\/wp-json\/wp\/v2\/media?parent=3848"}],"curies":[{"name":"wp","href":"https:\/\/api.w.org\/{rel}","templated":true}]}}