{"id":1652,"date":"2023-11-10T15:08:04","date_gmt":"2023-11-10T13:08:04","guid":{"rendered":"https:\/\/ratpconnect.com\/?page_id=1652"},"modified":"2026-01-15T10:30:13","modified_gmt":"2026-01-15T08:30:13","slug":"accessibilite","status":"publish","type":"page","link":"https:\/\/ratpconnect.com\/en\/accessibilite\/","title":{"rendered":"Accessibility"},"content":{"rendered":"<div class=\"gb-container gb-container-3edcafd2 page-title\">\n\n<h1 class=\"wp-block-heading page-title__heading\">Accessibility<\/h1>\n\n<\/div>\n\n<div class=\"breadcrumbs align  wp-block-bcn-breadcrumb-trail has-text-color has-background\" vocab=\"https:\/\/schema.org\/\" typeof=\"BreadcrumbList\">\n\t<span><\/span>\n\t<span property=\"itemListElement\" typeof=\"ListItem\"><a property=\"item\" typeof=\"WebPage\" href=\"https:\/\/ratpconnect.com\/en\/\" class=\"home\" aria-current=\"page\"><span property=\"name\">Home page<\/span><\/a><meta property=\"position\" content=\"1\"><\/span><\/div>\n\n\n<div class=\"gb-container gb-container-951e5c43 block-text-left border-line-full-page--left--bleu-institutionnel\">\n<div class=\"gb-container gb-container-48349690 block-text-left__container bg-base-3\">\n<div class=\"gb-container gb-container-64329821 block-text-left__content\">\n<div class=\"gb-container gb-container-7b6cfcd1 block-text-left__section\">\n\n<p class=\"mb-0 block-text-left__description\">This page outlines our commitments with respect to digital accessibility and sets out this website's level of compliance with the applicable regulations and frames of reference.<\/p>\n\n\n<div class=\"gb-container gb-container-8312ecd9 block-text-left__subsection\">\n\n<h2 class=\"wp-block-heading block-text-left__title\">What is digital accessibility?<\/h2>\n\n\n\n<p class=\"mb-0 block-text-left__description\">Digital accessibility is a set of rules and best\u00a0practices that cover the functional, graphic, technical, and editorial aspects of digital content.<br>Compliance with those rules and best practices offers a way to ensure that digital material (websites, mobile apps, PDF documents, etc.) are accessible for people with disabilities.<br>For example, an accessible website makes it possible to do the following:<\/p>\n\n\n\n<ul class=\"wp-block-list block__list\">\n<li class=\"block__list-item arrow-icon--primary\">Customize the displayed content via the operating system and\/or the web browser (increase or decrease the size of the characters, change the font type, modify the color scheme, stop the movement of animated graphics, etc.)<\/li>\n\n\n\n<li class=\"block__list-item arrow-icon--primary\">Browse through the content by means of user-assistance technologies, such as a read-aloud feature or a Braille pad.<\/li>\n\n\n\n<li class=\"block__list-item arrow-icon--primary\">Browse through the content without using a mouse, e.g. only the keyboard, or with a touch pad or touch screen.<\/li>\n\n\n\n<li class=\"block__list-item arrow-icon--primary\">Access videos and audio content with subtitles and\/or transcriptions,<\/li>\n\n\n\n<li class=\"block__list-item arrow-icon--primary\">Etc.<\/li>\n<\/ul>\n\n<\/div>\n\n<div class=\"gb-container gb-container-07b77110 block-text-left__subsection\">\n\n<h2 class=\"wp-block-heading block-text-left__title\">Digital accessibility commitments<\/h2>\n\n\n\n<p class=\"block-text-left__description\">RATP Connect is committed to making its websites (Internet, intranet, and extranet), its mobile apps, its business software, and its digital street furniture accessible in compliance with article 47 of French law no. 2005-102 of February 11, 2005. \nFor the best possible results, digital accessibility is taken into account by all our teams (functional and graphic design, development, contribution, etc.) throughout the process of building and maintaining our websites.\nThose same teams are assisted by Ideance, a firm that specializes in digital accessibility, as well as other experts in the field who provide<a href=\"https:\/\/www.legifrance.gouv.fr\/loda\/article_lc\/LEGIARTI000037388867\">article 47 de la loi n\u00b02005-102 du 11 f\u00e9vrier 2005<\/a>.<\/p>\n\n<\/div>\n\n<div class=\"gb-container gb-container-46227618\">\n\n<h2 class=\"wp-block-heading block-text-left__title\">Statement of non-compliance with the RGAA<\/h2>\n\n\n\n<p class=\"block-text-left__description\">This statement applies to the website\u00a0<a href=\"http:\/\/ratpconnect.com\/en\/\">ratpconnect.com<\/a>\u00ab\u00a0<\/p>\n\n\n\n<h3 class=\"wp-block-heading block-text-left__subtitle color-secondary\">State of compliance<\/h3>\n\n\n\n<p class=\"block-text-left__description translation-block\">This website is partially compliant with the RGAA (General Accessibility Improvement Framework) \u2013 version 4.1.2, due to the non-compliances listed below.<\/p>\n\n\n\n<h3 class=\"wp-block-heading block-text-left__subtitle color-secondary\">Result of testing<\/h3>\n\n\n\n<p class=\"block-text-left__description translation-block\">The audit of compliance with the RGAA version 4.1.2 conducted in February 2024 by the specialist firm Ideance showed the following results in the tested sample:<\/p>\n\n\n\n<ul class=\"wp-block-list block__list\">\n<li class=\"block__list-item arrow-icon--primary translation-block\">The overall compliance rate is 76.9%.\nThis rate is calculated by dividing the number of compliant criteria by the number of applicable criteria.<\/li>\n\n\n\n<li class=\"block__list-item arrow-icon--primary translation-block\">The average compliance rate is 86.7%.\nThis rate is calculated by averaging the compliance rates of each page.<\/li>\n<\/ul>\n\n\n\n<p class=\"block-text-left__description\">The other websites or applications published by RATP Connect are governed by their own legal notices and conditions of use.<\/p>\n\n\n\n<h3 class=\"wp-block-heading block-text-left__subtitle color-secondary\">Non-accessible content <\/h3>\n\n\n\n<h4 class=\"wp-block-heading has-bleu-institutionnel-color has-text-color has-link-color has-medium-font-size wp-elements-b52d00fd0ca406f8ff1f3cd025f908e4\"><strong>Instances of non-compliance<\/strong><\/h4>\n\n\n\n<p class=\"block-text-left__description\">List of non-compliant criteria: <\/p>\n\n\n\n<ul class=\"wp-block-list block__list\">\n<li class=\"block__list-item arrow-icon--primary\"><strong>3.2<\/strong> \u2013 The contrast between text color and background color is not sufficiently high.<br><\/li>\n\n\n\n<li class=\"block__list-item arrow-icon--primary\"><strong>6.1<\/strong>\u2013 Some links are not descriptive.<br><\/li>\n\n\n\n<li class=\"block__list-item arrow-icon--primary\"><strong>6.2<\/strong> \u2013 Some links have no label.<\/li>\n\n\n\n<li class=\"block__list-item arrow-icon--primary\"><strong>8.9<\/strong> \u2013 Some tags are used only for visual presentation.<\/li>\n\n\n\n<li class=\"block__list-item arrow-icon--primary\"><strong>9.1<\/strong> \u2013 The page structure is not consistent.<\/li>\n\n\n\n<li class=\"block__list-item arrow-icon--primary\"><strong>10.4<\/strong> \u2013 Some text is not readable when the font size is increased up to at least 200%.<\/li>\n\n\n\n<li class=\"block__list-item arrow-icon--primary\"><strong>10.11<\/strong> \u2013 Some content cannot be displayed without horizontal scrolling on a window 320px wide.<\/li>\n\n\n\n<li class=\"block__list-item arrow-icon--primary\"><strong>10.12<\/strong> \u2013 Certain text spacing properties cannot be adjusted without affecting content or functionality. <\/li>\n\n\n\n<li class=\"block__list-item arrow-icon--primary\"><strong>11.10<\/strong> \u2013 Some input controls are not used appropriately.<\/li>\n\n\n\n<li class=\"block__list-item arrow-icon--primary\"><strong>12.1<\/strong> \u2013 The website does not have at least two different navigation systems. <\/li>\n\n\n\n<li class=\"block__list-item arrow-icon--primary\"><strong>12.8<\/strong> \u2013 The tab order is not consistent.<br><\/li>\n<\/ul>\n\n\n\n<h3 class=\"wp-block-heading block-text-left__subtitle color-secondary\">Additional remarks<\/h3>\n\n\n\n<h4 class=\"wp-block-heading has-bleu-institutionnel-color has-text-color has-link-color has-medium-font-size wp-elements-43aded80420f9c1be8bfe14d7efc6ff1\"><strong><strong>Validity of the generated source code<\/strong><\/strong><\/h4>\n\n\n\n<p class=\"block-text-left__description translation-block\">The generated source code of the website pages is not fully valid according to the specified document type.\nHowever, for the reasons outlined below, RGAA criterion 8.2 corresponding to this point has been marked as compliant.\nOfficially, WCAG criterion 4.1.1 related to RGAA criterion 8.2 has been removed from WCAG 2.2 and should be considered as always satisfied according to WCAG 2.1 as well as the European standard EN 301 549.\nIn practice, this criterion no longer provides any benefit for accessibility for people with disabilities. Any potential accessibility issues arising from the invalidity of the generated source code are covered by other RGAA criteria.<\/p>\n\n\n\n<h4 class=\"wp-block-heading has-bleu-institutionnel-color has-text-color has-link-color has-medium-font-size wp-elements-c56a74cca2fd1c6837f8f9cb87361974\"><strong><strong>Unaudited third-party elements<\/strong><\/strong><\/h4>\n\n\n\n<p class=\"block-text-left__description\"><strong>Cookie settings manager<\/strong><\/p>\n\n\n\n<p class=\"translation-block\">The third-party cookie manager \u2018Cookiebot by Usercentrics\u2019 has not undergone a full and detailed audit.\nHowever, it has been verified that its presence does not prevent the use or browsing of the rest of the website.<\/p>\n\n\n\n<p><strong>Spam protection system<\/strong><\/p>\n\n\n\n<p class=\"translation-block\">The spam protection system \u2018Cloudflare\u2019 has not undergone a full and detailed audit.\nHowever, it has been verified that its presence does not prevent form submission.<\/p>\n\n\n\n<h3 class=\"wp-block-heading block-text-left__subtitle color-secondary\">Drawing up of this statement<\/h3>\n\n\n\n<p class=\"block-text-left__description\">This statement was issued on October 6, 2025<\/p>\n\n\n\n<h4 class=\"wp-block-heading has-bleu-institutionnel-color has-text-color has-link-color has-medium-font-size wp-elements-5be62d6d4f2430bd3901c824b88fdde2\"><strong><strong><strong>Technologies used to build the website<\/strong><\/strong><\/strong><\/h4>\n\n\n\n<ul class=\"wp-block-list block__list\">\n<li class=\"block__list-item arrow-icon--primary\">HTML5<\/li>\n\n\n\n<li class=\"block__list-item arrow-icon--primary\">SVG<\/li>\n\n\n\n<li class=\"block__list-item arrow-icon--primary\">ARIA<\/li>\n\n\n\n<li class=\"block__list-item arrow-icon--primary\">CSS<\/li>\n\n\n\n<li class=\"block__list-item arrow-icon--primary\">JavaScript<\/li>\n<\/ul>\n\n\n\n<h4 class=\"wp-block-heading has-medium-font-size\"><strong><strong><strong><strong>Test environment<\/strong><\/strong><\/strong><\/strong><\/h4>\n\n\n\n<p class=\"block-text-left__description\">The tests were carried out with the following combinations of web browsers and screen readers: <\/p>\n\n\n\n<ul class=\"wp-block-list block__list\">\n<li class=\"block__list-item arrow-icon--primary\">Firefox 142 and NVDA 2025.2 on Windows 11<\/li>\n\n\n\n<li class=\"block__list-item arrow-icon--primary\">Firefox 142 and JAWS 2024 on Windows 11<\/li>\n\n\n\n<li class=\"block__list-item arrow-icon--primary\">Safari and VoiceOver on macOS 15.6.1<\/li>\n\n\n\n<li class=\"block__list-item arrow-icon--primary\">Safari and VoiceOver on iOS 18.6.2<\/li>\n<\/ul>\n\n\n\n<h4 class=\"wp-block-heading has-medium-font-size\"><strong><strong><strong><strong><strong>Tools for evaluating accessibility<\/strong><\/strong><\/strong><\/strong><\/strong> <\/h4>\n\n\n\n<ul class=\"wp-block-list block__list\">\n<li class=\"block__list-item arrow-icon--primary\">Colour Contrast Analyser<\/li>\n\n\n\n<li class=\"block__list-item arrow-icon--primary\">Contrast Finder<\/li>\n\n\n\n<li class=\"block__list-item arrow-icon--primary\">Firefox development tools<\/li>\n\n\n\n<li class=\"block__list-item arrow-icon--primary\">Web Developer (Firefox extension)<\/li>\n<\/ul>\n\n\n\n<h4 class=\"wp-block-heading has-medium-font-size\"><strong>Website pages subjected to compliance verification<\/strong><\/h4>\n\n\n\n<ul class=\"wp-block-list block__list\">\n<li class=\"block__list-item arrow-icon--primary\"><a href=\"https:\/\/ratpconnect.com\/en\/\">Home page<\/a><\/li>\n\n\n\n<li class=\"block__list-item arrow-icon--primary\"><a href=\"https:\/\/ratpconnect.com\/en\/contactez-nous\/\">Contact<\/a><\/li>\n\n\n\n<li class=\"block__list-item arrow-icon--primary\"><a href=\"https:\/\/ratpconnect.com\/en\/mentions-legales\/\">Legal notice<\/a><\/li>\n\n\n\n<li class=\"block__list-item arrow-icon--primary\"><a href=\"https:\/\/ratpconnect.com\/en\/accessibilite\/\">Accessibility<\/a><\/li>\n\n\n\n<li class=\"block__list-item arrow-icon--primary\"><a href=\"https:\/\/ratpconnect.com\/en\/our-solutions\/\">Our solutions<\/a><\/li>\n\n\n\n<li class=\"block__list-item arrow-icon--primary\"><a href=\"https:\/\/ratpconnect.com\/en\/our-solutions\/nos-offres-fibre-optique\/\">Solution page<\/a><\/li>\n\n\n\n<li class=\"block__list-item arrow-icon--primary\"><a href=\"https:\/\/ratpconnect.com\/en\/who-we-are\/\">Who we are<\/a><\/li>\n\n\n\n<li class=\"block__list-item arrow-icon--primary\"><a href=\"https:\/\/ratpconnect.com\/en\/recruitment\/\">Recruitment<\/a><\/li>\n\n\n\n<li class=\"block__list-item arrow-icon--primary\"><a href=\"\/en\/blog\/\">Media<\/a><\/li>\n\n\n\n<li class=\"block__list-item arrow-icon--primary\"><a href=\"https:\/\/ratpconnect.com\/en\/recruitment\/\">Comment am\u00e9liorer le d\u00e9bit internet de montre entreprise ?<\/a><\/li>\n<\/ul>\n\n\n\n<h2 class=\"wp-block-heading block-text-left__title\">Feedback and contact<\/h2>\n\n\n\n<p class=\"block-text-left__description\">If you have problems accessing some of this website's content or services, you can contact us by one of the methods listed below to be guided to an accessible alternative or to obtain the content in another form.<\/p>\n\n\n\n<ul class=\"wp-block-list block__list\">\n<li class=\"block__list-item arrow-icon--primary translation-block\">Use our <a class=\"color-bleu-institutionnel\" href=\"https:\/\/ratpconnect.com\/en\/contactez-nous\/\" target=\"_self\"><strong>contact form.<\/strong><\/a><\/li>\n\n\n\n<li class=\"block__list-item arrow-icon--primary translation-block\">Send us an email at the following address: contact@ratpconnect.com<\/li>\n\n\n\n<li class=\"block__list-item arrow-icon--primary\">Call us at +33 (0)1 58 76 19 84<\/li>\n\n\n\n<li class=\"block__list-item arrow-icon--primary translation-block\">Write to us at the following postal address :<br>RATP Connect<br>6, avenue Montaigne 93160 Noisy-le-Grand<\/li>\n<\/ul>\n\n<\/div>\n\n\n<p class=\"block-text-left__description\">We are committed to responding to you within 7 days at the latest. <\/p>\n\n\n<div class=\"gb-container gb-container-d3f6ad1e block-text-left__subsection\">\n\n<h2 class=\"wp-block-heading block-text-left__title\">Recourse<\/h2>\n\n\n\n<p class=\"block-text-left__description\">This procedure is to be used in the following scenario.<\/p>\n\n\n\n<p class=\"block-text-left__description\">You have reported to the website administrator an accessibility shortfall that is preventing you from accessing some content or services and you have not received a satisfactory response.<\/p>\n\n\n\n<ul class=\"wp-block-list block__list\">\n<li class=\"block__list-item arrow-icon--primary\"><a href=\"https:\/\/formulaire.defenseurdesdroits.fr\/formulaire_saisine\/?ETAPE=accueil_2016\" target=\"_blank\" rel=\"noreferrer noopener\">Write a message to the Rights Upholder.<\/a><\/li>\n\n\n\n<li class=\"block__list-item arrow-icon--primary\"><a href=\"https:\/\/www.defenseurdesdroits.fr\/carte-des-delegues\" target=\"_blank\" rel=\"noreferrer noopener\">Contact the designated representative of the Rights Upholder for your region.<\/a>.<\/li>\n\n\n\n<li class=\"block__list-item arrow-icon--primary translation-block\">Write a message to the Rights Upholder. Send a letter in the mail (free of charge, no stamp) to the following postal address:\nD\u00e9fenseur des droits\nLibre r\u00e9ponse 71120\n75342 Paris CEDEX 07<\/li>\n<\/ul>\n\n\n\n<h4 class=\"wp-block-heading has-medium-font-size\"><strong>Contact ARCOM<\/strong><\/h4>\n\n\n\n<p class=\"block-text-left__description translation-block\">To report one or more breaches of digital accessibility regulations, please visit the \u2018Report a digital accessibility issue\u2019 page on the ARCOM website.<\/p>\n\n\n\n<h4 class=\"wp-block-heading has-medium-font-size\"><strong>Contact the Defender of Rights<\/strong><\/h4>\n\n\n\n<p class=\"block-text-left__description\">To assert your rights regarding accessibility issues you have encountered: <\/p>\n\n\n\n<ul class=\"wp-block-list block__list\">\n<li class=\"block__list-item arrow-icon--primary translation-block\">Alternatively, you can reach your regional delegate through the directory of the Defender of Rights\u2019 delegates.<\/li>\n\n\n\n<li class=\"block__list-item arrow-icon--primary translation-block\">Or fill out the complaint form of the Defender of Rights by selecting the topics \u2018I am a victim of discrimination,\u2019 then \u2018Private goods and services,\u2019 and finally \u2018Disability.<\/li>\n\n\n\n<li class=\"block__list-item arrow-icon--primary translation-block\">Alternatively, you can send a free letter (no stamp needed) by post to the following address:\n<br>Defender of Rights <br>\nLibre r\u00e9ponse 71120\n<br>75342 Paris CEDEX 07<\/li>\n<\/ul>\n\n<\/div>\n<\/div>\n<\/div>\n<\/div>\n<\/div>","protected":false},"excerpt":{"rendered":"<p>Accessibilit\u00e9 Cette page pr\u00e9sente nos engagements en mati\u00e8re d\u2019accessibilit\u00e9 num\u00e9rique puis d\u00e9finit le niveau de conformit\u00e9 de ce pr\u00e9sent site \u00e0 la r\u00e9glementation et aux r\u00e9f\u00e9rentiels en vigueur. Qu\u2019est-ce que l\u2019accessibilit\u00e9 num\u00e9rique ? L\u2019accessibilit\u00e9 num\u00e9rique est un ensemble de r\u00e8gles et de bonnes pratiques qui couvrent notamment les aspects fonctionnels, graphiques, techniques et \u00e9ditoriaux.Le suivi &#8230; <a title=\"Accessibility\" class=\"read-more\" href=\"https:\/\/ratpconnect.com\/en\/accessibilite\/\" aria-label=\"Read more about Accessibilit\u00e9\">Read more<\/a><\/p>","protected":false},"author":7,"featured_media":0,"parent":0,"menu_order":0,"comment_status":"closed","ping_status":"closed","template":"","meta":{"footnotes":""},"class_list":["post-1652","page","type-page","status-publish"],"yoast_head":"<!-- This site is optimized with the Yoast SEO plugin v27.5 - https:\/\/yoast.com\/product\/yoast-seo-wordpress\/ -->\n<title>Accessibilit\u00e9 - RATP Connect<\/title>\n<meta name=\"description\" content=\"RATP Connect s&#039;engage pour l&#039;accessibilit\u00e9 num\u00e9rique. Consultez notre d\u00e9claration d&#039;accessibilit\u00e9 et nos actions pour un web inclusif.\" \/>\n<meta name=\"robots\" content=\"index, follow, max-snippet:-1, max-image-preview:large, max-video-preview:-1\" \/>\n<link rel=\"canonical\" href=\"https:\/\/ratpconnect.com\/en\/accessibilite\/\" \/>\n<meta property=\"og:locale\" content=\"en_GB\" \/>\n<meta property=\"og:type\" content=\"article\" \/>\n<meta property=\"og:title\" content=\"Accessibilit\u00e9 - RATP Connect\" \/>\n<meta property=\"og:description\" content=\"RATP Connect s&#039;engage pour l&#039;accessibilit\u00e9 num\u00e9rique. Consultez notre d\u00e9claration d&#039;accessibilit\u00e9 et nos actions pour un web inclusif.\" \/>\n<meta property=\"og:url\" content=\"https:\/\/ratpconnect.com\/en\/accessibilite\/\" \/>\n<meta property=\"og:site_name\" content=\"RATP Connect\" \/>\n<meta property=\"article:modified_time\" content=\"2026-01-15T08:30:13+00:00\" \/>\n<meta name=\"twitter:card\" content=\"summary_large_image\" \/>\n<meta name=\"twitter:label1\" content=\"Estimated reading time\" \/>\n\t<meta name=\"twitter:data1\" content=\"6 minutes\" \/>\n<script type=\"application\/ld+json\" class=\"yoast-schema-graph\">{\"@context\":\"https:\\\/\\\/schema.org\",\"@graph\":[{\"@type\":\"WebPage\",\"@id\":\"https:\\\/\\\/ratpconnect.com\\\/accessibilite\\\/\",\"url\":\"https:\\\/\\\/ratpconnect.com\\\/accessibilite\\\/\",\"name\":\"Accessibilit\u00e9 - RATP Connect\",\"isPartOf\":{\"@id\":\"https:\\\/\\\/ratpconnect.com\\\/#website\"},\"datePublished\":\"2023-11-10T13:08:04+00:00\",\"dateModified\":\"2026-01-15T08:30:13+00:00\",\"description\":\"RATP Connect s'engage pour l'accessibilit\u00e9 num\u00e9rique. Consultez notre d\u00e9claration d'accessibilit\u00e9 et nos actions pour un web inclusif.\",\"breadcrumb\":{\"@id\":\"https:\\\/\\\/ratpconnect.com\\\/accessibilite\\\/#breadcrumb\"},\"inLanguage\":\"en-GB\",\"potentialAction\":[{\"@type\":\"ReadAction\",\"target\":[\"https:\\\/\\\/ratpconnect.com\\\/accessibilite\\\/\"]}]},{\"@type\":\"BreadcrumbList\",\"@id\":\"https:\\\/\\\/ratpconnect.com\\\/accessibilite\\\/#breadcrumb\",\"itemListElement\":[{\"@type\":\"ListItem\",\"position\":1,\"name\":\"Accueil\",\"item\":\"https:\\\/\\\/ratpconnect.com\\\/\"},{\"@type\":\"ListItem\",\"position\":2,\"name\":\"Accessibilit\u00e9\"}]},{\"@type\":\"WebSite\",\"@id\":\"https:\\\/\\\/ratpconnect.com\\\/#website\",\"url\":\"https:\\\/\\\/ratpconnect.com\\\/\",\"name\":\"RATP Connect\",\"description\":\"\",\"publisher\":{\"@id\":\"https:\\\/\\\/ratpconnect.com\\\/#organization\"},\"potentialAction\":[{\"@type\":\"SearchAction\",\"target\":{\"@type\":\"EntryPoint\",\"urlTemplate\":\"https:\\\/\\\/ratpconnect.com\\\/?s={search_term_string}\"},\"query-input\":{\"@type\":\"PropertyValueSpecification\",\"valueRequired\":true,\"valueName\":\"search_term_string\"}}],\"inLanguage\":\"en-GB\"},{\"@type\":\"Organization\",\"@id\":\"https:\\\/\\\/ratpconnect.com\\\/#organization\",\"name\":\"RATP Cap \u00cele-de-France\",\"url\":\"https:\\\/\\\/ratpconnect.com\\\/\",\"logo\":{\"@type\":\"ImageObject\",\"inLanguage\":\"en-GB\",\"@id\":\"https:\\\/\\\/ratpconnect.com\\\/#\\\/schema\\\/logo\\\/image\\\/\",\"url\":\"https:\\\/\\\/ratpconnect.com\\\/wp-content\\\/uploads\\\/2024\\\/10\\\/LogosConnect.svg\",\"contentUrl\":\"https:\\\/\\\/ratpconnect.com\\\/wp-content\\\/uploads\\\/2024\\\/10\\\/LogosConnect.svg\",\"caption\":\"RATP Cap \u00cele-de-France\"},\"image\":{\"@id\":\"https:\\\/\\\/ratpconnect.com\\\/#\\\/schema\\\/logo\\\/image\\\/\"}}]}<\/script>\n<!-- \/ Yoast SEO plugin. -->","yoast_head_json":{"title":"Accessibility - RATP Connect","description":"RATP Connect is committed to digital accessibility. Learn about our initiatives to make our website inclusive for all users.","robots":{"index":"index","follow":"follow","max-snippet":"max-snippet:-1","max-image-preview":"max-image-preview:large","max-video-preview":"max-video-preview:-1"},"canonical":"https:\/\/ratpconnect.com\/en\/accessibilite\/","og_locale":"en_GB","og_type":"article","og_title":"Accessibilit\u00e9 - RATP Connect","og_description":"RATP Connect s'engage pour l'accessibilit\u00e9 num\u00e9rique. Consultez notre d\u00e9claration d'accessibilit\u00e9 et nos actions pour un web inclusif.","og_url":"https:\/\/ratpconnect.com\/en\/accessibilite\/","og_site_name":"RATP Connect","article_modified_time":"2026-01-15T08:30:13+00:00","twitter_card":"summary_large_image","twitter_misc":{"Estimated reading time":"6 minutes"},"schema":{"@context":"https:\/\/schema.org","@graph":[{"@type":"WebPage","@id":"https:\/\/ratpconnect.com\/accessibilite\/","url":"https:\/\/ratpconnect.com\/accessibilite\/","name":"Accessibility - RATP Connect","isPartOf":{"@id":"https:\/\/ratpconnect.com\/#website"},"datePublished":"2023-11-10T13:08:04+00:00","dateModified":"2026-01-15T08:30:13+00:00","description":"RATP Connect is committed to digital accessibility. Learn about our initiatives to make our website inclusive for all users.","breadcrumb":{"@id":"https:\/\/ratpconnect.com\/accessibilite\/#breadcrumb"},"inLanguage":"en-GB","potentialAction":[{"@type":"ReadAction","target":["https:\/\/ratpconnect.com\/accessibilite\/"]}]},{"@type":"BreadcrumbList","@id":"https:\/\/ratpconnect.com\/accessibilite\/#breadcrumb","itemListElement":[{"@type":"ListItem","position":1,"name":"Accueil","item":"https:\/\/ratpconnect.com\/"},{"@type":"ListItem","position":2,"name":"Accessibilit\u00e9"}]},{"@type":"WebSite","@id":"https:\/\/ratpconnect.com\/#website","url":"https:\/\/ratpconnect.com\/","name":"RATP Connect","description":"","publisher":{"@id":"https:\/\/ratpconnect.com\/#organization"},"potentialAction":[{"@type":"SearchAction","target":{"@type":"EntryPoint","urlTemplate":"https:\/\/ratpconnect.com\/?s={search_term_string}"},"query-input":{"@type":"PropertyValueSpecification","valueRequired":true,"valueName":"search_term_string"}}],"inLanguage":"en-GB"},{"@type":"Organization","@id":"https:\/\/ratpconnect.com\/#organization","name":"RATP Cap \u00cele-de-France","url":"https:\/\/ratpconnect.com\/","logo":{"@type":"ImageObject","inLanguage":"en-GB","@id":"https:\/\/ratpconnect.com\/#\/schema\/logo\/image\/","url":"https:\/\/ratpconnect.com\/wp-content\/uploads\/2024\/10\/LogosConnect.svg","contentUrl":"https:\/\/ratpconnect.com\/wp-content\/uploads\/2024\/10\/LogosConnect.svg","caption":"RATP Cap \u00cele-de-France"},"image":{"@id":"https:\/\/ratpconnect.com\/#\/schema\/logo\/image\/"}}]}},"_links":{"self":[{"href":"https:\/\/ratpconnect.com\/en\/wp-json\/wp\/v2\/pages\/1652","targetHints":{"allow":["GET"]}}],"collection":[{"href":"https:\/\/ratpconnect.com\/en\/wp-json\/wp\/v2\/pages"}],"about":[{"href":"https:\/\/ratpconnect.com\/en\/wp-json\/wp\/v2\/types\/page"}],"author":[{"embeddable":true,"href":"https:\/\/ratpconnect.com\/en\/wp-json\/wp\/v2\/users\/7"}],"replies":[{"embeddable":true,"href":"https:\/\/ratpconnect.com\/en\/wp-json\/wp\/v2\/comments?post=1652"}],"version-history":[{"count":72,"href":"https:\/\/ratpconnect.com\/en\/wp-json\/wp\/v2\/pages\/1652\/revisions"}],"predecessor-version":[{"id":7742,"href":"https:\/\/ratpconnect.com\/en\/wp-json\/wp\/v2\/pages\/1652\/revisions\/7742"}],"wp:attachment":[{"href":"https:\/\/ratpconnect.com\/en\/wp-json\/wp\/v2\/media?parent=1652"}],"curies":[{"name":"wp","href":"https:\/\/api.w.org\/{rel}","templated":true}]}}