{"id":1376,"date":"2023-11-06T15:35:05","date_gmt":"2023-11-06T13:35:05","guid":{"rendered":"https:\/\/ratpconnect.com\/?page_id=1376"},"modified":"2025-08-04T11:13:55","modified_gmt":"2025-08-04T09:13:55","slug":"fibre-noire","status":"publish","type":"page","link":"https:\/\/ratpconnect.com\/en\/our-solutions\/fibre-noire\/","title":{"rendered":"Dark fiber, your tailor-made ultra high-speed connections."},"content":{"rendered":"<div class=\"gb-container gb-container-ec254eff page-title\">\n\n<h1 class=\"wp-block-heading page-title__heading\">Dark fiber, your tailor-made ultra high-speed connections.<\/h1>\n\n<\/div>\n\n<div class=\"breadcrumbs align  wp-block-bcn-breadcrumb-trail has-text-color has-background\" vocab=\"https:\/\/schema.org\/\" typeof=\"BreadcrumbList\">\n\t<span><\/span>\n\t<span property=\"itemListElement\" typeof=\"ListItem\"><a property=\"item\" typeof=\"WebPage\" href=\"https:\/\/ratpconnect.com\/en\/\" class=\"home\" aria-current=\"page\"><span property=\"name\">Home page<\/span><\/a><meta property=\"position\" content=\"1\"><\/span><\/div>\n\n\n<div class=\"gb-container gb-container-bbacd815 bandeau-intro\">\n<div class=\"gb-container gb-container-7387bdc5 bandeau-intro__inside\">\n\n<h2 class=\"wp-block-heading mb-0 color-base-3\"><strong><strong>Accelerating the digital transformation of businesses and public organizations using dark fiber.<\/strong><\/strong><\/h2>\n\n\n\n<p class=\"mb-0 color-base-3\">For over 20 years, RATP Connect has been committed to providing businesses and public authorities with ultra-reliable connectivity by deploying the largest dark fiber optical network in the \u00cele-de-France region. Its key strength? Leveraging metro and RER railway infrastructures to route cables from one building to another. Dark fiber paves the way for a more connected and high-performance digital future, meeting businesses\u2019 growing demands for ultra-high-speed broadband.<\/p>\n\n<\/div>\n<\/div>\n\n<div class=\"gb-container gb-container-d07c0060 img-block-right__container\">\n<div class=\"gb-container gb-container-a5a13a21 img-block-right__sub-container\">\n<div class=\"gb-container gb-container-4ccd2a2c img-block-right__image-wrapper\">\n<div class=\"gb-container gb-container-b4ae217c img-block-right__image-container\">\n<div class=\"gb-container gb-container-23882782 img-block-right__image-content box-shadow--rounded--secondary\">\n<div class=\"wp-block-image img-block-right__image\">\n<figure class=\"aligncenter size-full\"><img loading=\"lazy\" decoding=\"async\" width=\"476\" height=\"510\" src=\"https:\/\/ratpconnect.com\/wp-content\/uploads\/2023\/11\/fibrenoire-ratp.webp\" alt=\"\" class=\"wp-image-2105\" style=\"object-fit:cover\" srcset=\"https:\/\/ratpconnect.com\/wp-content\/uploads\/2023\/11\/fibrenoire-ratp.webp 476w, https:\/\/ratpconnect.com\/wp-content\/uploads\/2023\/11\/fibrenoire-ratp-280x300.webp 280w\" sizes=\"auto, (max-width: 476px) 100vw, 476px\" \/><\/figure>\n<\/div>\n<\/div>\n<\/div>\n<\/div>\n\n<div class=\"gb-container gb-container-13011404 img-block-right__content border-line-full-page--right--primary\">\n<div class=\"gb-container gb-container-4cedf3e1 img-block-right__header\">\n<div class=\"gb-container gb-container-37f9fe6d img-block-right__header-content\">\n<div class=\"gb-container gb-container-68232e4d img-block-right__text-container\">\n\n<h3 class=\"wp-block-heading block-text-right__subtitle mb-0 translation-block\">Available as needed<\/h3>\n\n\n\n<p class=\"img-block-right__text\">Dark fiber is the commonly used term for Dark Optical Fiber (DOF). Unlike lit fiber offerings, dark fiber does not initially carry any light. It can be activated once optical network equipment is installed at both ends of the fiber, allowing bandwidth capacity to be adjusted according to specific needs.\u00a0<\/p>\n\n<\/div>\n\n<div class=\"gb-container gb-container-2d6bddaa img-block-right__text-container\">\n\n<h3 class=\"wp-block-heading block-text-right__subtitle mb-0\"><strong>Scalable and adaptable<\/strong>&nbsp;<\/h3>\n\n\n\n<p class=\"img-block-right__text\">Well suited to modern work environments and underground connected spaces, dark fiber adapts to new ways of working and meets the growing needs driven by increased use of cloud services and remote working in particular. Dark fiber offers true freedom of choice when selecting your operator, who can configure any type of protocol required.\u00a0<\/p>\n\n<\/div>\n\n<div class=\"gb-container gb-container-697cc853 img-block-right__text-container\">\n\n<h3 class=\"wp-block-heading block-text-right__subtitle mb-0\"><strong>A reliable and highly secure network<\/strong>&nbsp;<\/h3>\n\n\n\n<p class=\"img-block-right__text mb-0\">Choosing dark fiber means opting for enhanced security for your data and business operations. Considered a major technological breakthrough in the telecommunications sector, it delivers ultra-high, customizable and secure bandwidth while ensuring superior transmission quality.\u00a0<\/p>\n\n<\/div>\n<\/div>\n<\/div>\n<\/div>\n<\/div>\n<\/div>\n\n<div class=\"gb-container gb-container-c5ca65df illu-background-container\">\n<div class=\"gb-container gb-container-df820017 illu-background-topcover\"><\/div>\n\n\n<figure class=\"wp-block-image size-full illustration-background-circle-left\"><img decoding=\"async\" src=\"https:\/\/ratpconnect.com\/wp-content\/uploads\/2023\/12\/Forme_BG_Cercle_Left.svg\" alt=\"\" class=\"wp-image-4056\"\/><\/figure>\n\n\n\n<figure class=\"wp-block-image size-full illustration-background-circle-left--opposite\"><img decoding=\"async\" src=\"https:\/\/ratpconnect.com\/wp-content\/uploads\/2024\/03\/Forme_BG_Cercle_Right.svg\" alt=\"\" class=\"wp-image-5461\"\/><\/figure>\n\n<\/div>","protected":false},"excerpt":{"rendered":"<p>La fibre optique noire, une\u00a0technologie fiable et \u00e9conomique Acc\u00e9l\u00e9rer la transformation digitale des entreprises et collectivit\u00e9s \u00e0 l\u2019aide de la fibre optique noire Afin de faire b\u00e9n\u00e9ficier les entreprises et les collectivit\u00e9s d\u2019une connectivit\u00e9 \u00e0 toute \u00e9preuve, RATP Connect s&rsquo;engage depuis plus de 20 ans dans le d\u00e9ploiement du r\u00e9seau optique de fibre optique noire &#8230; <a title=\"Dark fiber, your tailor-made ultra high-speed connections.\" class=\"read-more\" href=\"https:\/\/ratpconnect.com\/en\/our-solutions\/fibre-noire\/\" aria-label=\"Read more about La fibre optique noire\">Read more<\/a><\/p>","protected":false},"author":8,"featured_media":2105,"parent":2,"menu_order":0,"comment_status":"closed","ping_status":"closed","template":"","meta":{"footnotes":""},"class_list":["post-1376","page","type-page","status-publish","has-post-thumbnail"],"yoast_head":"<!-- This site is optimized with the Yoast SEO plugin v27.3 - https:\/\/yoast.com\/product\/yoast-seo-wordpress\/ -->\n<title>Fibre optique noire : solution d\u00e9di\u00e9e tr\u00e8s haut d\u00e9bit - RATP Connect<\/title>\n<meta name=\"description\" content=\"Optez pour la fibre optique noire : une technologie fiable et \u00e9conomique. Acc\u00e9l\u00e9rez votre transformation digitale gr\u00e2ce \u00e0 une solution souple et adaptable.\" \/>\n<meta name=\"robots\" content=\"index, follow, max-snippet:-1, max-image-preview:large, max-video-preview:-1\" \/>\n<link rel=\"canonical\" href=\"https:\/\/ratpconnect.com\/en\/our-solutions\/fibre-noire\/\" \/>\n<meta property=\"og:locale\" content=\"en_GB\" \/>\n<meta property=\"og:type\" content=\"article\" \/>\n<meta property=\"og:title\" content=\"Fibre optique noire : solution d\u00e9di\u00e9e tr\u00e8s haut d\u00e9bit - RATP Connect\" \/>\n<meta property=\"og:description\" content=\"Optez pour la fibre optique noire : une technologie fiable et \u00e9conomique. Acc\u00e9l\u00e9rez votre transformation digitale gr\u00e2ce \u00e0 une solution souple et adaptable.\" \/>\n<meta property=\"og:url\" content=\"https:\/\/ratpconnect.com\/en\/our-solutions\/fibre-noire\/\" \/>\n<meta property=\"og:site_name\" content=\"RATP Connect\" \/>\n<meta property=\"article:modified_time\" content=\"2025-08-04T09:13:55+00:00\" \/>\n<meta property=\"og:image\" content=\"https:\/\/ratpconnect.com\/wp-content\/uploads\/2023\/11\/fibrenoire-ratp.webp\" \/>\n\t<meta property=\"og:image:width\" content=\"476\" \/>\n\t<meta property=\"og:image:height\" content=\"510\" \/>\n\t<meta property=\"og:image:type\" content=\"image\/webp\" \/>\n<meta name=\"twitter:card\" content=\"summary_large_image\" \/>\n<meta name=\"twitter:label1\" content=\"Estimated reading time\" \/>\n\t<meta name=\"twitter:data1\" content=\"3 minutes\" \/>\n<script type=\"application\/ld+json\" class=\"yoast-schema-graph\">{\"@context\":\"https:\\\/\\\/schema.org\",\"@graph\":[{\"@type\":\"WebPage\",\"@id\":\"https:\\\/\\\/ratpconnect.com\\\/nos-solutions\\\/fibre-noire\\\/\",\"url\":\"https:\\\/\\\/ratpconnect.com\\\/nos-solutions\\\/fibre-noire\\\/\",\"name\":\"Fibre optique noire : solution d\u00e9di\u00e9e tr\u00e8s haut d\u00e9bit - RATP Connect\",\"isPartOf\":{\"@id\":\"https:\\\/\\\/ratpconnect.com\\\/#website\"},\"primaryImageOfPage\":{\"@id\":\"https:\\\/\\\/ratpconnect.com\\\/nos-solutions\\\/fibre-noire\\\/#primaryimage\"},\"image\":{\"@id\":\"https:\\\/\\\/ratpconnect.com\\\/nos-solutions\\\/fibre-noire\\\/#primaryimage\"},\"thumbnailUrl\":\"https:\\\/\\\/ratpconnect.com\\\/wp-content\\\/uploads\\\/2023\\\/11\\\/fibrenoire-ratp.webp\",\"datePublished\":\"2023-11-06T13:35:05+00:00\",\"dateModified\":\"2025-08-04T09:13:55+00:00\",\"description\":\"Optez pour la fibre optique noire : une technologie fiable et \u00e9conomique. Acc\u00e9l\u00e9rez votre transformation digitale gr\u00e2ce \u00e0 une solution souple et adaptable.\",\"breadcrumb\":{\"@id\":\"https:\\\/\\\/ratpconnect.com\\\/nos-solutions\\\/fibre-noire\\\/#breadcrumb\"},\"inLanguage\":\"en-GB\",\"potentialAction\":[{\"@type\":\"ReadAction\",\"target\":[\"https:\\\/\\\/ratpconnect.com\\\/nos-solutions\\\/fibre-noire\\\/\"]}]},{\"@type\":\"ImageObject\",\"inLanguage\":\"en-GB\",\"@id\":\"https:\\\/\\\/ratpconnect.com\\\/nos-solutions\\\/fibre-noire\\\/#primaryimage\",\"url\":\"https:\\\/\\\/ratpconnect.com\\\/wp-content\\\/uploads\\\/2023\\\/11\\\/fibrenoire-ratp.webp\",\"contentUrl\":\"https:\\\/\\\/ratpconnect.com\\\/wp-content\\\/uploads\\\/2023\\\/11\\\/fibrenoire-ratp.webp\",\"width\":476,\"height\":510},{\"@type\":\"BreadcrumbList\",\"@id\":\"https:\\\/\\\/ratpconnect.com\\\/nos-solutions\\\/fibre-noire\\\/#breadcrumb\",\"itemListElement\":[{\"@type\":\"ListItem\",\"position\":1,\"name\":\"Accueil\",\"item\":\"https:\\\/\\\/ratpconnect.com\\\/\"},{\"@type\":\"ListItem\",\"position\":2,\"name\":\"Nos solutions\",\"item\":\"https:\\\/\\\/ratpconnect.com\\\/nos-solutions\\\/\"},{\"@type\":\"ListItem\",\"position\":3,\"name\":\"La fibre optique noire\"}]},{\"@type\":\"WebSite\",\"@id\":\"https:\\\/\\\/ratpconnect.com\\\/#website\",\"url\":\"https:\\\/\\\/ratpconnect.com\\\/\",\"name\":\"RATP Connect\",\"description\":\"\",\"publisher\":{\"@id\":\"https:\\\/\\\/ratpconnect.com\\\/#organization\"},\"potentialAction\":[{\"@type\":\"SearchAction\",\"target\":{\"@type\":\"EntryPoint\",\"urlTemplate\":\"https:\\\/\\\/ratpconnect.com\\\/?s={search_term_string}\"},\"query-input\":{\"@type\":\"PropertyValueSpecification\",\"valueRequired\":true,\"valueName\":\"search_term_string\"}}],\"inLanguage\":\"en-GB\"},{\"@type\":\"Organization\",\"@id\":\"https:\\\/\\\/ratpconnect.com\\\/#organization\",\"name\":\"RATP Cap \u00cele-de-France\",\"url\":\"https:\\\/\\\/ratpconnect.com\\\/\",\"logo\":{\"@type\":\"ImageObject\",\"inLanguage\":\"en-GB\",\"@id\":\"https:\\\/\\\/ratpconnect.com\\\/#\\\/schema\\\/logo\\\/image\\\/\",\"url\":\"https:\\\/\\\/ratpconnect.com\\\/wp-content\\\/uploads\\\/2024\\\/10\\\/LogosConnect.svg\",\"contentUrl\":\"https:\\\/\\\/ratpconnect.com\\\/wp-content\\\/uploads\\\/2024\\\/10\\\/LogosConnect.svg\",\"caption\":\"RATP Cap \u00cele-de-France\"},\"image\":{\"@id\":\"https:\\\/\\\/ratpconnect.com\\\/#\\\/schema\\\/logo\\\/image\\\/\"}}]}<\/script>\n<!-- \/ Yoast SEO plugin. -->","yoast_head_json":{"title":"Fibre optique noire : solution d\u00e9di\u00e9e tr\u00e8s haut d\u00e9bit - RATP Connect","description":"Optez pour la fibre optique noire : une technologie fiable et \u00e9conomique. Acc\u00e9l\u00e9rez votre transformation digitale gr\u00e2ce \u00e0 une solution souple et adaptable.","robots":{"index":"index","follow":"follow","max-snippet":"max-snippet:-1","max-image-preview":"max-image-preview:large","max-video-preview":"max-video-preview:-1"},"canonical":"https:\/\/ratpconnect.com\/en\/our-solutions\/fibre-noire\/","og_locale":"en_GB","og_type":"article","og_title":"Fibre optique noire : solution d\u00e9di\u00e9e tr\u00e8s haut d\u00e9bit - RATP Connect","og_description":"Optez pour la fibre optique noire : une technologie fiable et \u00e9conomique. Acc\u00e9l\u00e9rez votre transformation digitale gr\u00e2ce \u00e0 une solution souple et adaptable.","og_url":"https:\/\/ratpconnect.com\/en\/our-solutions\/fibre-noire\/","og_site_name":"RATP Connect","article_modified_time":"2025-08-04T09:13:55+00:00","og_image":[{"width":476,"height":510,"url":"https:\/\/ratpconnect.com\/wp-content\/uploads\/2023\/11\/fibrenoire-ratp.webp","type":"image\/webp"}],"twitter_card":"summary_large_image","twitter_misc":{"Estimated reading time":"3 minutes"},"schema":{"@context":"https:\/\/schema.org","@graph":[{"@type":"WebPage","@id":"https:\/\/ratpconnect.com\/nos-solutions\/fibre-noire\/","url":"https:\/\/ratpconnect.com\/nos-solutions\/fibre-noire\/","name":"Fibre optique noire : solution d\u00e9di\u00e9e tr\u00e8s haut d\u00e9bit - RATP Connect","isPartOf":{"@id":"https:\/\/ratpconnect.com\/#website"},"primaryImageOfPage":{"@id":"https:\/\/ratpconnect.com\/nos-solutions\/fibre-noire\/#primaryimage"},"image":{"@id":"https:\/\/ratpconnect.com\/nos-solutions\/fibre-noire\/#primaryimage"},"thumbnailUrl":"https:\/\/ratpconnect.com\/wp-content\/uploads\/2023\/11\/fibrenoire-ratp.webp","datePublished":"2023-11-06T13:35:05+00:00","dateModified":"2025-08-04T09:13:55+00:00","description":"Optez pour la fibre optique noire : une technologie fiable et \u00e9conomique. Acc\u00e9l\u00e9rez votre transformation digitale gr\u00e2ce \u00e0 une solution souple et adaptable.","breadcrumb":{"@id":"https:\/\/ratpconnect.com\/nos-solutions\/fibre-noire\/#breadcrumb"},"inLanguage":"en-GB","potentialAction":[{"@type":"ReadAction","target":["https:\/\/ratpconnect.com\/nos-solutions\/fibre-noire\/"]}]},{"@type":"ImageObject","inLanguage":"en-GB","@id":"https:\/\/ratpconnect.com\/nos-solutions\/fibre-noire\/#primaryimage","url":"https:\/\/ratpconnect.com\/wp-content\/uploads\/2023\/11\/fibrenoire-ratp.webp","contentUrl":"https:\/\/ratpconnect.com\/wp-content\/uploads\/2023\/11\/fibrenoire-ratp.webp","width":476,"height":510},{"@type":"BreadcrumbList","@id":"https:\/\/ratpconnect.com\/nos-solutions\/fibre-noire\/#breadcrumb","itemListElement":[{"@type":"ListItem","position":1,"name":"Accueil","item":"https:\/\/ratpconnect.com\/"},{"@type":"ListItem","position":2,"name":"Nos solutions","item":"https:\/\/ratpconnect.com\/nos-solutions\/"},{"@type":"ListItem","position":3,"name":"La fibre optique noire"}]},{"@type":"WebSite","@id":"https:\/\/ratpconnect.com\/#website","url":"https:\/\/ratpconnect.com\/","name":"RATP Connect","description":"","publisher":{"@id":"https:\/\/ratpconnect.com\/#organization"},"potentialAction":[{"@type":"SearchAction","target":{"@type":"EntryPoint","urlTemplate":"https:\/\/ratpconnect.com\/?s={search_term_string}"},"query-input":{"@type":"PropertyValueSpecification","valueRequired":true,"valueName":"search_term_string"}}],"inLanguage":"en-GB"},{"@type":"Organization","@id":"https:\/\/ratpconnect.com\/#organization","name":"RATP Cap \u00cele-de-France","url":"https:\/\/ratpconnect.com\/","logo":{"@type":"ImageObject","inLanguage":"en-GB","@id":"https:\/\/ratpconnect.com\/#\/schema\/logo\/image\/","url":"https:\/\/ratpconnect.com\/wp-content\/uploads\/2024\/10\/LogosConnect.svg","contentUrl":"https:\/\/ratpconnect.com\/wp-content\/uploads\/2024\/10\/LogosConnect.svg","caption":"RATP Cap \u00cele-de-France"},"image":{"@id":"https:\/\/ratpconnect.com\/#\/schema\/logo\/image\/"}}]}},"_links":{"self":[{"href":"https:\/\/ratpconnect.com\/en\/wp-json\/wp\/v2\/pages\/1376","targetHints":{"allow":["GET"]}}],"collection":[{"href":"https:\/\/ratpconnect.com\/en\/wp-json\/wp\/v2\/pages"}],"about":[{"href":"https:\/\/ratpconnect.com\/en\/wp-json\/wp\/v2\/types\/page"}],"author":[{"embeddable":true,"href":"https:\/\/ratpconnect.com\/en\/wp-json\/wp\/v2\/users\/8"}],"replies":[{"embeddable":true,"href":"https:\/\/ratpconnect.com\/en\/wp-json\/wp\/v2\/comments?post=1376"}],"version-history":[{"count":175,"href":"https:\/\/ratpconnect.com\/en\/wp-json\/wp\/v2\/pages\/1376\/revisions"}],"predecessor-version":[{"id":7546,"href":"https:\/\/ratpconnect.com\/en\/wp-json\/wp\/v2\/pages\/1376\/revisions\/7546"}],"up":[{"embeddable":true,"href":"https:\/\/ratpconnect.com\/en\/wp-json\/wp\/v2\/pages\/2"}],"wp:featuredmedia":[{"embeddable":true,"href":"https:\/\/ratpconnect.com\/en\/wp-json\/wp\/v2\/media\/2105"}],"wp:attachment":[{"href":"https:\/\/ratpconnect.com\/en\/wp-json\/wp\/v2\/media?parent=1376"}],"curies":[{"name":"wp","href":"https:\/\/api.w.org\/{rel}","templated":true}]}}