{"id":120,"date":"2023-10-19T17:21:05","date_gmt":"2023-10-19T15:21:05","guid":{"rendered":"https:\/\/ratpconnect.com\/?page_id=120"},"modified":"2025-12-17T18:29:32","modified_gmt":"2025-12-17T16:29:32","slug":"home","status":"publish","type":"page","link":"https:\/\/ratpconnect.com\/en\/","title":{"rendered":"Page d&rsquo;accueil"},"content":{"rendered":"<div class=\"gb-container gb-container-06b7d70d hero-banner\">\n<div class=\"gb-container gb-container-49fdbc96 hero-banner__container\">\n<div class=\"gb-container gb-container-6667cc4a hero-banner__content\">\n\n<h1 class=\"wp-block-heading has-text-align-left hero-banner__title color-secondary\">RATP Connect<br><\/h1>\n\n\n\n<p class=\"hero-banner__subtitle color-base-3 fs-base\"><strong>The leading fiber optic network service provider in the Paris region for businesses and local authorities seeking to accelerate their digital transformation.<\/strong><\/p>\n\n<\/div>\n\n<div class=\"gb-container gb-container-5ceb622d hero-banner__image-container hero-banner__box-shadow--secondary\">\n\n<figure class=\"wp-block-image size-full hero-banner__figure\"><img loading=\"lazy\" decoding=\"async\" width=\"683\" height=\"434\" src=\"https:\/\/ratpconnect.com\/wp-content\/uploads\/2024\/05\/ratp-entreprises-services-numeriques.jpg\" alt=\"\" class=\"wp-image-6365\" style=\"object-fit:cover\" srcset=\"https:\/\/ratpconnect.com\/wp-content\/uploads\/2024\/05\/ratp-entreprises-services-numeriques.jpg 683w, https:\/\/ratpconnect.com\/wp-content\/uploads\/2024\/05\/ratp-entreprises-services-numeriques-300x191.jpg 300w\" sizes=\"auto, (max-width: 683px) 100vw, 683px\" \/><\/figure>\n\n<\/div>\n<\/div>\n<\/div>\n\n<div class=\"gb-container gb-container-d4a4bfd4 spacer-block spacer-block--md\" aria-hidden=\"true\"><\/div>\n\n<div class=\"gb-container gb-container-76647048 solutions__wrapper\">\n<div class=\"gb-container gb-container-2898fc33 solutions__title\">\n\n<h2 class=\"wp-block-heading\"><strong>Our solutions<\/strong><\/h2>\n\n<\/div>\n\n<section class=\"gb-container gb-container-2f9ceb27 solutions\">\n<div class=\"gb-container gb-container-5880e1f0 solutions__container\" role=\"list\">\n<div class=\"gb-container gb-container-4bcb9a08 box-shadow--rounded--terciary-2 solutions__content\" role=\"listitem\">\n<div class=\"gb-container gb-container-6e777d66 solutions__item rounded-32 bg-terciary-1\">\n\n<p class=\"solutions__item-text color-bleu-institutionnel lh-specialtitle-28\">A high-performance and tailor-made offer<\/p>\n\n\n\n<a class=\"gb-button gb-button-d2c0bf39 gb-button-text btn-link btn-link--primary\" href=\"\/en\/our-solutions\/nos-offres-fibre-optique\/\" aria-label=\"A high-performance and tailor-made offer\"><strong>Learn more<\/strong><\/a>\n\n<\/div>\n<\/div>\n\n<div class=\"gb-container gb-container-facf1f3c box-shadow--square--secondary solutions__content\" role=\"listitem\">\n<div class=\"gb-container gb-container-6b43f425 solutions__item bg-terciary-2\">\n\n<p class=\"solutions__item-text color-bleu-institutionnel lh-specialtitle-28\">Our fiber optic network and data centers<\/p>\n\n\n\n<a class=\"gb-button gb-button-9b4558fe gb-button-text btn-link btn-link--primary\" href=\"https:\/\/ratpconnect.com\/en\/our-solutions\/reseau-fibre-optique\/\" aria-label=\"Our fiber optic network and data centers\"><strong>Learn more<\/strong><\/a>\n\n<\/div>\n<\/div>\n\n<div class=\"gb-container gb-container-8a502f50 box-shadow--rounded--terciary-2 solutions__content\" role=\"listitem\">\n<div class=\"gb-container gb-container-1cf8bded solutions__item rounded-32 bg-primary\">\n\n<p class=\"solutions__item-text  color-base-3 lh-specialtitle-28 translation-block\"><strong>Dark fiber, your tailor-made ultra high-speed connections.<\/strong><\/p>\n\n\n\n<a class=\"gb-button gb-button-e7957a02 gb-button-text btn-link btn-link--secondary\" href=\"https:\/\/ratpconnect.com\/en\/our-solutions\/fibre-noire\/\" aria-label=\"Dark fiber, your tailor-made ultra high-speed connections.\"><strong>Learn more<\/strong><\/a>\n\n<\/div>\n<\/div>\n\n<div class=\"gb-container gb-container-b1070e4a box-shadow--square--terciary-1 solutions__content\">\n<div class=\"gb-container gb-container-48822069 solutions__item bg-secondary\" role=\"listitem\">\n\n<p class=\"solutions__item-text color-bleu-institutionnel lh-specialtitle-28 translation-block\">Edge Hosting,<br>sovereign, secure, and local hosting<\/p>\n\n\n\n<a class=\"gb-button gb-button-1af8f69a gb-button-text btn-link btn-link--primary\" href=\"\/en\/our-solutions\/edge-hosting-un-hebergement-souverain-securise-et-local\/\" aria-label=\"Edge Hosting, a sovereign, secure, and local hosting\"><strong>Learn more<\/strong><\/a>\n\n<\/div>\n<\/div>\n<\/div>\n<\/section>\n<\/div>\n\n<div class=\"gb-container gb-container-4a7e4c3d spacer-block spacer-block--lg\" aria-hidden=\"true\"><\/div>\n\n<section class=\"gb-container gb-container-e91368a9 grid-block solutions__wrapper bg-bleu-institutionnel-015\">\n<div class=\"gb-container gb-container-fd9ee81c grid-block__header\">\n\n<h2 class=\"wp-block-heading grid-block__title\"><strong>Our clients<\/strong><\/h2>\n\n<\/div>\n\n<div class=\"gb-container gb-container-4cc13ae0 grid-block__list\" role=\"list\">\n<div class=\"gb-container gb-container-bee0647a grid-block__item box-shadow--rounded--secondary\" role=\"listitem\">\n<div class=\"gb-container gb-container-f0016869 grid-block__content border-color-bleu-institutionnel\">\n<div class=\"gb-container gb-container-f54045cd grid-block__wrapper\">\n\n<figure class=\"wp-block-image size-full grid-block__img\"><img loading=\"lazy\" decoding=\"async\" width=\"312\" height=\"218\" src=\"https:\/\/ratpconnect.com\/wp-content\/uploads\/2023\/11\/operateurs-ratp.png\" alt=\"\" class=\"wp-image-3024\" style=\"object-fit:cover\" srcset=\"https:\/\/ratpconnect.com\/wp-content\/uploads\/2023\/11\/operateurs-ratp.png 312w, https:\/\/ratpconnect.com\/wp-content\/uploads\/2023\/11\/operateurs-ratp-300x210.png 300w\" sizes=\"auto, (max-width: 312px) 100vw, 312px\" \/><\/figure>\n\n\n\n<p class=\"grid-block__label\">Telecom operators<\/p>\n\n<\/div>\n\n\n<a class=\"gb-button gb-button-81fff457 gb-button-text btn-link btn-link--primary grid-block__button\" href=\"\/en\/nos-clients\/operateurs-telecom\/\" aria-label=\"Telecom operators\"><strong>Learn more<\/strong><\/a>\n\n<\/div>\n<\/div>\n\n<div class=\"gb-container gb-container-83301b2f grid-block__item box-shadow--rounded--terciary-1\" role=\"listitem\">\n<div class=\"gb-container gb-container-c86c8a36 grid-block__content border-color-bleu-institutionnel\">\n<div class=\"gb-container gb-container-53cb6719 grid-block__wrapper\">\n\n<figure class=\"wp-block-image size-full grid-block__img\"><img loading=\"lazy\" decoding=\"async\" width=\"312\" height=\"218\" src=\"https:\/\/ratpconnect.com\/wp-content\/uploads\/2023\/11\/entreprise-services-numeriques-ratp.webp\" alt=\"\" class=\"wp-image-2100\" srcset=\"https:\/\/ratpconnect.com\/wp-content\/uploads\/2023\/11\/entreprise-services-numeriques-ratp.webp 312w, https:\/\/ratpconnect.com\/wp-content\/uploads\/2023\/11\/entreprise-services-numeriques-ratp-300x210.webp 300w\" sizes=\"auto, (max-width: 312px) 100vw, 312px\" \/><\/figure>\n\n\n\n<p class=\"grid-block__label\">Digital service providers<\/p>\n\n<\/div>\n\n\n<a class=\"gb-button gb-button-d112c26c gb-button-text btn-link btn-link--primary grid-block__button\" href=\"\/en\/nos-clients\/entreprises-de-services-du-numerique\/\" aria-label=\"Digital service providers\"><strong>Learn more<\/strong><\/a>\n\n<\/div>\n<\/div>\n\n<div class=\"gb-container gb-container-8daf28d5 grid-block__item box-shadow--rounded--secondary\" role=\"listitem\">\n<div class=\"gb-container gb-container-3e7a48f0 grid-block__content border-color-bleu-institutionnel\">\n<div class=\"gb-container gb-container-551734c7 grid-block__wrapper\">\n\n<figure class=\"wp-block-image size-full grid-block__img\"><img loading=\"lazy\" decoding=\"async\" width=\"312\" height=\"218\" src=\"https:\/\/ratpconnect.com\/wp-content\/uploads\/2023\/11\/entreprise-ratp.webp\" alt=\"\" class=\"wp-image-2099\" srcset=\"https:\/\/ratpconnect.com\/wp-content\/uploads\/2023\/11\/entreprise-ratp.webp 312w, https:\/\/ratpconnect.com\/wp-content\/uploads\/2023\/11\/entreprise-ratp-300x210.webp 300w\" sizes=\"auto, (max-width: 312px) 100vw, 312px\" \/><\/figure>\n\n\n\n<p class=\"grid-block__label\">Private-sector businesses<\/p>\n\n<\/div>\n\n\n<a class=\"gb-button gb-button-511a40e6 gb-button-text btn-link btn-link--primary grid-block__button\" href=\"\/en\/nos-clients\/entreprises-privees\/\" aria-label=\"Private-sector businesses\"><strong>Learn more<\/strong><\/a>\n\n<\/div>\n<\/div>\n\n<div class=\"gb-container gb-container-1ec9fc79 grid-block__item box-shadow--rounded--terciary-1\" role=\"listitem\">\n<div class=\"gb-container gb-container-13d104fc grid-block__content border-color-bleu-institutionnel\">\n<div class=\"gb-container gb-container-c11319c6 grid-block__wrapper\">\n\n<figure class=\"wp-block-image size-full grid-block__img\"><img loading=\"lazy\" decoding=\"async\" width=\"312\" height=\"218\" src=\"https:\/\/ratpconnect.com\/wp-content\/uploads\/2023\/11\/collectivite-ratp.webp\" alt=\"\" class=\"wp-image-2097\" srcset=\"https:\/\/ratpconnect.com\/wp-content\/uploads\/2023\/11\/collectivite-ratp.webp 312w, https:\/\/ratpconnect.com\/wp-content\/uploads\/2023\/11\/collectivite-ratp-300x210.webp 300w\" sizes=\"auto, (max-width: 312px) 100vw, 312px\" \/><\/figure>\n\n\n\n<p class=\"grid-block__label\">Local authorities<\/p>\n\n<\/div>\n\n\n<a class=\"gb-button gb-button-8ef00262 gb-button-text btn-link btn-link--primary grid-block__button\" href=\"\/en\/nos-clients\/collectivites-locales\/\" aria-label=\"Local authorities\"><strong>Learn more<\/strong><\/a>\n\n<\/div>\n<\/div>\n\n<div class=\"gb-container gb-container-82304953 grid-block__item box-shadow--rounded--secondary\" role=\"listitem\">\n<div class=\"gb-container gb-container-e45b6bcd grid-block__content border-color-bleu-institutionnel\">\n<div class=\"gb-container gb-container-9efcc1d0 grid-block__wrapper\">\n\n<figure class=\"wp-block-image size-full grid-block__img\"><img loading=\"lazy\" decoding=\"async\" width=\"312\" height=\"218\" src=\"https:\/\/ratpconnect.com\/wp-content\/uploads\/2023\/11\/enseignement-superieur-ratp.webp\" alt=\"\" class=\"wp-image-2098\" srcset=\"https:\/\/ratpconnect.com\/wp-content\/uploads\/2023\/11\/enseignement-superieur-ratp.webp 312w, https:\/\/ratpconnect.com\/wp-content\/uploads\/2023\/11\/enseignement-superieur-ratp-300x210.webp 300w\" sizes=\"auto, (max-width: 312px) 100vw, 312px\" \/><\/figure>\n\n\n\n<p class=\"grid-block__label\">Institutes of higher learning and research<\/p>\n\n<\/div>\n\n\n<a class=\"gb-button gb-button-d65467c0 gb-button-text btn-link btn-link--primary grid-block__button\" href=\"\/en\/nos-clients\/etablissements-denseignement-superieur-et-de-recherche\/\" aria-label=\"Institutes of higher learning and research\"><strong>Learn more<\/strong><\/a>\n\n<\/div>\n<\/div>\n\n<div class=\"gb-container gb-container-a03d89f5 grid-block__item box-shadow--rounded--terciary-1\" role=\"listitem\">\n<div class=\"gb-container gb-container-bad027d4 grid-block__content border-color-bleu-institutionnel\">\n<div class=\"gb-container gb-container-5249eb4e grid-block__wrapper\">\n\n<figure class=\"wp-block-image size-full grid-block__img\"><img loading=\"lazy\" decoding=\"async\" width=\"312\" height=\"218\" src=\"https:\/\/ratpconnect.com\/wp-content\/uploads\/2023\/11\/musees-ratp.webp\" alt=\"\" class=\"wp-image-2101\" srcset=\"https:\/\/ratpconnect.com\/wp-content\/uploads\/2023\/11\/musees-ratp.webp 312w, https:\/\/ratpconnect.com\/wp-content\/uploads\/2023\/11\/musees-ratp-300x210.webp 300w\" sizes=\"auto, (max-width: 312px) 100vw, 312px\" \/><\/figure>\n\n\n\n<p class=\"grid-block__label\">Museums and cultural institutions<\/p>\n\n<\/div>\n\n\n<a class=\"gb-button gb-button-27096561 gb-button-text btn-link btn-link--primary grid-block__button\" href=\"\/en\/nos-clients\/musees-et-institutions-culturelles\/\" aria-label=\"Museums and cultural institutions\"><strong>Learn more<\/strong><\/a>\n\n<\/div>\n<\/div>\n<\/div>\n<\/section>\n\n<div class=\"gb-container gb-container-4a7e4c3d spacer-block spacer-block--lg\" aria-hidden=\"true\"><\/div>\n\n<section class=\"gb-container gb-container-fe5b150f masonery-section\">\n<div class=\"gb-container gb-container-012d9bc4 masonery-section__header\">\n\n<h2 class=\"wp-block-heading masonery-section__title\"><strong>The power and reliability of the RATP Connect network<\/strong><\/h2>\n\n<\/div>\n\n<div class=\"gb-container gb-container-033ae463 masonery-section__content\">\n<div class=\"gb-container gb-container-61302d26 masonery-section__layout\">\n<div class=\"gb-container gb-container-1262f42f masonery-section__bloc masonery-section__bloc--first bg-primary\">\n\n<h6 class=\"gb-headline gb-headline-759ee37e gb-headline-text masonery-section__bloc--first-text color-base-3\">6,000 m\u00b2<\/h6>\n\n\n\n<p class=\"has-text-align-center masonery-section__bloc--first-subtext color-base-3\"><strong>of accommodation area<\/strong><\/p>\n\n<\/div>\n\n<div class=\"gb-container gb-container-d0dfb6b6 masonery-section__blocs\">\n<div class=\"gb-container gb-container-f1643fca masonery-section__line masonery-section__line--first\">\n<div class=\"gb-container gb-container-1ea848d1 masonery-section__bloc masonery-section__bloc--second bg-terciary-1\">\n\n<p class=\"has-text-align-left masonery-section__bloc--second-text\">1200<\/p>\n\n\n\n<p class=\"has-text-align-center masonery-section__bloc--second-subtext translation-block\"><strong>locations<\/strong><\/p>\n\n<\/div>\n\n<div class=\"gb-container gb-container-cb73c298 masonery-section__bloc masonery-section__bloc--third bg-terciary-2\">\n\n<p class=\"masonery-section__bloc--third-text has-framboise-900-color has-text-color\">1<\/p>\n\n\n\n<p class=\"has-text-align-center masonery-section__bloc--third-subtext has-framboise-900-color has-text-color\"><strong>RATP Group<\/strong><\/p>\n\n<\/div>\n<\/div>\n\n<div class=\"gb-container gb-container-f86f6145 masonery-section__line masonery-section__line--second\">\n<div class=\"gb-container gb-container-3c81ffd8 masonery-section__bloc masonery-section__bloc--fourth bg-secondary\">\n\n<p class=\"masonery-section__bloc--fourth-text\">2000<\/p>\n\n\n\n<p class=\"masonery-section__bloc--fourth-subtext\">baies commerciales<\/p>\n\n<\/div>\n\n<div class=\"gb-container gb-container-aa62b5c7 masonery-section__bloc masonery-section__bloc--fifth bg-primary\">\n\n<p class=\"masonery-section__bloc--fifth-text color-base-3 has-framboise-900-color has-text-color\">300<\/p>\n\n\n\n<p class=\"masonery-section__bloc--fifth-subtext color-base-3 translation-block\">clients in France and abroad<\/p>\n\n<\/div>\n<\/div>\n<\/div>\n<\/div>\n\n<div class=\"gb-container gb-container-398ae42e masonery-section__line--third\">\n<div class=\"gb-container gb-container-94e60f95 masonery-section__bloc masonery-section__bloc--sixth bg-terciary-1\">\n\n<p class=\"masonery-section__bloc--sixth-text\">170 000 km<\/p>\n\n\n\n<p class=\"masonery-section__bloc--sixth-subtext\">of fiber optic cables<\/p>\n\n<\/div>\n\n<div class=\"gb-container gb-container-5795276f masonery-section__bloc masonery-section__bloc--seventh bg-terciary-2\">\n\n<p class=\"masonery-section__bloc--seventh-text\">2700 km<\/p>\n\n\n\n<p class=\"masonery-section__bloc--seventh-subtext translation-block\"><strong>of cables<\/strong><br><strong> running through railroad zones<\/strong><\/p>\n\n<\/div>\n<\/div>\n<\/div>\n\n<div class=\"gb-container gb-container-39877290 masonery-section__footer\">\n\n<a class=\"gb-button gb-button-8e121925 gb-button-text btn-link masonery-section__footer-button btn-link btn-link--primary\" href=\"\/en\/nos-engagements\/who-we-are\/\"><strong>About us<\/strong><\/a>\n\n<\/div>\n<\/section>\n\n<div class=\"gb-container gb-container-4a7e4c3d spacer-block spacer-block--lg\" aria-hidden=\"true\"><\/div>\n\n<section class=\"gb-container gb-container-9e27f1fe join-us border-line-full-page--join-us bg-terciary-2\">\n<div class=\"gb-container gb-container-c3e6deaf join-us__container bg-bleu-institutionnel-015\">\n<div class=\"gb-container gb-container-c1e33388 join-us__content\">\n<div class=\"gb-container gb-container-51d2522f join-us__content--left\">\n\n<h2 class=\"wp-block-heading join-us__content-title mb-0\"><strong>Contact us<\/strong><br><\/h2>\n\n\n\n<h3 class=\"wp-block-heading fs-2xl color-bleu-institutionnel\">Open up to new horizons!<\/h3>\n\n\n\n<p class=\"lh-specialtitle-30 mb-0 color-bleu-institutionnel translation-block\">The RATP Group includes over 270 highly varied business lines: transportation systems engineering, information and telecom systems, civil engineering, operation, transportation, maintenance, digital, and innovation. <strong>By opting to join the RATP Group<\/strong>, you are paving the way for a career in one of the world-leading groups in sustainable and connected urban mobility. More than just a job, it offers you the opportunity of an enriching and diverse career.<\/p>\n\n\n<div class=\"gb-container gb-container-922ef749 translation-block\"><a class=\"gb-button gb-button-efc9b9f3 gb-button-text btn-link btn-link--primary\" href=\"https:\/\/ratpconnect.com\/en\/nos-engagements\/recruitment\/\" target=\"_self\"><strong>Learn<strong> more<\/strong> <\/a><\/div>\n<\/div>\n\n<div class=\"gb-container gb-container-03b7f83f join-us__content--right\">\n<div class=\"gb-container gb-container-372b8646 join-us__content-item box-shadow--rounded--terciary-1\">\n<div class=\"gb-container gb-container-7c608611 join-us__content-text rounded-32 bg-primary\">\n\n<p class=\"color-base-3\"><strong>In 2023, the RATP Group recruited 6,600 new employees in the Paris region #RATPrecruitment<\/strong><\/p>\n\n<\/div>\n<\/div>\n<\/div>\n<\/div>\n<\/div>\n<\/section>\n\n\n<p><\/p>","protected":false},"excerpt":{"rendered":"<p>Nos solutions Une offre num\u00e9rique performante et personnalis\u00e9e Notre r\u00e9seau de fibre optique et de datacenters La fibre optique noire,vos connexions THD sur mesure Edge Hosting,un h\u00e9bergement souverain, s\u00e9curis\u00e9 et local Nos clients Op\u00e9rateurs Telecom Entreprises de services du num\u00e9rique Entreprises priv\u00e9es Collectivit\u00e9s locales \u00c9tablissements d&rsquo;enseignement sup\u00e9rieur et de recherche Mus\u00e9es et institutions culturelles La &#8230; <a title=\"Page d&rsquo;accueil\" class=\"read-more\" href=\"https:\/\/ratpconnect.com\/en\/\" aria-label=\"Read more about Page d&rsquo;accueil\">Read more<\/a><\/p>","protected":false},"author":4,"featured_media":0,"parent":0,"menu_order":0,"comment_status":"closed","ping_status":"closed","template":"","meta":{"footnotes":""},"class_list":["post-120","page","type-page","status-publish"],"yoast_head":"<!-- This site is optimized with the Yoast SEO plugin v27.5 - https:\/\/yoast.com\/product\/yoast-seo-wordpress\/ -->\n<title>RATP Connect, op\u00e9rateur d\u2019infrastructure fibre optique noire - RATP Connect<\/title>\n<meta name=\"description\" content=\"100% Franciliens, nous sommes experts de tous les modes de transport collectif : ferroviaire, tramway, bus, transport \u00e0 la demande\u2026\" \/>\n<meta name=\"robots\" content=\"index, follow, max-snippet:-1, max-image-preview:large, max-video-preview:-1\" \/>\n<link rel=\"canonical\" href=\"https:\/\/ratpconnect.com\/en\/\" \/>\n<meta property=\"og:locale\" content=\"en_GB\" \/>\n<meta property=\"og:type\" content=\"article\" \/>\n<meta property=\"og:title\" content=\"RATP Connect, op\u00e9rateur d\u2019infrastructure fibre optique noire - RATP Connect\" \/>\n<meta property=\"og:description\" content=\"100% Franciliens, nous sommes experts de tous les modes de transport collectif : ferroviaire, tramway, bus, transport \u00e0 la demande\u2026\" \/>\n<meta property=\"og:url\" content=\"https:\/\/ratpconnect.com\/en\/\" \/>\n<meta property=\"og:site_name\" content=\"RATP Connect\" \/>\n<meta property=\"article:modified_time\" content=\"2025-12-17T16:29:32+00:00\" \/>\n<meta property=\"og:image\" content=\"https:\/\/ratpconnect.com\/wp-content\/uploads\/2023\/11\/operateurs-ratp.png\" \/>\n<meta name=\"twitter:card\" content=\"summary_large_image\" \/>\n<meta name=\"twitter:label1\" content=\"Estimated reading time\" \/>\n\t<meta name=\"twitter:data1\" content=\"14 minutes\" \/>\n<script type=\"application\/ld+json\" class=\"yoast-schema-graph\">{\"@context\":\"https:\\\/\\\/schema.org\",\"@graph\":[{\"@type\":\"WebPage\",\"@id\":\"https:\\\/\\\/ratpconnect.com\\\/\",\"url\":\"https:\\\/\\\/ratpconnect.com\\\/\",\"name\":\"RATP Connect, op\u00e9rateur d\u2019infrastructure fibre optique noire - RATP Connect\",\"isPartOf\":{\"@id\":\"https:\\\/\\\/ratpconnect.com\\\/#website\"},\"primaryImageOfPage\":{\"@id\":\"https:\\\/\\\/ratpconnect.com\\\/#primaryimage\"},\"image\":{\"@id\":\"https:\\\/\\\/ratpconnect.com\\\/#primaryimage\"},\"thumbnailUrl\":\"https:\\\/\\\/ratpconnect.com\\\/wp-content\\\/uploads\\\/2023\\\/11\\\/operateurs-ratp.png\",\"datePublished\":\"2023-10-19T15:21:05+00:00\",\"dateModified\":\"2025-12-17T16:29:32+00:00\",\"description\":\"100% Franciliens, nous sommes experts de tous les modes de transport collectif : ferroviaire, tramway, bus, transport \u00e0 la demande\u2026\",\"breadcrumb\":{\"@id\":\"https:\\\/\\\/ratpconnect.com\\\/#breadcrumb\"},\"inLanguage\":\"en-GB\",\"potentialAction\":[{\"@type\":\"ReadAction\",\"target\":[\"https:\\\/\\\/ratpconnect.com\\\/\"]}]},{\"@type\":\"ImageObject\",\"inLanguage\":\"en-GB\",\"@id\":\"https:\\\/\\\/ratpconnect.com\\\/#primaryimage\",\"url\":\"https:\\\/\\\/ratpconnect.com\\\/wp-content\\\/uploads\\\/2023\\\/11\\\/operateurs-ratp.png\",\"contentUrl\":\"https:\\\/\\\/ratpconnect.com\\\/wp-content\\\/uploads\\\/2023\\\/11\\\/operateurs-ratp.png\"},{\"@type\":\"BreadcrumbList\",\"@id\":\"https:\\\/\\\/ratpconnect.com\\\/#breadcrumb\",\"itemListElement\":[{\"@type\":\"ListItem\",\"position\":1,\"name\":\"Accueil\",\"item\":\"https:\\\/\\\/ratpconnect.com\\\/\"},{\"@type\":\"ListItem\",\"position\":2,\"name\":\"Page d&rsquo;accueil\"}]},{\"@type\":\"WebSite\",\"@id\":\"https:\\\/\\\/ratpconnect.com\\\/#website\",\"url\":\"https:\\\/\\\/ratpconnect.com\\\/\",\"name\":\"RATP Connect\",\"description\":\"\",\"publisher\":{\"@id\":\"https:\\\/\\\/ratpconnect.com\\\/#organization\"},\"potentialAction\":[{\"@type\":\"SearchAction\",\"target\":{\"@type\":\"EntryPoint\",\"urlTemplate\":\"https:\\\/\\\/ratpconnect.com\\\/?s={search_term_string}\"},\"query-input\":{\"@type\":\"PropertyValueSpecification\",\"valueRequired\":true,\"valueName\":\"search_term_string\"}}],\"inLanguage\":\"en-GB\"},{\"@type\":\"Organization\",\"@id\":\"https:\\\/\\\/ratpconnect.com\\\/#organization\",\"name\":\"RATP Cap \u00cele-de-France\",\"url\":\"https:\\\/\\\/ratpconnect.com\\\/\",\"logo\":{\"@type\":\"ImageObject\",\"inLanguage\":\"en-GB\",\"@id\":\"https:\\\/\\\/ratpconnect.com\\\/#\\\/schema\\\/logo\\\/image\\\/\",\"url\":\"https:\\\/\\\/ratpconnect.com\\\/wp-content\\\/uploads\\\/2024\\\/10\\\/LogosConnect.svg\",\"contentUrl\":\"https:\\\/\\\/ratpconnect.com\\\/wp-content\\\/uploads\\\/2024\\\/10\\\/LogosConnect.svg\",\"caption\":\"RATP Cap \u00cele-de-France\"},\"image\":{\"@id\":\"https:\\\/\\\/ratpconnect.com\\\/#\\\/schema\\\/logo\\\/image\\\/\"}}]}<\/script>\n<!-- \/ Yoast SEO plugin. -->","yoast_head_json":{"title":"RATP Connect, flack optic fiber infrastructure provider - RATP Connect","description":"100% based in the Paris region, we are experts in all modes of public transit: rail, tram, bus, transportation-on-demand\u2026","robots":{"index":"index","follow":"follow","max-snippet":"max-snippet:-1","max-image-preview":"max-image-preview:large","max-video-preview":"max-video-preview:-1"},"canonical":"https:\/\/ratpconnect.com\/en\/","og_locale":"en_GB","og_type":"article","og_title":"RATP Connect, op\u00e9rateur d\u2019infrastructure fibre optique noire - RATP Connect","og_description":"100% Franciliens, nous sommes experts de tous les modes de transport collectif : ferroviaire, tramway, bus, transport \u00e0 la demande\u2026","og_url":"https:\/\/ratpconnect.com\/en\/","og_site_name":"RATP Connect","article_modified_time":"2025-12-17T16:29:32+00:00","og_image":[{"url":"https:\/\/ratpconnect.com\/wp-content\/uploads\/2023\/11\/operateurs-ratp.png","type":"","width":"","height":""}],"twitter_card":"summary_large_image","twitter_misc":{"Estimated reading time":"14 minutes"},"schema":{"@context":"https:\/\/schema.org","@graph":[{"@type":"WebPage","@id":"https:\/\/ratpconnect.com\/","url":"https:\/\/ratpconnect.com\/","name":"RATP Connect, flack optic fiber infrastructure provider - RATP Connect","isPartOf":{"@id":"https:\/\/ratpconnect.com\/#website"},"primaryImageOfPage":{"@id":"https:\/\/ratpconnect.com\/#primaryimage"},"image":{"@id":"https:\/\/ratpconnect.com\/#primaryimage"},"thumbnailUrl":"https:\/\/ratpconnect.com\/wp-content\/uploads\/2023\/11\/operateurs-ratp.png","datePublished":"2023-10-19T15:21:05+00:00","dateModified":"2025-12-17T16:29:32+00:00","description":"100% based in the Paris region, we are experts in all modes of public transit: rail, tram, bus, transportation-on-demand\u2026","breadcrumb":{"@id":"https:\/\/ratpconnect.com\/#breadcrumb"},"inLanguage":"en-GB","potentialAction":[{"@type":"ReadAction","target":["https:\/\/ratpconnect.com\/"]}]},{"@type":"ImageObject","inLanguage":"en-GB","@id":"https:\/\/ratpconnect.com\/#primaryimage","url":"https:\/\/ratpconnect.com\/wp-content\/uploads\/2023\/11\/operateurs-ratp.png","contentUrl":"https:\/\/ratpconnect.com\/wp-content\/uploads\/2023\/11\/operateurs-ratp.png"},{"@type":"BreadcrumbList","@id":"https:\/\/ratpconnect.com\/#breadcrumb","itemListElement":[{"@type":"ListItem","position":1,"name":"Accueil","item":"https:\/\/ratpconnect.com\/"},{"@type":"ListItem","position":2,"name":"Page d&rsquo;accueil"}]},{"@type":"WebSite","@id":"https:\/\/ratpconnect.com\/#website","url":"https:\/\/ratpconnect.com\/","name":"RATP Connect","description":"","publisher":{"@id":"https:\/\/ratpconnect.com\/#organization"},"potentialAction":[{"@type":"SearchAction","target":{"@type":"EntryPoint","urlTemplate":"https:\/\/ratpconnect.com\/?s={search_term_string}"},"query-input":{"@type":"PropertyValueSpecification","valueRequired":true,"valueName":"search_term_string"}}],"inLanguage":"en-GB"},{"@type":"Organization","@id":"https:\/\/ratpconnect.com\/#organization","name":"RATP Cap \u00cele-de-France","url":"https:\/\/ratpconnect.com\/","logo":{"@type":"ImageObject","inLanguage":"en-GB","@id":"https:\/\/ratpconnect.com\/#\/schema\/logo\/image\/","url":"https:\/\/ratpconnect.com\/wp-content\/uploads\/2024\/10\/LogosConnect.svg","contentUrl":"https:\/\/ratpconnect.com\/wp-content\/uploads\/2024\/10\/LogosConnect.svg","caption":"RATP Cap \u00cele-de-France"},"image":{"@id":"https:\/\/ratpconnect.com\/#\/schema\/logo\/image\/"}}]}},"_links":{"self":[{"href":"https:\/\/ratpconnect.com\/en\/wp-json\/wp\/v2\/pages\/120","targetHints":{"allow":["GET"]}}],"collection":[{"href":"https:\/\/ratpconnect.com\/en\/wp-json\/wp\/v2\/pages"}],"about":[{"href":"https:\/\/ratpconnect.com\/en\/wp-json\/wp\/v2\/types\/page"}],"author":[{"embeddable":true,"href":"https:\/\/ratpconnect.com\/en\/wp-json\/wp\/v2\/users\/4"}],"replies":[{"embeddable":true,"href":"https:\/\/ratpconnect.com\/en\/wp-json\/wp\/v2\/comments?post=120"}],"version-history":[{"count":154,"href":"https:\/\/ratpconnect.com\/en\/wp-json\/wp\/v2\/pages\/120\/revisions"}],"predecessor-version":[{"id":7766,"href":"https:\/\/ratpconnect.com\/en\/wp-json\/wp\/v2\/pages\/120\/revisions\/7766"}],"wp:attachment":[{"href":"https:\/\/ratpconnect.com\/en\/wp-json\/wp\/v2\/media?parent=120"}],"curies":[{"name":"wp","href":"https:\/\/api.w.org\/{rel}","templated":true}]}}